{"id":4400,"date":"2021-10-12T15:51:09","date_gmt":"2021-10-12T15:51:09","guid":{"rendered":"http:\/\/dummy.xtemos.com\/woodmart2\/elementor\/?page_id=4400"},"modified":"2025-05-25T08:10:33","modified_gmt":"2025-05-25T08:10:33","slug":"a-propos","status":"publish","type":"page","link":"https:\/\/sarlaujardin.com\/en\/a-propos\/","title":{"rendered":"A propos"},"content":{"rendered":"<div data-elementor-type=\"wp-page\" data-elementor-id=\"4400\" class=\"elementor elementor-4400\" data-elementor-post-type=\"page\">\n\t\t\t\t\t\t<section class=\"wd-negative-gap elementor-section elementor-top-section elementor-element elementor-element-21344b1b elementor-section-height-min-height elementor-section-content-middle wd-section-stretch elementor-section-boxed elementor-section-height-default elementor-section-items-middle\" data-id=\"21344b1b\" data-element_type=\"section\" data-e-type=\"section\" data-settings=\"{&quot;background_background&quot;:&quot;classic&quot;}\">\n\t\t\t\t\t\t<div class=\"elementor-container elementor-column-gap-default\">\n\t\t\t\t\t<div class=\"elementor-column elementor-col-100 elementor-top-column elementor-element elementor-element-3586280f\" data-id=\"3586280f\" data-element_type=\"column\" data-e-type=\"column\">\n\t\t\t<div class=\"elementor-widget-wrap elementor-element-populated\">\n\t\t\t\t\t\t<div class=\"elementor-element elementor-element-267509ba wd-width-100 elementor-widget elementor-widget-wd_title\" data-id=\"267509ba\" data-element_type=\"widget\" data-e-type=\"widget\" data-widget_type=\"wd_title.default\">\n\t\t\t\t<div class=\"elementor-widget-container\">\n\t\t\t\t\t\t\t<div class=\"title-wrapper wd-set-mb reset-last-child wd-title-color-white wd-title-style-default wd-title-size-default text-center\">\n\n\t\t\t\n\t\t\t<div class=\"liner-continer\">\n\t\t\t\t<h4 class=\"woodmart-title-container title wd-fontsize-l\"> <strong>A PROPOS<\/strong><\/h4> \n\t\t\t\t\t\t\t<\/div>\n\n\t\t\t\t\t<\/div>\n\t\t\t\t\t\t<\/div>\n\t\t\t\t<\/div>\n\t\t\t\t\t<\/div>\n\t\t<\/div>\n\t\t\t\t\t<\/div>\n\t\t<\/section>\n\t\t<div class=\"wd-negative-gap elementor-element elementor-element-7c7c544 e-flex e-con-boxed e-con e-parent\" data-id=\"7c7c544\" data-element_type=\"container\" data-e-type=\"container\">\n\t\t\t\t\t<div class=\"e-con-inner\">\n\t\t<div class=\"elementor-element elementor-element-e7cb5cd e-con-full e-flex e-con e-child\" data-id=\"e7cb5cd\" data-element_type=\"container\" data-e-type=\"container\">\n\t\t\t\t<div class=\"elementor-element elementor-element-56aec39 elementor-widget elementor-widget-wd_image_or_svg\" data-id=\"56aec39\" data-element_type=\"widget\" data-e-type=\"widget\" data-widget_type=\"wd_image_or_svg.default\">\n\t\t\t\t<div class=\"elementor-widget-container\">\n\t\t\t\t\t\n\t\t<div class=\"wd-image text-left\">\n\t\t\t\t\t\t\t\t<img fetchpriority=\"high\" decoding=\"async\" width=\"1536\" height=\"1024\" src=\"https:\/\/sarlaujardin.com\/wp-content\/uploads\/2025\/05\/freepik__a-large-physical-store-or-big-retail-store-showcas__78842.jpeg\" class=\"attachment-full size-full\" alt=\"\" srcset=\"https:\/\/sarlaujardin.com\/wp-content\/uploads\/2025\/05\/freepik__a-large-physical-store-or-big-retail-store-showcas__78842.jpeg 1536w, https:\/\/sarlaujardin.com\/wp-content\/uploads\/2025\/05\/freepik__a-large-physical-store-or-big-retail-store-showcas__78842-400x267.jpeg 400w, https:\/\/sarlaujardin.com\/wp-content\/uploads\/2025\/05\/freepik__a-large-physical-store-or-big-retail-store-showcas__78842-1200x800.jpeg 1200w, https:\/\/sarlaujardin.com\/wp-content\/uploads\/2025\/05\/freepik__a-large-physical-store-or-big-retail-store-showcas__78842-768x512.jpeg 768w, https:\/\/sarlaujardin.com\/wp-content\/uploads\/2025\/05\/freepik__a-large-physical-store-or-big-retail-store-showcas__78842-18x12.jpeg 18w, https:\/\/sarlaujardin.com\/wp-content\/uploads\/2025\/05\/freepik__a-large-physical-store-or-big-retail-store-showcas__78842-430x287.jpeg 430w, https:\/\/sarlaujardin.com\/wp-content\/uploads\/2025\/05\/freepik__a-large-physical-store-or-big-retail-store-showcas__78842-700x467.jpeg 700w, https:\/\/sarlaujardin.com\/wp-content\/uploads\/2025\/05\/freepik__a-large-physical-store-or-big-retail-store-showcas__78842-150x100.jpeg 150w, https:\/\/sarlaujardin.com\/wp-content\/uploads\/2025\/05\/freepik__a-large-physical-store-or-big-retail-store-showcas__78842-600x400.jpeg 600w\" sizes=\"(max-width: 1536px) 100vw, 1536px\" \/>\t\t\t\t\t<\/div>\n\n\t\t\t\t\t\t<\/div>\n\t\t\t\t<\/div>\n\t\t\t\t<\/div>\n\t\t<div class=\"elementor-element elementor-element-97d6084 e-con-full e-flex e-con e-child\" data-id=\"97d6084\" data-element_type=\"container\" data-e-type=\"container\">\n\t\t\t\t<div class=\"elementor-element elementor-element-98d830b wd-width-100 elementor-widget elementor-widget-wd_title\" data-id=\"98d830b\" data-element_type=\"widget\" data-e-type=\"widget\" data-widget_type=\"wd_title.default\">\n\t\t\t\t<div class=\"elementor-widget-container\">\n\t\t\t\t\t\t\t<div class=\"title-wrapper wd-set-mb reset-last-child wd-title-color-primary wd-title-style-default wd-title-size-large text-left\">\n\n\t\t\t\n\t\t\t<div class=\"liner-continer\">\n\t\t\t\t<h4 class=\"woodmart-title-container title wd-fontsize-xxl\">Notre Histoire<\/h4> \n\t\t\t\t\t\t\t<\/div>\n\n\t\t\t\t\t<\/div>\n\t\t\t\t\t\t<\/div>\n\t\t\t\t<\/div>\n\t\t\t\t<div class=\"elementor-element elementor-element-66e47ad elementor-widget elementor-widget-wd_text_block\" data-id=\"66e47ad\" data-element_type=\"widget\" data-e-type=\"widget\" data-widget_type=\"wd_text_block.default\">\n\t\t\t\t<div class=\"elementor-widget-container\">\n\t\t\t\t\t\t\t<div class=\"wd-text-block reset-last-child text-left\">\n\t\t\t\n\t\t\t<p>Cr\u00e9\u00e9e le <strong>1er janvier 1994<\/strong>, la <strong>SARL Au Jardin<\/strong> est le fruit d\u2019une passion pour l\u2019entretien des espaces verts et de la volont\u00e9 d\u2019offrir aux particuliers comme aux professionnels des \u00e9quipements fiables et performants. D\u00e8s ses d\u00e9buts, l\u2019entreprise s\u2019est sp\u00e9cialis\u00e9e dans la distribution de mat\u00e9riel de motoculture de qualit\u00e9 : tondeuses thermiques, autoport\u00e9es, robots de tonte et d\u00e9broussailleuses.<\/p><p>Fond\u00e9 par des passionn\u00e9s de jardinage et de m\u00e9canique, notre site a vu le jour avec un objectif clair : rendre accessible \u00e0 tous les \u00e9quipements n\u00e9cessaires pour entretenir facilement jardins, terrains et espaces ext\u00e9rieurs. Face \u00e0 une demande croissante en mat\u00e9riel de motoculture et \u00e0 une offre en ligne souvent peu lisible ou incompl\u00e8te, nous avons con\u00e7u une plateforme pens\u00e9e pour r\u00e9pondre aux attentes aussi bien des particuliers que des professionnels.<\/p><p>Au fil du temps, <strong>SARL Au Jardin<\/strong> a su \u00e9voluer en int\u00e9grant les derni\u00e8res innovations technologiques, proposant des \u00e9quipements toujours plus performants et adapt\u00e9s aux besoins des utilisateurs. Port\u00e9e par une exigence constante de qualit\u00e9 et un service client de proximit\u00e9, l\u2019entreprise s\u2019est impos\u00e9e comme une r\u00e9f\u00e9rence incontournable dans le domaine de la motoculture.<\/p><p><!--EndFragment --><\/p><p><!--EndFragment --><\/p>\n\t\t\t\t\t<\/div>\n\t\t\t\t\t\t<\/div>\n\t\t\t\t<\/div>\n\t\t\t\t<\/div>\n\t\t\t\t\t<\/div>\n\t\t\t\t<\/div>\n\t\t<div class=\"wd-negative-gap elementor-element elementor-element-1c90c3f wd-section-stretch e-flex e-con-boxed e-con e-parent\" data-id=\"1c90c3f\" data-element_type=\"container\" data-e-type=\"container\" data-settings=\"{&quot;background_background&quot;:&quot;classic&quot;}\">\n\t\t\t\t\t<div class=\"e-con-inner\">\n\t\t\t\t<div class=\"elementor-element elementor-element-9c05225 elementor-widget__width-initial elementor-widget elementor-widget-wd_infobox\" data-id=\"9c05225\" data-element_type=\"widget\" data-e-type=\"widget\" data-widget_type=\"wd_infobox.default\">\n\t\t\t\t<div class=\"elementor-widget-container\">\n\t\t\t\t\t\t\t<div class=\"info-box-wrapper\">\n\t\t\t<div class=\"wd-info-box text-left box-icon-align-top box-style-base color-scheme-\">\n\t\t\t\t\n\t\t\t\t<div class=\"info-box-content\">\n\t\t\t\t\t\t\t\t\t\t\t\n\t\t\t\t\t\t<div class=\"info-box-subtitle subtitle-style-background wd-fontsize-xs\"\n\t\t\t\t\t\t\t  data-elementor-setting-key=\"subtitle\">\n\t\t\t\t\t\t\tCE QUI NOUS ANIME AU COEUR DE SARL AUJARDIN\t\t\t\t\t\t<\/div>\n\t\t\t\t\t\n\t\t\t\t\t\t\t\t\t\t\t<h4\t\t\t\t\t\tclass=\"info-box-title title box-title-style-default wd-fontsize-m\" data-elementor-setting-key=\"title\">\n\t\t\t\t\t\t\t\tNotre mission\t\t\t\t\t\t<\/h4>\n\t\t\t\t\t\n\t\t\t\t\t<div class=\"info-box-inner reset-last-child\"data-elementor-setting-key=\"content\"><p>Depuis <strong>1994<\/strong>, <strong>SARL Au Jardin<\/strong> s\u2019est engag\u00e9e \u00e0 offrir aux particuliers comme aux professionnels des \u00e9quipements de qualit\u00e9 pour l\u2019entretien des espaces verts. Convaincus que chaque jardin m\u00e9rite ce qu\u2019il y a de mieux, nous s\u00e9lectionnons des tondeuses \u00e0 gazon innovantes et performantes, pens\u00e9es pour r\u00e9pondre \u00e0 tous les besoins.<\/p>\n<p>Mais notre r\u00f4le ne s\u2019arr\u00eate pas \u00e0 la vente : nous accompagnons nos clients dans leurs choix, leur apportons des conseils personnalis\u00e9s, et assurons un service apr\u00e8s-vente fiable et r\u00e9actif. Notre priorit\u00e9 est de rendre le jardinage plus simple, plus agr\u00e9able, et durable gr\u00e2ce \u00e0 des solutions sur-mesure.<\/p>\n<p>Vous recherchez une tondeuse thermique, une autoport\u00e9e, un robot de tonte ou une d\u00e9broussailleuse, mais ne savez pas par o\u00f9 commencer ? Notre \u00e9quipe est \u00e0 votre \u00e9coute pour vous guider avec professionnalisme et r\u00e9activit\u00e9.<\/p>\n<p>Contactez-nous :<br \/><strong>Email : info@sarlaujardin.com<\/strong><br \/><strong>T\u00e9l\u00e9phone : +33 7 57 75 52 67<\/strong><\/p>\n<p>Sur <a href=\"https:\/\/sarlaujardin.com\/en\/\"><strong>sarlaujardin.com<\/strong><\/a>, votre satisfaction est notre priorit\u00e9<\/p>\n<p><!--EndFragment --><\/p>\n<\/div>\n\n\t\t\t\t\t\t\t\t\t<\/div>\n\n\t\t\t\t\t\t\t\t\t<a href=\"#\" class=\"wd-info-box-link wd-fill\" aria-label=\"Infobox link\"><\/a>\n\t\t\t\t\t\t\t<\/div>\n\t\t<\/div>\n\t\t\t\t\t\t<\/div>\n\t\t\t\t<\/div>\n\t\t\t\t<div class=\"elementor-element elementor-element-ec30bde elementor-widget__width-initial elementor-widget elementor-widget-wd_infobox\" data-id=\"ec30bde\" data-element_type=\"widget\" data-e-type=\"widget\" data-widget_type=\"wd_infobox.default\">\n\t\t\t\t<div class=\"elementor-widget-container\">\n\t\t\t\t\t\t\t<div class=\"info-box-wrapper\">\n\t\t\t<div class=\"wd-info-box text-left box-icon-align-top box-style-base color-scheme-\">\n\t\t\t\t\n\t\t\t\t<div class=\"info-box-content\">\n\t\t\t\t\t\n\t\t\t\t\t\t\t\t\t\t\t<h4\t\t\t\t\t\tclass=\"info-box-title title box-title-style-default wd-fontsize-m\" data-elementor-setting-key=\"title\">\n\t\t\t\t\t\t\t\tNos valeurs\t\t\t\t\t\t<\/h4>\n\t\t\t\t\t\n\t\t\t\t\t<div class=\"info-box-inner reset-last-child\"data-elementor-setting-key=\"content\"><p>\ud83c\udf3f <strong>Qualit\u00e9 et fiabilit\u00e9<\/strong><br \/>Nous s\u00e9lectionnons soigneusement nos \u00e9quipements pour garantir des performances optimales et une longue dur\u00e9e de vie. Chaque produit que nous proposons r\u00e9pond \u00e0 des exigences \u00e9lev\u00e9es en mati\u00e8re d\u2019efficacit\u00e9 et de durabilit\u00e9.<\/p>\n<p>\ud83c\udf31 <strong>Expertise et accompagnement<\/strong><br \/>Avec plus de 30 ans d\u2019exp\u00e9rience, nous nous sommes forg\u00e9 une solide r\u00e9putation dans le domaine des \u00e9quipements pour espaces verts. Nous mettons notre savoir-faire \u00e0 la disposition de nos clients afin de leur offrir des conseils pertinents et adapt\u00e9s \u00e0 leurs besoins.<\/p>\n<p>\ud83d\udd27 <strong>Engagement envers nos clients<\/strong><br \/>Notre priorit\u00e9 est la satisfaction de ceux qui nous font confiance. Nous veillons \u00e0 proposer un service personnalis\u00e9, une assistance r\u00e9active et un accompagnement sur mesure pour garantir une exp\u00e9rience optimale.<\/p>\n<p>\ud83c\udf0d <strong>Respect de l\u2019environnement<\/strong><br \/>Conscients de l\u2019impact de l\u2019entretien des jardins sur la plan\u00e8te, nous privil\u00e9gions des \u00e9quipements plus \u00e9conomes et des pratiques respectueuses de l\u2019environnement, contribuant \u00e0 un avenir plus vert et responsable.<\/p>\n<p><!--EndFragment --><\/p>\n<p><!--EndFragment --><\/p>\n<\/div>\n\n\t\t\t\t\t\t\t\t\t<\/div>\n\n\t\t\t\t\t\t\t\t\t<a href=\"#\" class=\"wd-info-box-link wd-fill\" aria-label=\"Infobox link\"><\/a>\n\t\t\t\t\t\t\t<\/div>\n\t\t<\/div>\n\t\t\t\t\t\t<\/div>\n\t\t\t\t<\/div>\n\t\t\t\t\t<\/div>\n\t\t\t\t<\/div>\n\t\t<div class=\"wd-negative-gap elementor-element elementor-element-0aaf669 wd-section-stretch e-flex e-con-boxed e-con e-parent\" data-id=\"0aaf669\" data-element_type=\"container\" data-e-type=\"container\" data-settings=\"{&quot;background_background&quot;:&quot;classic&quot;}\">\n\t\t\t\t\t<div class=\"e-con-inner\">\n\t\t<div class=\"elementor-element elementor-element-49529c7 color-scheme-light e-con-full e-flex e-con e-child\" data-id=\"49529c7\" data-element_type=\"container\" data-e-type=\"container\">\n\t\t\t\t<div class=\"elementor-element elementor-element-95c7bfa wd-width-100 elementor-widget elementor-widget-wd_title\" data-id=\"95c7bfa\" data-element_type=\"widget\" data-e-type=\"widget\" data-widget_type=\"wd_title.default\">\n\t\t\t\t<div class=\"elementor-widget-container\">\n\t\t\t\t\t\t\t<div class=\"title-wrapper wd-set-mb reset-last-child wd-title-color-primary wd-title-style-default wd-title-size-large text-left\">\n\n\t\t\t\n\t\t\t<div class=\"liner-continer\">\n\t\t\t\t<h4 class=\"woodmart-title-container title wd-fontsize-xxl\">Quelques stats de notre entreprise<\/h4> \n\t\t\t\t\t\t\t<\/div>\n\n\t\t\t\t\t<\/div>\n\t\t\t\t\t\t<\/div>\n\t\t\t\t<\/div>\n\t\t\t\t<div class=\"elementor-element elementor-element-d714b41 elementor-widget elementor-widget-wd_button\" data-id=\"d714b41\" data-element_type=\"widget\" data-e-type=\"widget\" data-widget_type=\"wd_button.default\">\n\t\t\t\t<div class=\"elementor-widget-container\">\n\t\t\t\t\t\t\t<div class=\"wd-button-wrapper text-left\" >\n\t\t\t<a class=\"btn btn-style-link btn-shape- btn-size-default btn-color-white btn-icon-pos-right\"  href=\"#\">\n\t\t\t\t<span class=\"wd-btn-text\" data-elementor-setting-key=\"text\">\n\t\t\t\t\tNOUS LE FAISONS POUR VOUS AVEC AMOUR\t\t\t\t<\/span>\n\n\t\t\t\t\t\t\t<\/a>\n\t\t<\/div>\n\t\t\t\t\t\t<\/div>\n\t\t\t\t<\/div>\n\t\t\t\t<\/div>\n\t\t<div class=\"elementor-element elementor-element-112f98a e-con-full e-flex e-con e-child\" data-id=\"112f98a\" data-element_type=\"container\" data-e-type=\"container\">\n\t\t<div class=\"elementor-element elementor-element-48c7dd1 e-con-full e-flex e-con e-child\" data-id=\"48c7dd1\" data-element_type=\"container\" data-e-type=\"container\">\n\t\t<div class=\"elementor-element elementor-element-54eb2d3 e-con-full e-flex e-con e-child\" data-id=\"54eb2d3\" data-element_type=\"container\" data-e-type=\"container\">\n\t\t\t\t<div class=\"elementor-element elementor-element-14ff076 elementor-widget elementor-widget-wd_counter\" data-id=\"14ff076\" data-element_type=\"widget\" data-e-type=\"widget\" data-widget_type=\"wd_counter.default\">\n\t\t\t\t<div class=\"elementor-widget-container\">\n\t\t\t\t\t\t\t<div class=\"woodmart-counter counter-large text-center color-scheme-light\">\n\t\t\t<div class=\"counter-value\" data-state=\"new\" data-final=\"1994\">\n\t\t\t\t0\t\t\t<\/div>\n\n\t\t\t\t\t\t\t<div class=\"counter-label\">\n\t\t\t\t\tANN\u00c9E DE FONDATION\t\t\t\t<\/div>\n\t\t\t\t\t<\/div>\n\t\t\t\t\t\t<\/div>\n\t\t\t\t<\/div>\n\t\t\t\t<\/div>\n\t\t<div class=\"elementor-element elementor-element-668ca24 e-con-full e-flex e-con e-child\" data-id=\"668ca24\" data-element_type=\"container\" data-e-type=\"container\">\n\t\t\t\t<div class=\"elementor-element elementor-element-da35035 elementor-widget elementor-widget-wd_counter\" data-id=\"da35035\" data-element_type=\"widget\" data-e-type=\"widget\" data-widget_type=\"wd_counter.default\">\n\t\t\t\t<div class=\"elementor-widget-container\">\n\t\t\t\t\t\t\t<div class=\"woodmart-counter counter-large text-center color-scheme-light\">\n\t\t\t<div class=\"counter-value\" data-state=\"new\" data-final=\"2000\">\n\t\t\t\t0\t\t\t<\/div>\n\n\t\t\t\t\t\t\t<div class=\"counter-label\">\n\t\t\t\t\tCLIENTS HEUREUX\t\t\t\t<\/div>\n\t\t\t\t\t<\/div>\n\t\t\t\t\t\t<\/div>\n\t\t\t\t<\/div>\n\t\t\t\t<\/div>\n\t\t\t\t<\/div>\n\t\t<div class=\"elementor-element elementor-element-6b5c35a e-con-full e-flex e-con e-child\" data-id=\"6b5c35a\" data-element_type=\"container\" data-e-type=\"container\">\n\t\t<div class=\"elementor-element elementor-element-214e692 e-con-full e-flex e-con e-child\" data-id=\"214e692\" data-element_type=\"container\" data-e-type=\"container\">\n\t\t\t\t<div class=\"elementor-element elementor-element-168ddab elementor-widget elementor-widget-wd_counter\" data-id=\"168ddab\" data-element_type=\"widget\" data-e-type=\"widget\" data-widget_type=\"wd_counter.default\">\n\t\t\t\t<div class=\"elementor-widget-container\">\n\t\t\t\t\t\t\t<div class=\"woodmart-counter counter-large text-center color-scheme-light\">\n\t\t\t<div class=\"counter-value\" data-state=\"new\" data-final=\"190\">\n\t\t\t\t0\t\t\t<\/div>\n\n\t\t\t\t\t\t\t<div class=\"counter-label\">\n\t\t\t\t\tENTREPRISE QUI TRAVAIL AVEC NOUS\t\t\t\t<\/div>\n\t\t\t\t\t<\/div>\n\t\t\t\t\t\t<\/div>\n\t\t\t\t<\/div>\n\t\t\t\t<\/div>\n\t\t\t\t<\/div>\n\t\t\t\t<\/div>\n\t\t\t\t\t<\/div>\n\t\t\t\t<\/div>\n\t\t<div class=\"wd-negative-gap elementor-element elementor-element-7a408ab e-flex e-con-boxed e-con e-parent\" data-id=\"7a408ab\" data-element_type=\"container\" data-e-type=\"container\">\n\t\t\t\t\t<div class=\"e-con-inner\">\n\t\t<div class=\"elementor-element elementor-element-36f1a8f e-con-full e-flex e-con e-child\" data-id=\"36f1a8f\" data-element_type=\"container\" data-e-type=\"container\">\n\t\t\t\t<div class=\"elementor-element elementor-element-32e8b2f elementor-widget elementor-widget-wd_image_or_svg\" data-id=\"32e8b2f\" data-element_type=\"widget\" data-e-type=\"widget\" data-widget_type=\"wd_image_or_svg.default\">\n\t\t\t\t<div class=\"elementor-widget-container\">\n\t\t\t\t\t\n\t\t<div class=\"wd-image text-left\">\n\t\t\t\t\t\t\t\t<img decoding=\"async\" width=\"826\" height=\"826\" src=\"https:\/\/sarlaujardin.com\/wp-content\/uploads\/2025\/05\/close-up-green-grass_1048944-21243510.jpg\" class=\"attachment-full size-full\" alt=\"\" srcset=\"https:\/\/sarlaujardin.com\/wp-content\/uploads\/2025\/05\/close-up-green-grass_1048944-21243510.jpg 826w, https:\/\/sarlaujardin.com\/wp-content\/uploads\/2025\/05\/close-up-green-grass_1048944-21243510-300x300.jpg 300w, https:\/\/sarlaujardin.com\/wp-content\/uploads\/2025\/05\/close-up-green-grass_1048944-21243510-800x800.jpg 800w, https:\/\/sarlaujardin.com\/wp-content\/uploads\/2025\/05\/close-up-green-grass_1048944-21243510-150x150.jpg 150w, https:\/\/sarlaujardin.com\/wp-content\/uploads\/2025\/05\/close-up-green-grass_1048944-21243510-768x768.jpg 768w, https:\/\/sarlaujardin.com\/wp-content\/uploads\/2025\/05\/close-up-green-grass_1048944-21243510-12x12.jpg 12w, https:\/\/sarlaujardin.com\/wp-content\/uploads\/2025\/05\/close-up-green-grass_1048944-21243510-430x430.jpg 430w, https:\/\/sarlaujardin.com\/wp-content\/uploads\/2025\/05\/close-up-green-grass_1048944-21243510-700x700.jpg 700w, https:\/\/sarlaujardin.com\/wp-content\/uploads\/2025\/05\/close-up-green-grass_1048944-21243510-450x450.jpg 450w, https:\/\/sarlaujardin.com\/wp-content\/uploads\/2025\/05\/close-up-green-grass_1048944-21243510-100x100.jpg 100w\" sizes=\"(max-width: 826px) 100vw, 826px\" \/>\t\t\t\t\t<\/div>\n\n\t\t\t\t\t\t<\/div>\n\t\t\t\t<\/div>\n\t\t\t\t<\/div>\n\t\t<div class=\"elementor-element elementor-element-b2dc376 e-con-full e-flex e-con e-child\" data-id=\"b2dc376\" data-element_type=\"container\" data-e-type=\"container\">\n\t\t\t\t<div class=\"elementor-element elementor-element-18de333 wd-width-100 elementor-widget elementor-widget-wd_title\" data-id=\"18de333\" data-element_type=\"widget\" data-e-type=\"widget\" data-widget_type=\"wd_title.default\">\n\t\t\t\t<div class=\"elementor-widget-container\">\n\t\t\t\t\t\t\t<div class=\"title-wrapper wd-set-mb reset-last-child wd-title-color-primary wd-title-style-default wd-title-size-large text-left\">\n\n\t\t\t\n\t\t\t<div class=\"liner-continer\">\n\t\t\t\t<h4 class=\"woodmart-title-container title wd-fontsize-xxl\">Une \u00e9volution port\u00e9e par l\u2019expertise<\/h4> \n\t\t\t\t\t\t\t<\/div>\n\n\t\t\t\t\t<\/div>\n\t\t\t\t\t\t<\/div>\n\t\t\t\t<\/div>\n\t\t\t\t<div class=\"elementor-element elementor-element-a05b981 elementor-widget elementor-widget-wd_text_block\" data-id=\"a05b981\" data-element_type=\"widget\" data-e-type=\"widget\" data-widget_type=\"wd_text_block.default\">\n\t\t\t\t<div class=\"elementor-widget-container\">\n\t\t\t\t\t\t\t<div class=\"wd-text-block reset-last-child text-left\">\n\t\t\t\n\t\t\t<p>Depuis plus de trois d\u00e9cennies, <strong>SARL Au Jardin<\/strong> a su s\u2019adapter aux \u00e9volutions du march\u00e9 et aux attentes de ses clients. L\u2019entreprise a \u00e9largi son catalogue, offrant une gamme vari\u00e9e de tondeuses adapt\u00e9es aux diff\u00e9rents types de terrains et aux besoins sp\u00e9cifiques des jardiniers amateurs comme des professionnels.<\/p><p>L\u2019innovation et le service client ont toujours \u00e9t\u00e9 au c\u0153ur de notre d\u00e9marche. Nous avons mis en place un accompagnement personnalis\u00e9 pour aider chaque client \u00e0 choisir l\u2019\u00e9quipement le plus adapt\u00e9 \u00e0 ses besoins, garantissant ainsi une exp\u00e9rience optimale et un entretien efficace des espaces verts<\/p><p><!--EndFragment --><\/p><p><!--EndFragment --><\/p><p><!--EndFragment --><\/p>\n\t\t\t\t\t<\/div>\n\t\t\t\t\t\t<\/div>\n\t\t\t\t<\/div>\n\t\t\t\t<\/div>\n\t\t\t\t\t<\/div>\n\t\t\t\t<\/div>\n\t\t\t\t<\/div>","protected":false},"excerpt":{"rendered":"<p>A PROPOS Notre Histoire Cr\u00e9\u00e9e le 1er janvier 1994, la SARL Au Jardin est le fruit d\u2019une passion pour l\u2019entretien<\/p>","protected":false},"author":1,"featured_media":0,"parent":0,"menu_order":0,"comment_status":"closed","ping_status":"closed","template":"","meta":{"footnotes":""},"class_list":["post-4400","page","type-page","status-publish","hentry"],"_links":{"self":[{"href":"https:\/\/sarlaujardin.com\/en\/wp-json\/wp\/v2\/pages\/4400","targetHints":{"allow":["GET"]}}],"collection":[{"href":"https:\/\/sarlaujardin.com\/en\/wp-json\/wp\/v2\/pages"}],"about":[{"href":"https:\/\/sarlaujardin.com\/en\/wp-json\/wp\/v2\/types\/page"}],"author":[{"embeddable":true,"href":"https:\/\/sarlaujardin.com\/en\/wp-json\/wp\/v2\/users\/1"}],"replies":[{"embeddable":true,"href":"https:\/\/sarlaujardin.com\/en\/wp-json\/wp\/v2\/comments?post=4400"}],"version-history":[{"count":108,"href":"https:\/\/sarlaujardin.com\/en\/wp-json\/wp\/v2\/pages\/4400\/revisions"}],"predecessor-version":[{"id":31387,"href":"https:\/\/sarlaujardin.com\/en\/wp-json\/wp\/v2\/pages\/4400\/revisions\/31387"}],"wp:attachment":[{"href":"https:\/\/sarlaujardin.com\/en\/wp-json\/wp\/v2\/media?parent=4400"}],"curies":[{"name":"wp","href":"https:\/\/api.w.org\/{rel}","templated":true}]}}