{"id":27292,"date":"2025-05-14T04:22:43","date_gmt":"2025-05-14T04:22:43","guid":{"rendered":"https:\/\/sarlaujardin.com\/?post_type=product&#038;p=27292"},"modified":"2026-03-26T23:09:05","modified_gmt":"2026-03-26T23:09:05","slug":"tondeuse-autoportee-z6-a-volant-107-cm-coupe-braquage-zero-4-batteries-2x-10ah-2x-5ah","status":"publish","type":"product","link":"https:\/\/sarlaujardin.com\/en\/product\/tondeuse-autoportee-z6-a-volant-107-cm-coupe-braquage-zero-4-batteries-2x-10ah-2x-5ah\/","title":{"rendered":"Tondeuse autoport\u00e9e Z6 \u00e0 volant, 107 cm coupe, braquage z\u00e9ro + 4 batteries 2x 10Ah 2x 5Ah"},"content":{"rendered":"<div class=\"product-tabs-wrapper\">\n<div class=\"container\">\n<div class=\"row\">\n<div class=\"col-12 poduct-tabs-inner\">\n<div class=\"woocommerce-tabs wc-tabs-wrapper tabs-layout-tabs\" data-state=\"first\" data-layout=\"tabs\">\n<div class=\"wd-accordion-item\">\n<div id=\"tab-description\" class=\"entry-content woocommerce-Tabs-panel woocommerce-Tabs-panel--description wd-active panel wc-tab\" role=\"tabpanel\" aria-labelledby=\"tab-title-description\" data-accordion-index=\"description\">\n<div class=\"wc-tab-inner\">\n<div class=\"wd-accordion-item\">\n<div id=\"tab-description\" class=\"entry-content woocommerce-Tabs-panel woocommerce-Tabs-panel--description wd-active wd-scroll wd-accordion-content\" role=\"tabpanel\" aria-labelledby=\"tab-title-description\" data-accordion-index=\"description\">\n<div class=\"wc-tab-inner wd-scroll-content\">Informations g\u00e9n\u00e9rales sur le produit Marque EGO Nom du produit Tondeuse autoport\u00e9e Z6 \u00e0 volant, 107 cm coupe, bra Cat\u00e9gorie TONDEUSE Vos garanties incluses Garantie (\u00b2) 2 ans Observations Dans le cas o\u00f9 une garantie commerciale est propos\u00e9e par le vendeur, celle-ci ne fait pas obstacle \u00e0<\/div>\n<\/div>\n<\/div>\n<div class=\"wd-accordion-item\">\n<div id=\"tab-title-wd_additional_tab\" class=\"wd-accordion-title wd-opener-pos-right tab-title-wd_additional_tab\" data-accordion-index=\"wd_additional_tab\"><\/div>\n<\/div>\n<\/div>\n<\/div>\n<\/div>\n<div class=\"wd-accordion-item\"><\/div>\n<div class=\"wd-accordion-item\"><\/div>\n<\/div>\n<\/div>\n<\/div>\n<\/div>\n<\/div>\n<div class=\"container related-and-upsells\">\n<div class=\"related-products\"><\/div>\n<\/div>","protected":false},"excerpt":{"rendered":"<div class=\"woocommerce-product-details__short-description\">\n<p>La Z6 \u00e0 volant est une tondeuse autoport\u00e9e \u00e9lectrique unique en son genre. Dot\u00e9e de la technologie Peak Power\u2122+, elle peut accueillir jusqu\u2019\u00e0 6 batteries EGO 56V ARC Lithium\u2122, offrant ainsi une puissance \u00e9quivalente \u00e0 celle d\u2019un moteur thermique de 22 CV et permettant de tondre jusqu\u2019\u00e0 12.000 m\u00b2 en une seule charge.Ultra rapide, le chargeur 1600 W charge compl\u00e8tement 4 batteries de 10 Ah en 2 heures seulement. Il \u2026<\/p>\n<\/div>\n<form class=\"cart\" action=\"https:\/\/vert-fleur.com\/index.php\/produit\/tondeuse-autoportee-z6-a-volant-107-cm-coupe-braquage-zero-4-batteries-2x-10ah-2x-5ah\/\" enctype=\"multipart\/form-data\" method=\"post\">\n<div class=\"quantity\"><\/div>\n<\/form>","protected":false},"featured_media":29194,"comment_status":"open","ping_status":"closed","template":"","meta":[],"product_brand":[369],"product_cat":[389,180],"product_tag":[],"class_list":{"0":"post-27292","1":"product","2":"type-product","3":"status-publish","4":"has-post-thumbnail","6":"product_brand-ego","7":"product_cat-les-plus-vendus","8":"product_cat-tondeuses-thermiques","10":"first","11":"instock","12":"shipping-taxable","13":"purchasable","14":"product-type-simple"},"_links":{"self":[{"href":"https:\/\/sarlaujardin.com\/en\/wp-json\/wp\/v2\/product\/27292","targetHints":{"allow":["GET"]}}],"collection":[{"href":"https:\/\/sarlaujardin.com\/en\/wp-json\/wp\/v2\/product"}],"about":[{"href":"https:\/\/sarlaujardin.com\/en\/wp-json\/wp\/v2\/types\/product"}],"replies":[{"embeddable":true,"href":"https:\/\/sarlaujardin.com\/en\/wp-json\/wp\/v2\/comments?post=27292"}],"version-history":[{"count":1,"href":"https:\/\/sarlaujardin.com\/en\/wp-json\/wp\/v2\/product\/27292\/revisions"}],"predecessor-version":[{"id":27296,"href":"https:\/\/sarlaujardin.com\/en\/wp-json\/wp\/v2\/product\/27292\/revisions\/27296"}],"wp:featuredmedia":[{"embeddable":true,"href":"https:\/\/sarlaujardin.com\/en\/wp-json\/wp\/v2\/media\/29194"}],"wp:attachment":[{"href":"https:\/\/sarlaujardin.com\/en\/wp-json\/wp\/v2\/media?parent=27292"}],"wp:term":[{"taxonomy":"product_brand","embeddable":true,"href":"https:\/\/sarlaujardin.com\/en\/wp-json\/wp\/v2\/product_brand?post=27292"},{"taxonomy":"product_cat","embeddable":true,"href":"https:\/\/sarlaujardin.com\/en\/wp-json\/wp\/v2\/product_cat?post=27292"},{"taxonomy":"product_tag","embeddable":true,"href":"https:\/\/sarlaujardin.com\/en\/wp-json\/wp\/v2\/product_tag?post=27292"}],"curies":[{"name":"wp","href":"https:\/\/api.w.org\/{rel}","templated":true}]}}