{"id":5084,"date":"2025-06-07T20:09:55","date_gmt":"2025-06-07T20:09:55","guid":{"rendered":"https:\/\/sarlaujardin.com\/?post_type=product&#038;p=5084"},"modified":"2025-06-08T09:30:35","modified_gmt":"2025-06-08T09:30:35","slug":"fendeuse-a-bois-gude-ghs-500-8tb-modele-2025-neuf","status":"publish","type":"product","link":"https:\/\/sarlaujardin.com\/en\/product\/fendeuse-a-bois-gude-ghs-500-8tb-modele-2025-neuf\/","title":{"rendered":"Fendeuse \u00e0 bois G\u00fcde GHS 500\/8TB &#8211; mod\u00e8le 2025-Neuf"},"content":{"rendered":"<p>La fendeuse \u00e0 bois G\u00fcde GHS 500\/8 TB &#8211; mod\u00e8le 2025-Neuf est con\u00e7ue pour r\u00e9pondre aux besoins des particuliers et des professionnels en mati\u00e8re de d\u00e9coupe de bois de chauffage. Conform\u00e9ment aux derni\u00e8res normes de qualit\u00e9 et de s\u00e9curit\u00e9, cet appareil est \u00e9quip\u00e9 d&#039;un moteur \u00e0 essence puissant, respectueux des normes d&#039;\u00e9mission Euro-V, ce qui souligne l&#039;engagement de G\u00fcde envers la durabilit\u00e9 environnementale.<br \/>\nPar ailleurs, la GHS 500\/8 TB est dot\u00e9e d&#039;une commande de s\u00e9curit\u00e9 \u00e0 deux mains, garantissant une utilisation s\u00e9curis\u00e9e. L&#039;interrupteur marche\/arr\u00eat et les r\u00e9cup\u00e9rateurs de mat\u00e9riaux de fendage plac\u00e9s de part et d&#039;autre assurent une manipulation confortable et s\u00e9curis\u00e9e du bois. Ce mod\u00e8le, sp\u00e9cifiquement adapt\u00e9 pour des b\u00fbches d&#039;une longueur allant jusqu&#039;\u00e0 50 cm, offre une flexibilit\u00e9 gr\u00e2ce \u00e0 sa course de fendage r\u00e9glable en continu.<br \/>\nSes caract\u00e9ristiques techniques incluent un moteur \u00e0 essence quatre temps, g\u00e9n\u00e9rant une force de fendage de 8 tonnes et une pression hydraulique maximale de 270 bars. Le syst\u00e8me int\u00e8gre \u00e9galement une huile hydraulique pour un fonctionnement fluide. La vitesse de d\u00e9placement avant\/arri\u00e8re est de 4,5\/16 cm\/s, permettant un traitement efficace du bois jusqu&#039;\u00e0 35 cm de diam\u00e8tre et 50 cm de longueur.<br \/>\nLa conception ergonomique est mise en valeur par des tables lat\u00e9rales amovibles et de grandes roues de transport avec une poign\u00e9e, facilitant ainsi le d\u00e9placement de l&#039;appareil. Ces caract\u00e9ristiques s&#039;accompagnent d&#039;un couteau diviseur en Y en acier sp\u00e9cial, optimisant la performance de fendage.<br \/>\nMesurant 800 x 750 x 1510 mm et pesant environ 121 kg, cette fendeuse est robuste et fiable. Sa garantie couvre deux ans pour un usage priv\u00e9 et un an pour un usage commercial, assurant une tranquillit\u00e9 d&#039;esprit lors de son utilisation. La fendeuse \u00e0 bois G\u00fcde GHS 500\/8 TB se distingue par sa capacit\u00e9 \u00e0 allier puissance, s\u00e9curit\u00e9 et confort d&#039;utilisation, r\u00e9pondant ainsi efficacement aux exigences des utilisateurs modernes.<\/p>","protected":false},"excerpt":{"rendered":"<p>Offrant une pression de service impressionnante de 8 tonnes, la fendeuse \u00e0 bois G\u00fcde GHS 500\/8 TB &#8211; mod\u00e8le 2025-Neuf simplifie le fendage du bois avec efficacit\u00e9. \u00c9quip\u00e9e d&#039;un puissant moteur de 5,5 HP \/ 4,1 kW, cette machine robuste assure une performance optimale pour vos besoins en bois de chauffage. Sa conception ergonomique garantit une utilisation s\u00e9curis\u00e9e et confortable, m\u00eame lors de sessions prolong\u00e9es.<\/p>","protected":false},"featured_media":29417,"comment_status":"open","ping_status":"closed","template":"","meta":[],"product_brand":[],"product_cat":[387],"product_tag":[],"class_list":{"0":"post-5084","1":"product","2":"type-product","3":"status-publish","4":"has-post-thumbnail","6":"product_cat-fendeuse-de-bois","8":"first","9":"instock","10":"shipping-taxable","11":"purchasable","12":"product-type-simple"},"_links":{"self":[{"href":"https:\/\/sarlaujardin.com\/en\/wp-json\/wp\/v2\/product\/5084","targetHints":{"allow":["GET"]}}],"collection":[{"href":"https:\/\/sarlaujardin.com\/en\/wp-json\/wp\/v2\/product"}],"about":[{"href":"https:\/\/sarlaujardin.com\/en\/wp-json\/wp\/v2\/types\/product"}],"replies":[{"embeddable":true,"href":"https:\/\/sarlaujardin.com\/en\/wp-json\/wp\/v2\/comments?post=5084"}],"version-history":[{"count":1,"href":"https:\/\/sarlaujardin.com\/en\/wp-json\/wp\/v2\/product\/5084\/revisions"}],"predecessor-version":[{"id":29421,"href":"https:\/\/sarlaujardin.com\/en\/wp-json\/wp\/v2\/product\/5084\/revisions\/29421"}],"wp:featuredmedia":[{"embeddable":true,"href":"https:\/\/sarlaujardin.com\/en\/wp-json\/wp\/v2\/media\/29417"}],"wp:attachment":[{"href":"https:\/\/sarlaujardin.com\/en\/wp-json\/wp\/v2\/media?parent=5084"}],"wp:term":[{"taxonomy":"product_brand","embeddable":true,"href":"https:\/\/sarlaujardin.com\/en\/wp-json\/wp\/v2\/product_brand?post=5084"},{"taxonomy":"product_cat","embeddable":true,"href":"https:\/\/sarlaujardin.com\/en\/wp-json\/wp\/v2\/product_cat?post=5084"},{"taxonomy":"product_tag","embeddable":true,"href":"https:\/\/sarlaujardin.com\/en\/wp-json\/wp\/v2\/product_tag?post=5084"}],"curies":[{"name":"wp","href":"https:\/\/api.w.org\/{rel}","templated":true}]}}