{"id":5110,"date":"2025-06-07T20:10:29","date_gmt":"2025-06-07T20:10:29","guid":{"rendered":"https:\/\/sarlaujardin.com\/?post_type=product&#038;p=5110"},"modified":"2025-06-08T09:29:19","modified_gmt":"2025-06-08T09:29:19","slug":"fendeuse-a-bois-gude-ghs-500-6-5te-avec-chassis-de-base-modele-2025-neuf","status":"publish","type":"product","link":"https:\/\/sarlaujardin.com\/en\/product\/fendeuse-a-bois-gude-ghs-500-6-5te-avec-chassis-de-base-modele-2025-neuf\/","title":{"rendered":"Fendeuse \u00e0 bois G\u00fcde GHS 500\/6.5TE avec ch\u00e2ssis de base &#8211; mod\u00e8le 2025-Neuf"},"content":{"rendered":"<p>La fendeuse \u00e0 bois G\u00fcde GHS 500\/6.5 TE, mod\u00e8le 2025, se pr\u00e9sente comme un outil essentiel pour ceux qui souhaitent pr\u00e9parer leur bois de chauffage de mani\u00e8re efficace et s\u00e9curis\u00e9e. Con\u00e7ue pour s&#039;adapter aux besoins des utilisateurs de chemin\u00e9es et de po\u00eales su\u00e9dois, cette fendeuse de b\u00fbches courte offre une solution pratique pour obtenir des morceaux de bois \u00e0 la taille d\u00e9sir\u00e9e.<br \/>\nAvec ses deux commandes manuelles de s\u00e9curit\u00e9 et un couvercle de protection dans la zone de fente, cette machine respecte les derni\u00e8res normes de s\u00e9curit\u00e9 en vigueur. L&#039;ergonomie du ch\u00e2ssis de base, associ\u00e9e \u00e0 une table de stockage du mat\u00e9riau \u00e0 fendre, permet de travailler confortablement et sans fatigue, en maintenant une hauteur de travail optimale.<br \/>\nD&#039;un point de vue technique, la fendeuse est \u00e9quip\u00e9e d&#039;un moteur \u00e9lectrique puissant de 2600 watts, fonctionnant sur une tension de 230 volts \u00e0 une fr\u00e9quence de 50 Hz, et offrant une vitesse de rotation de 1400 tr\/min. Sa force de fendage atteint 6,5 tonnes, ce qui permet de venir \u00e0 bout des troncs les plus r\u00e9sistants. La course de fendage maximale est de 390 mm, avec une vitesse de fendage de 3,2 cm\/s, capable de traiter des b\u00fbches allant jusqu&#039;\u00e0 52 cm de longueur et 25 cm de diam\u00e8tre.<br \/>\nEn termes de s\u00e9curit\u00e9, la machine est dot\u00e9e d&#039;une combinaison interrupteur-prise avec bouton d&#039;arr\u00eat d&#039;urgence et d&#039;une commande \u00e0 deux mains, garantissant une utilisation s\u00e9curis\u00e9e. Les dimensions de l&#039;appareil sont de 147 cm de longueur, 41 cm de largeur et 62 cm de hauteur, avec un poids total de 73 kg, ce qui en fait un appareil \u00e0 la fois robuste et stable.<br \/>\nEnfin, la fendeuse \u00e0 bois G\u00fcde GHS 500\/6.5 TE est livr\u00e9e pr\u00eate \u00e0 l&#039;emploi avec de l&#039;huile hydraulique incluse, et b\u00e9n\u00e9ficie d&#039;une garantie de 2 ans, assurant ainsi une tranquillit\u00e9 d&#039;esprit durable \u00e0 ses utilisateurs.<\/p>","protected":false},"excerpt":{"rendered":"<p>Fendeuse \u00e0 bois G\u00fcde GHS 500\/6.5 TE, \u00e9quip\u00e9e d&#039;un ch\u00e2ssis de base robuste, id\u00e9ale pour un usage intensif. Avec une pression de service de 6,5 tonnes, cette machine assure un fendage puissant et efficace du bois. Son moteur de 2 600 watts fonctionne sur une alimentation standard de 230 volts, garantissant performance et fiabilit\u00e9. Con\u00e7ue pour offrir une stabilit\u00e9 optimale, elle permet de travailler en toute s\u00e9curit\u00e9 et confort. Marque de confiance, G\u00fcde propose ici un mod\u00e8le alliant durabilit\u00e9 et puissance, parfait pour les travaux exigeants.<\/p>","protected":false},"featured_media":29443,"comment_status":"open","ping_status":"closed","template":"","meta":[],"product_brand":[],"product_cat":[387],"product_tag":[],"class_list":{"0":"post-5110","1":"product","2":"type-product","3":"status-publish","4":"has-post-thumbnail","6":"product_cat-fendeuse-de-bois","8":"first","9":"instock","10":"shipping-taxable","11":"purchasable","12":"product-type-simple"},"_links":{"self":[{"href":"https:\/\/sarlaujardin.com\/en\/wp-json\/wp\/v2\/product\/5110","targetHints":{"allow":["GET"]}}],"collection":[{"href":"https:\/\/sarlaujardin.com\/en\/wp-json\/wp\/v2\/product"}],"about":[{"href":"https:\/\/sarlaujardin.com\/en\/wp-json\/wp\/v2\/types\/product"}],"replies":[{"embeddable":true,"href":"https:\/\/sarlaujardin.com\/en\/wp-json\/wp\/v2\/comments?post=5110"}],"version-history":[{"count":1,"href":"https:\/\/sarlaujardin.com\/en\/wp-json\/wp\/v2\/product\/5110\/revisions"}],"predecessor-version":[{"id":29444,"href":"https:\/\/sarlaujardin.com\/en\/wp-json\/wp\/v2\/product\/5110\/revisions\/29444"}],"wp:featuredmedia":[{"embeddable":true,"href":"https:\/\/sarlaujardin.com\/en\/wp-json\/wp\/v2\/media\/29443"}],"wp:attachment":[{"href":"https:\/\/sarlaujardin.com\/en\/wp-json\/wp\/v2\/media?parent=5110"}],"wp:term":[{"taxonomy":"product_brand","embeddable":true,"href":"https:\/\/sarlaujardin.com\/en\/wp-json\/wp\/v2\/product_brand?post=5110"},{"taxonomy":"product_cat","embeddable":true,"href":"https:\/\/sarlaujardin.com\/en\/wp-json\/wp\/v2\/product_cat?post=5110"},{"taxonomy":"product_tag","embeddable":true,"href":"https:\/\/sarlaujardin.com\/en\/wp-json\/wp\/v2\/product_tag?post=5110"}],"curies":[{"name":"wp","href":"https:\/\/api.w.org\/{rel}","templated":true}]}}