{"id":5174,"date":"2025-06-07T20:11:49","date_gmt":"2025-06-07T20:11:49","guid":{"rendered":"https:\/\/sarlaujardin.com\/?post_type=product&#038;p=5174"},"modified":"2025-06-08T09:21:59","modified_gmt":"2025-06-08T09:21:59","slug":"fendeuse-a-bois-gude-ghs-1000-14te-a-modele-2025-neuf","status":"publish","type":"product","link":"https:\/\/sarlaujardin.com\/en\/product\/fendeuse-a-bois-gude-ghs-1000-14te-a-modele-2025-neuf\/","title":{"rendered":"Fendeuse \u00e0 bois G\u00fcde GHS 1000\/14TE-A &#8211; mod\u00e8le 2025-Neuf"},"content":{"rendered":"<p>La Fendeuse \u00e0 bois G\u00fcde GHS 1000\/14 TE-A &#8211; mod\u00e8le 2025-Neuf est con\u00e7ue pour r\u00e9pondre aux exigences les plus strictes en mati\u00e8re de qualit\u00e9 et de s\u00e9curit\u00e9. Dot\u00e9e d&#039;un moteur \u00e9lectrique puissant de 4,3 kW, elle alimente une pompe hydraulique performante qui, associ\u00e9e \u00e0 une vanne de commande pr\u00e9cise, permet de choisir entre deux niveaux de vitesse d&#039;alimentation. Ce mod\u00e8le est id\u00e9al pour fendre des m\u00e8tres de bois sur votre terrain, offrant une solution efficace et confortable.<br \/>\nUn des atouts majeurs de cette fendeuse est son l\u00e8ve-b\u00fbches hydraulique-m\u00e9canique, qui facilite la manipulation des b\u00fbches lourdes tout en pr\u00e9servant votre dos. La stabilit\u00e9 est renforc\u00e9e par une fl\u00e8che de support, garantissant un processus de levage s\u00e9curis\u00e9. Avant le d\u00e9but du fendage, le mat\u00e9riau peut \u00eatre fix\u00e9 gr\u00e2ce \u00e0 un dispositif de fixation ing\u00e9nieux, \u00e9liminant ainsi le besoin de le maintenir manuellement.<br \/>\nLe couteau de fendage, fabriqu\u00e9 en acier sp\u00e9cial partiellement tremp\u00e9, assure une durabilit\u00e9 exceptionnelle. De plus, le syst\u00e8me de r\u00e9armement automatique du couteau, int\u00e9gr\u00e9 avec un arr\u00eat de s\u00e9curit\u00e9, garantit une protection optimale tout en permettant un travail efficace et sans fatigue. La s\u00e9curit\u00e9 est encore renforc\u00e9e par une commande \u00e0 deux mains et un interrupteur marche\/arr\u00eat, compl\u00e9t\u00e9s par un r\u00e9cup\u00e9rateur de mat\u00e9riaux de fendage de chaque c\u00f4t\u00e9.<br \/>\nLa mobilit\u00e9 de la fendeuse est facilit\u00e9e par deux grandes roues de transport et un timon directeur, permettant un d\u00e9placement ais\u00e9 sur le terrain. En outre, la combinaison interrupteur-prise avec inverseur de phase assure une utilisation flexible et s\u00e9curis\u00e9e.<br \/>\nSur le plan technique, cette fendeuse offre une pression hydraulique maximale de 245 bars, avec un cylindre de course de 960 mm et une vitesse d&#039;avance\/retour de 20\/4,7 cm\/s. Elle est capable de fendre du bois jusqu&#039;\u00e0 une longueur de 100 cm et une \u00e9paisseur de branche allant jusqu&#039;\u00e0 43 mm. Avec des dimensions de 2120 mm de hauteur, 500 mm de largeur et 765 mm de profondeur, et un poids de 212 kg, elle est robuste et fiable.<br \/>\nLa garantie de 2 ans pour un usage priv\u00e9 et de 1 an pour un usage commercial atteste de sa qualit\u00e9 et de sa durabilit\u00e9.<\/p>","protected":false},"excerpt":{"rendered":"<p>D\u00e9couvrez la puissance de la fendeuse \u00e0 bois G\u00fcde GHS 1000\/14 TE-A, mod\u00e8le 2025, con\u00e7ue pour r\u00e9pondre aux besoins des professionnels du bois. Avec une pression de service impressionnante de 14 tonnes, elle garantit une efficacit\u00e9 in\u00e9gal\u00e9e pour fendre les b\u00fbches les plus robustes. \u00c9quip\u00e9e d&#039;un moteur de 4300 watts fonctionnant sous 400 volts, cette machine assure des performances optimales tout en restant conforme aux normes de s\u00e9curit\u00e9 IP54. Id\u00e9ale pour les travaux intensifs, elle allie robustesse et durabilit\u00e9 pour un rendement exceptionnel.<\/p>","protected":false},"featured_media":29507,"comment_status":"open","ping_status":"closed","template":"","meta":[],"product_brand":[],"product_cat":[387],"product_tag":[],"class_list":{"0":"post-5174","1":"product","2":"type-product","3":"status-publish","4":"has-post-thumbnail","6":"product_cat-fendeuse-de-bois","8":"first","9":"instock","10":"shipping-taxable","11":"purchasable","12":"product-type-simple"},"_links":{"self":[{"href":"https:\/\/sarlaujardin.com\/en\/wp-json\/wp\/v2\/product\/5174","targetHints":{"allow":["GET"]}}],"collection":[{"href":"https:\/\/sarlaujardin.com\/en\/wp-json\/wp\/v2\/product"}],"about":[{"href":"https:\/\/sarlaujardin.com\/en\/wp-json\/wp\/v2\/types\/product"}],"replies":[{"embeddable":true,"href":"https:\/\/sarlaujardin.com\/en\/wp-json\/wp\/v2\/comments?post=5174"}],"version-history":[{"count":1,"href":"https:\/\/sarlaujardin.com\/en\/wp-json\/wp\/v2\/product\/5174\/revisions"}],"predecessor-version":[{"id":29516,"href":"https:\/\/sarlaujardin.com\/en\/wp-json\/wp\/v2\/product\/5174\/revisions\/29516"}],"wp:featuredmedia":[{"embeddable":true,"href":"https:\/\/sarlaujardin.com\/en\/wp-json\/wp\/v2\/media\/29507"}],"wp:attachment":[{"href":"https:\/\/sarlaujardin.com\/en\/wp-json\/wp\/v2\/media?parent=5174"}],"wp:term":[{"taxonomy":"product_brand","embeddable":true,"href":"https:\/\/sarlaujardin.com\/en\/wp-json\/wp\/v2\/product_brand?post=5174"},{"taxonomy":"product_cat","embeddable":true,"href":"https:\/\/sarlaujardin.com\/en\/wp-json\/wp\/v2\/product_cat?post=5174"},{"taxonomy":"product_tag","embeddable":true,"href":"https:\/\/sarlaujardin.com\/en\/wp-json\/wp\/v2\/product_tag?post=5174"}],"curies":[{"name":"wp","href":"https:\/\/api.w.org\/{rel}","templated":true}]}}