{"id":5263,"date":"2025-06-07T20:13:37","date_gmt":"2025-06-07T20:13:37","guid":{"rendered":"https:\/\/sarlaujardin.com\/?post_type=product&#038;p=5263"},"modified":"2025-06-07T20:13:39","modified_gmt":"2025-06-07T20:13:39","slug":"broyeur-tout-usage-thermique-erco-ghx-1500hst-neuf","status":"publish","type":"product","link":"https:\/\/sarlaujardin.com\/en\/product\/broyeur-tout-usage-thermique-erco-ghx-1500hst-neuf\/","title":{"rendered":"Broyeur tout usage thermique ERCO GHX-1500HST-Neuf"},"content":{"rendered":"<p>Le broyeur tout usage thermique ERCO GHX-1500 HST-Neuf se pr\u00e9sente comme une solution polyvalente pour le traitement des mat\u00e9riaux de jardin. Con\u00e7u pour r\u00e9pondre aux besoins des jardins familiaux ainsi qu&#039;aux parcs, cet appareil est capable de traiter efficacement une vari\u00e9t\u00e9 de mati\u00e8res organiques. Il est particuli\u00e8rement performant pour traiter les d\u00e9bris des massifs, y compris ceux avec des racines terreuses, des pots en argile, ainsi que les d\u00e9chets de bois lisses et durs. Ce broyeur est donc un outil pr\u00e9cieux pour l&#039;am\u00e9nagement paysager et l&#039;entretien professionnel des plantes.<br \/>\n\u00c9quip\u00e9 d&#039;un moteur Honda \u00e0 essence 4 temps OHC GX 390, le GHX-1500 HST offre une puissance de 6,0 kW (8,2 HP) \u00e0 3 000 tr\/min, assurant un d\u00e9marrage facile et un fonctionnement en douceur. Son moteur est aliment\u00e9 par de l&#039;essence sans plomb, garantissant une performance fiable et efficace. Ce mod\u00e8le est particuli\u00e8rement adapt\u00e9 pour le broyage de branches de gros diam\u00e8tre, jusqu&#039;\u00e0 80 mm, gr\u00e2ce \u00e0 son m\u00e9canisme de marteau \u00e0 lame robuste qui int\u00e8gre un disque de rotor lourd et des couteaux \u00e0 buriner r\u00e9sistants.<br \/>\nLes lames de marteau, fabriqu\u00e9es en acier sp\u00e9cial, sont con\u00e7ues pour offrir une capacit\u00e9 de hachage exceptionnelle et une long\u00e9vit\u00e9 accrue. De plus, le broyeur est mont\u00e9 sur un ch\u00e2ssis int\u00e9gr\u00e9, facilitant ainsi sa mise en \u0153uvre et permettant une utilisation rapide et efficace. Ses dimensions de 128 x 97 x 167 cm (LxlxH) et son poids de 150 kg en font un appareil robuste et stable, adapt\u00e9 tant pour un usage priv\u00e9 que commercial.<br \/>\nEn termes de garantie, le broyeur ERCO GHX-1500 HST-Neuf est couvert pendant 2 ans pour une utilisation priv\u00e9e et 1 an pour un usage commercial, attestant de sa fiabilit\u00e9 et de sa durabilit\u00e9 dans le temps.<\/p>","protected":false},"excerpt":{"rendered":"<p>Broyeur tout usage thermique ERCO GHX-1500 HST-Neuf, parfait pour r\u00e9duire les branches jusqu&#039;\u00e0 8,0 cm d&#039;\u00e9paisseur avec une puissance impressionnante de 8,2 CV (6,0 kW). Con\u00e7u pour une performance maximale, ce broyeur facilite l&#039;entretien des jardins et espaces verts, offrant fiabilit\u00e9 et efficacit\u00e9 pour les t\u00e2ches les plus exigeantes.<\/p>","protected":false},"featured_media":29596,"comment_status":"open","ping_status":"closed","template":"","meta":[],"product_brand":[],"product_cat":[383],"product_tag":[],"class_list":{"0":"post-5263","1":"product","2":"type-product","3":"status-publish","4":"has-post-thumbnail","6":"product_cat-broyeur-de-jardin","8":"first","9":"instock","10":"shipping-taxable","11":"purchasable","12":"product-type-simple"},"_links":{"self":[{"href":"https:\/\/sarlaujardin.com\/en\/wp-json\/wp\/v2\/product\/5263","targetHints":{"allow":["GET"]}}],"collection":[{"href":"https:\/\/sarlaujardin.com\/en\/wp-json\/wp\/v2\/product"}],"about":[{"href":"https:\/\/sarlaujardin.com\/en\/wp-json\/wp\/v2\/types\/product"}],"replies":[{"embeddable":true,"href":"https:\/\/sarlaujardin.com\/en\/wp-json\/wp\/v2\/comments?post=5263"}],"version-history":[{"count":1,"href":"https:\/\/sarlaujardin.com\/en\/wp-json\/wp\/v2\/product\/5263\/revisions"}],"predecessor-version":[{"id":29597,"href":"https:\/\/sarlaujardin.com\/en\/wp-json\/wp\/v2\/product\/5263\/revisions\/29597"}],"wp:featuredmedia":[{"embeddable":true,"href":"https:\/\/sarlaujardin.com\/en\/wp-json\/wp\/v2\/media\/29596"}],"wp:attachment":[{"href":"https:\/\/sarlaujardin.com\/en\/wp-json\/wp\/v2\/media?parent=5263"}],"wp:term":[{"taxonomy":"product_brand","embeddable":true,"href":"https:\/\/sarlaujardin.com\/en\/wp-json\/wp\/v2\/product_brand?post=5263"},{"taxonomy":"product_cat","embeddable":true,"href":"https:\/\/sarlaujardin.com\/en\/wp-json\/wp\/v2\/product_cat?post=5263"},{"taxonomy":"product_tag","embeddable":true,"href":"https:\/\/sarlaujardin.com\/en\/wp-json\/wp\/v2\/product_tag?post=5263"}],"curies":[{"name":"wp","href":"https:\/\/api.w.org\/{rel}","templated":true}]}}