{"id":5265,"date":"2025-06-07T20:13:39","date_gmt":"2025-06-07T20:13:39","guid":{"rendered":"https:\/\/sarlaujardin.com\/?post_type=product&#038;p=5265"},"modified":"2025-06-07T20:13:41","modified_gmt":"2025-06-07T20:13:41","slug":"broyeur-tout-usage-thermique-erco-ghx-180h-neuf","status":"publish","type":"product","link":"https:\/\/sarlaujardin.com\/en\/product\/broyeur-tout-usage-thermique-erco-ghx-180h-neuf\/","title":{"rendered":"Broyeur tout usage thermique ERCO GHX-180H-Neuf"},"content":{"rendered":"<p>Le broyeur tout usage thermique ERCO GHX-180 H-Neuf se distingue par sa robustesse et sa fiabilit\u00e9, gr\u00e2ce \u00e0 son moteur \u00e0 essence performant. Con\u00e7u pour r\u00e9pondre aux besoins vari\u00e9s dans les grands jardins, autour des habitations et m\u00eame pour le service de location, cet appareil est capable de traiter la plupart des d\u00e9chets de jardin et des broussailles. Sa conception permet une man\u0153uvrabilit\u00e9 ais\u00e9e, passant sans difficult\u00e9 \u00e0 travers des ouvertures d&#039;un m\u00e8tre de large.<br \/>\nDot\u00e9 d&#039;un moteur Honda 4 temps GX 160, ce broyeur offre une puissance de 2,5 kW (3,4 HP) \u00e0 3 000 tr\/min, garantissant un d\u00e9marrage facile et un fonctionnement en douceur. Le moteur Honda est r\u00e9put\u00e9 pour sa sophistication et sa durabilit\u00e9, assurant un usage fiable sur le long terme. Les lames de marteau fabriqu\u00e9es en acier sp\u00e9cial sont particuli\u00e8rement r\u00e9sistantes, assurant un travail de hachage efficace et une long\u00e9vit\u00e9 accrue.<br \/>\nSur le plan technique, ce broyeur utilise de l&#039;essence sans plomb comme carburant et peut traiter des branches d&#039;une \u00e9paisseur allant jusqu&#039;\u00e0 65 mm. Il est \u00e9quip\u00e9 d&#039;un m\u00e9canisme de marteau \u00e0 lame, combinant un disque de rotor lourd et des couteaux \u00e0 buriner robustes, pour des performances optimales. Son ch\u00e2ssis est muni de roues profil\u00e9es, facilitant son d\u00e9placement sur diff\u00e9rents types de terrain.<br \/>\nAvec des dimensions de 110 x 80 x 143 cm (L x l x H) et un poids de 75 kg, cet appareil est \u00e0 la fois compact et solide. Pour un usage priv\u00e9, une garantie de deux ans est offerte, tandis que pour un usage commercial, la garantie est d&#039;un an.<\/p>","protected":false},"excerpt":{"rendered":"<p>D\u00e9couvrez la puissance du broyeur tout usage thermique ERCO GHX-180 H-Neuf. Capable de traiter des branches jusqu&#039;\u00e0 6,5 cm d&#039;\u00e9paisseur, il est \u00e9quip\u00e9 d&#039;un moteur robuste de 3,4 CV \/ 2,5 kW, id\u00e9al pour les jardins exigeants. Sa conception fiable et performante simplifie l&#039;entretien paysager, offrant une efficacit\u00e9 in\u00e9gal\u00e9e pour transformer les d\u00e9chets v\u00e9g\u00e9taux en ressources pr\u00e9cieuses.<\/p>","protected":false},"featured_media":29598,"comment_status":"open","ping_status":"closed","template":"","meta":[],"product_brand":[],"product_cat":[383],"product_tag":[],"class_list":{"0":"post-5265","1":"product","2":"type-product","3":"status-publish","4":"has-post-thumbnail","6":"product_cat-broyeur-de-jardin","8":"first","9":"instock","10":"shipping-taxable","11":"purchasable","12":"product-type-simple"},"_links":{"self":[{"href":"https:\/\/sarlaujardin.com\/en\/wp-json\/wp\/v2\/product\/5265","targetHints":{"allow":["GET"]}}],"collection":[{"href":"https:\/\/sarlaujardin.com\/en\/wp-json\/wp\/v2\/product"}],"about":[{"href":"https:\/\/sarlaujardin.com\/en\/wp-json\/wp\/v2\/types\/product"}],"replies":[{"embeddable":true,"href":"https:\/\/sarlaujardin.com\/en\/wp-json\/wp\/v2\/comments?post=5265"}],"version-history":[{"count":1,"href":"https:\/\/sarlaujardin.com\/en\/wp-json\/wp\/v2\/product\/5265\/revisions"}],"predecessor-version":[{"id":29599,"href":"https:\/\/sarlaujardin.com\/en\/wp-json\/wp\/v2\/product\/5265\/revisions\/29599"}],"wp:featuredmedia":[{"embeddable":true,"href":"https:\/\/sarlaujardin.com\/en\/wp-json\/wp\/v2\/media\/29598"}],"wp:attachment":[{"href":"https:\/\/sarlaujardin.com\/en\/wp-json\/wp\/v2\/media?parent=5265"}],"wp:term":[{"taxonomy":"product_brand","embeddable":true,"href":"https:\/\/sarlaujardin.com\/en\/wp-json\/wp\/v2\/product_brand?post=5265"},{"taxonomy":"product_cat","embeddable":true,"href":"https:\/\/sarlaujardin.com\/en\/wp-json\/wp\/v2\/product_cat?post=5265"},{"taxonomy":"product_tag","embeddable":true,"href":"https:\/\/sarlaujardin.com\/en\/wp-json\/wp\/v2\/product_tag?post=5265"}],"curies":[{"name":"wp","href":"https:\/\/api.w.org\/{rel}","templated":true}]}}