{"id":5277,"date":"2025-06-07T20:13:50","date_gmt":"2025-06-07T20:13:50","guid":{"rendered":"https:\/\/sarlaujardin.com\/?post_type=product&#038;p=5277"},"modified":"2025-06-07T20:13:52","modified_gmt":"2025-06-07T20:13:52","slug":"broyeur-de-buissons-professionnel-erco-ghx-ch2500-neuf","status":"publish","type":"product","link":"https:\/\/sarlaujardin.com\/en\/product\/broyeur-de-buissons-professionnel-erco-ghx-ch2500-neuf\/","title":{"rendered":"Broyeur de buissons professionnel ERCO GHX-CH2500-Neuf"},"content":{"rendered":"<p>Le broyeur de buissons professionnel ERCO GHX-CH2500-Neuf se distingue par sa capacit\u00e9 \u00e0 r\u00e9pondre aux exigences des services d&#039;am\u00e9nagement paysager, qu&#039;ils soient municipaux ou commerciaux. \u00c9quip\u00e9 de deux rouleaux d&#039;alimentation et d&#039;un puissant moteur Honda, ce broyeur est con\u00e7u pour traiter sans effort des branches allant jusqu&#039;\u00e0 un diam\u00e8tre de 15 cm. Le dispositif anti-stress int\u00e9gr\u00e9 assure un fonctionnement fluide et sans obstruction, ce qui en fait un outil fiable pour un usage intensif.<br \/>\nDot\u00e9 d&#039;un d\u00e9versement orientable sur 270\u00b0, le mat\u00e9riel broy\u00e9 peut \u00eatre directement projet\u00e9 dans les buissons pour former un paillis ou bien \u00eatre d\u00e9pos\u00e9 sur la zone de chargement d&#039;une remorque. Cette fonctionnalit\u00e9 facilite grandement le transport des d\u00e9chets verts et optimise le temps de travail sur le terrain.<br \/>\nSur le plan technique, le GHX-CH2500 est \u00e9quip\u00e9 d&#039;un moteur essence 4 temps Honda GX 670 OHV \u00e0 2 cylindres, d\u00e9livrant une puissance de 12,7 kW (17,3 CV) \u00e0 3 000 tr\/min. La machine utilise de l&#039;essence sans plomb et est \u00e9quip\u00e9e de deux couteaux tremp\u00e9s, garantissant une longue dur\u00e9e de vie. La r\u00e9traction forc\u00e9e hydraulique et le ch\u00e2ssis confort avec essieu tra\u00een\u00e9 ajoutent \u00e0 la maniabilit\u00e9 et \u00e0 l&#039;efficacit\u00e9 de l&#039;appareil.<br \/>\nSes dimensions de 277 x 133 x 185 cm et son poids de 560 kg en font un \u00e9quipement robuste et stable. Par ailleurs, le broyeur b\u00e9n\u00e9ficie d&#039;une garantie de 2 ans pour un usage priv\u00e9 et de 1 an pour un usage commercial, assurant tranquillit\u00e9 d&#039;esprit \u00e0 ses utilisateurs. Tous les documents n\u00e9cessaires \u00e0 son approbation sont fournis \u00e0 l&#039;achat, garantissant une mise en service conforme aux normes en vigueur.<\/p>","protected":false},"excerpt":{"rendered":"<p>Broyeur de buissons professionnel ERCO GHX-CH2500-Neuf : id\u00e9al pour une gestion efficace des branches jusqu&#039;\u00e0 15 cm d&#039;\u00e9paisseur. Dot\u00e9 d&#039;un puissant moteur de 17,3 CV (12,7 kW), il garantit une performance exceptionnelle m\u00eame sur les travaux les plus exigeants. Con\u00e7u pour une utilisation intensive, ce broyeur offre robustesse et efficacit\u00e9 pour un entretien optimal des espaces verts.<\/p>","protected":false},"featured_media":29610,"comment_status":"open","ping_status":"closed","template":"","meta":[],"product_brand":[],"product_cat":[383],"product_tag":[],"class_list":{"0":"post-5277","1":"product","2":"type-product","3":"status-publish","4":"has-post-thumbnail","6":"product_cat-broyeur-de-jardin","8":"first","9":"instock","10":"shipping-taxable","11":"purchasable","12":"product-type-simple"},"_links":{"self":[{"href":"https:\/\/sarlaujardin.com\/en\/wp-json\/wp\/v2\/product\/5277","targetHints":{"allow":["GET"]}}],"collection":[{"href":"https:\/\/sarlaujardin.com\/en\/wp-json\/wp\/v2\/product"}],"about":[{"href":"https:\/\/sarlaujardin.com\/en\/wp-json\/wp\/v2\/types\/product"}],"replies":[{"embeddable":true,"href":"https:\/\/sarlaujardin.com\/en\/wp-json\/wp\/v2\/comments?post=5277"}],"version-history":[{"count":1,"href":"https:\/\/sarlaujardin.com\/en\/wp-json\/wp\/v2\/product\/5277\/revisions"}],"predecessor-version":[{"id":29611,"href":"https:\/\/sarlaujardin.com\/en\/wp-json\/wp\/v2\/product\/5277\/revisions\/29611"}],"wp:featuredmedia":[{"embeddable":true,"href":"https:\/\/sarlaujardin.com\/en\/wp-json\/wp\/v2\/media\/29610"}],"wp:attachment":[{"href":"https:\/\/sarlaujardin.com\/en\/wp-json\/wp\/v2\/media?parent=5277"}],"wp:term":[{"taxonomy":"product_brand","embeddable":true,"href":"https:\/\/sarlaujardin.com\/en\/wp-json\/wp\/v2\/product_brand?post=5277"},{"taxonomy":"product_cat","embeddable":true,"href":"https:\/\/sarlaujardin.com\/en\/wp-json\/wp\/v2\/product_cat?post=5277"},{"taxonomy":"product_tag","embeddable":true,"href":"https:\/\/sarlaujardin.com\/en\/wp-json\/wp\/v2\/product_tag?post=5277"}],"curies":[{"name":"wp","href":"https:\/\/api.w.org\/{rel}","templated":true}]}}