{"id":5281,"date":"2025-06-07T20:13:54","date_gmt":"2025-06-07T20:13:54","guid":{"rendered":"https:\/\/sarlaujardin.com\/?post_type=product&#038;p=5281"},"modified":"2025-06-07T20:13:56","modified_gmt":"2025-06-07T20:13:56","slug":"broyeur-de-branches-professionnel-erco-ghx-ch1900-neuf","status":"publish","type":"product","link":"https:\/\/sarlaujardin.com\/en\/product\/broyeur-de-branches-professionnel-erco-ghx-ch1900-neuf\/","title":{"rendered":"Broyeur de branches professionnel ERCO GHX-CH1900-Neuf"},"content":{"rendered":"<p>Dot\u00e9 d&#039;une technologie professionnelle robuste, le broyeur de branches ERCO GHX-CH1900-Neuf est con\u00e7u pour l&#039;entretien optimal des paysages. Sa structure polyvalente r\u00e9sulte de l&#039;int\u00e9gration innovante de divers syst\u00e8mes de broyage, combinant \u00e0 la fois des couteaux \u00e0 d\u00e9chiqueter et des fl\u00e9aux \u00e0 marteaux. Cette approche permet non seulement de broyer efficacement les branches, mais aussi de produire du combustible pour les syst\u00e8mes de chauffage \u00e0 copeaux de bois. Un insert \u00e0 copeaux de bois est disponible en option (Z-850-CH1900-01), pour une utilisation encore plus diversifi\u00e9e.<br \/>\nLe moteur Honda 4 temps OHC GX 390 assure un d\u00e9marrage facile et un fonctionnement en douceur, gr\u00e2ce \u00e0 une puissance de 6,0 kW (8,2 HP) \u00e0 3 000 tr\/min. Ce moteur fonctionne \u00e0 l\u2019essence sans plomb et est \u00e9quip\u00e9 d&#039;un d\u00e9marreur \u00e0 recul, soulignant sa praticit\u00e9 et sa fiabilit\u00e9. La capacit\u00e9 de traiter des troncs jusqu&#039;\u00e0 110 mm de diam\u00e8tre, gr\u00e2ce \u00e0 son syst\u00e8me de broyage combin\u00e9, t\u00e9moigne de son efficacit\u00e9.<br \/>\nLe ch\u00e2ssis robuste \u00e0 deux essieux avec timon \u00e0 pneumatiques facilite le d\u00e9placement de l&#039;appareil, tandis que le d\u00e9versement orientable \u00e0 270\u00b0 garantit que le mat\u00e9riau broy\u00e9 puisse \u00eatre dirig\u00e9 directement vers les buissons pour le paillage, ou dans la remorque pour un transport ais\u00e9. Les dimensions de l&#039;appareil sont de 210 x 88 x 220 cm, avec un poids de 266 kg, ce qui le rend \u00e0 la fois stable et maniable.<br \/>\nPour les utilisateurs priv\u00e9s, l&#039;ERCO GHX-CH1900-Neuf est couvert par une garantie de deux ans, tandis que pour une utilisation commerciale, la garantie est d&#039;un an. Cette caract\u00e9ristique renforce la confiance dans la durabilit\u00e9 et la fiabilit\u00e9 de cet \u00e9quipement professionnel, con\u00e7u pour r\u00e9pondre aux exigences les plus \u00e9lev\u00e9es en mati\u00e8re d&#039;entretien paysager.<\/p>","protected":false},"excerpt":{"rendered":"<p>Transformez vos travaux d&#039;entretien paysager avec le broyeur de branches professionnel ERCO GHX-CH1900-Neuf. Dot\u00e9 d&#039;un puissant moteur de 8,2 CV, il g\u00e8re ais\u00e9ment des branches jusqu&#039;\u00e0 11,0 cm d&#039;\u00e9paisseur. Sa robustesse garantit une performance optimale pour les professionnels exigeants. Profitez d&#039;une r\u00e9duction significative du volume des d\u00e9chets v\u00e9g\u00e9taux tout en optimisant votre efficacit\u00e9.<\/p>","protected":false},"featured_media":29614,"comment_status":"open","ping_status":"closed","template":"","meta":[],"product_brand":[],"product_cat":[383],"product_tag":[],"class_list":{"0":"post-5281","1":"product","2":"type-product","3":"status-publish","4":"has-post-thumbnail","6":"product_cat-broyeur-de-jardin","8":"first","9":"instock","10":"shipping-taxable","11":"purchasable","12":"product-type-simple"},"_links":{"self":[{"href":"https:\/\/sarlaujardin.com\/en\/wp-json\/wp\/v2\/product\/5281","targetHints":{"allow":["GET"]}}],"collection":[{"href":"https:\/\/sarlaujardin.com\/en\/wp-json\/wp\/v2\/product"}],"about":[{"href":"https:\/\/sarlaujardin.com\/en\/wp-json\/wp\/v2\/types\/product"}],"replies":[{"embeddable":true,"href":"https:\/\/sarlaujardin.com\/en\/wp-json\/wp\/v2\/comments?post=5281"}],"version-history":[{"count":1,"href":"https:\/\/sarlaujardin.com\/en\/wp-json\/wp\/v2\/product\/5281\/revisions"}],"predecessor-version":[{"id":29615,"href":"https:\/\/sarlaujardin.com\/en\/wp-json\/wp\/v2\/product\/5281\/revisions\/29615"}],"wp:featuredmedia":[{"embeddable":true,"href":"https:\/\/sarlaujardin.com\/en\/wp-json\/wp\/v2\/media\/29614"}],"wp:attachment":[{"href":"https:\/\/sarlaujardin.com\/en\/wp-json\/wp\/v2\/media?parent=5281"}],"wp:term":[{"taxonomy":"product_brand","embeddable":true,"href":"https:\/\/sarlaujardin.com\/en\/wp-json\/wp\/v2\/product_brand?post=5281"},{"taxonomy":"product_cat","embeddable":true,"href":"https:\/\/sarlaujardin.com\/en\/wp-json\/wp\/v2\/product_cat?post=5281"},{"taxonomy":"product_tag","embeddable":true,"href":"https:\/\/sarlaujardin.com\/en\/wp-json\/wp\/v2\/product_tag?post=5281"}],"curies":[{"name":"wp","href":"https:\/\/api.w.org\/{rel}","templated":true}]}}