{"id":5283,"date":"2025-06-07T20:13:56","date_gmt":"2025-06-07T20:13:56","guid":{"rendered":"https:\/\/sarlaujardin.com\/?post_type=product&#038;p=5283"},"modified":"2025-06-07T20:14:03","modified_gmt":"2025-06-07T20:14:03","slug":"broyeur-de-vegetaux-gude-gh-11-7-100-modele-2025-neuf","status":"publish","type":"product","link":"https:\/\/sarlaujardin.com\/en\/product\/broyeur-de-vegetaux-gude-gh-11-7-100-modele-2025-neuf\/","title":{"rendered":"Broyeur de v\u00e9g\u00e9taux G\u00fcde GH 11.7-100 &#8211; mod\u00e8le 2025-Neuf"},"content":{"rendered":"<p>Le broyeur de v\u00e9g\u00e9taux G\u00fcde GH 11.7-100, mod\u00e8le 2025-Neuf, est con\u00e7u pour r\u00e9pondre efficacement aux besoins de traitement des d\u00e9chets v\u00e9g\u00e9taux. Con\u00e7u pour broyer des branches d&#039;un diam\u00e8tre maximal de 100 mm lorsqu&#039;elles sont fra\u00eechement coup\u00e9es, et jusqu&#039;\u00e0 70 mm lorsqu&#039;elles sont s\u00e8ches, cet appareil offre une performance fiable gr\u00e2ce \u00e0 son moteur puissant.<br \/>\n\u00c9quip\u00e9 d&#039;un moteur 4 temps fonctionnant \u00e0 un r\u00e9gime de 3600 tours par minute, le broyeur assure un broyage efficace et rapide des mat\u00e9riaux. Le d\u00e9marrage inverseur \u00e0 essence facilite l&#039;allumage de l&#039;appareil, tandis que la transmission par courroie trap\u00e9zo\u00efdale garantit un entra\u00eenement optimal des m\u00e9canismes internes.<br \/>\nLa conception robuste de ce mod\u00e8le inclut un syst\u00e8me de couteaux aff\u00fbt\u00e9s qui offre une excellente capacit\u00e9 de broyage. De plus, la goulotte d&#039;\u00e9jection rotative permet de diriger les d\u00e9chets broy\u00e9s dans la direction souhait\u00e9e, optimisant ainsi le processus de collecte.<br \/>\nPour am\u00e9liorer la maniabilit\u00e9, le G\u00fcde GH 11.7-100 est dot\u00e9 de grandes roues pneumatiques qui facilitent son d\u00e9placement, m\u00eame sur terrain irr\u00e9gulier. Un interrupteur d&#039;arr\u00eat d&#039;urgence est \u00e9galement int\u00e9gr\u00e9 pour garantir une utilisation en toute s\u00e9curit\u00e9.<br \/>\nLe broyeur dispose d&#039;une capacit\u00e9 de r\u00e9servoir de 6,5 litres et n\u00e9cessite 1,1 litre d&#039;huile moteur pour fonctionner correctement. Avec un poids de 172 kg, cet appareil est con\u00e7u pour \u00eatre stable et durable.<br \/>\nEn termes de garantie, le produit est couvert pendant 2 ans pour un usage priv\u00e9 et 1 an pour un usage commercial, refl\u00e9tant l&#039;engagement de G\u00fcde \u00e0 offrir des produits de qualit\u00e9. L&#039;attention port\u00e9e \u00e0 la v\u00e9rification minutieuse et fiable des produits par G\u00fcde souligne le souci de qualit\u00e9 et de performance de la marque.<\/p>","protected":false},"excerpt":{"rendered":"<p>D\u00e9couvrez la puissance du broyeur de v\u00e9g\u00e9taux G\u00fcde GH 11.7-100, dot\u00e9 d&#039;un moteur robuste de 11,7 CV (8,6 kW), id\u00e9al pour traiter des branches jusqu&#039;\u00e0 10 cm d&#039;\u00e9paisseur. Sa conception innovante garantit une efficacit\u00e9 optimale et une r\u00e9duction significative des d\u00e9chets verts. Parfait pour les grands jardins, cet outil allie performance et durabilit\u00e9, facilitant l&#039;entretien de vos espaces ext\u00e9rieurs.<\/p>","protected":false},"featured_media":29616,"comment_status":"open","ping_status":"closed","template":"","meta":[],"product_brand":[],"product_cat":[383],"product_tag":[],"class_list":{"0":"post-5283","1":"product","2":"type-product","3":"status-publish","4":"has-post-thumbnail","6":"product_cat-broyeur-de-jardin","8":"first","9":"instock","10":"shipping-taxable","11":"purchasable","12":"product-type-simple"},"_links":{"self":[{"href":"https:\/\/sarlaujardin.com\/en\/wp-json\/wp\/v2\/product\/5283","targetHints":{"allow":["GET"]}}],"collection":[{"href":"https:\/\/sarlaujardin.com\/en\/wp-json\/wp\/v2\/product"}],"about":[{"href":"https:\/\/sarlaujardin.com\/en\/wp-json\/wp\/v2\/types\/product"}],"replies":[{"embeddable":true,"href":"https:\/\/sarlaujardin.com\/en\/wp-json\/wp\/v2\/comments?post=5283"}],"version-history":[{"count":1,"href":"https:\/\/sarlaujardin.com\/en\/wp-json\/wp\/v2\/product\/5283\/revisions"}],"predecessor-version":[{"id":29621,"href":"https:\/\/sarlaujardin.com\/en\/wp-json\/wp\/v2\/product\/5283\/revisions\/29621"}],"wp:featuredmedia":[{"embeddable":true,"href":"https:\/\/sarlaujardin.com\/en\/wp-json\/wp\/v2\/media\/29616"}],"wp:attachment":[{"href":"https:\/\/sarlaujardin.com\/en\/wp-json\/wp\/v2\/media?parent=5283"}],"wp:term":[{"taxonomy":"product_brand","embeddable":true,"href":"https:\/\/sarlaujardin.com\/en\/wp-json\/wp\/v2\/product_brand?post=5283"},{"taxonomy":"product_cat","embeddable":true,"href":"https:\/\/sarlaujardin.com\/en\/wp-json\/wp\/v2\/product_cat?post=5283"},{"taxonomy":"product_tag","embeddable":true,"href":"https:\/\/sarlaujardin.com\/en\/wp-json\/wp\/v2\/product_tag?post=5283"}],"curies":[{"name":"wp","href":"https:\/\/api.w.org\/{rel}","templated":true}]}}