{"id":5298,"date":"2025-06-07T20:14:14","date_gmt":"2025-06-07T20:14:14","guid":{"rendered":"https:\/\/sarlaujardin.com\/?post_type=product&#038;p=5298"},"modified":"2025-06-07T20:14:22","modified_gmt":"2025-06-07T20:14:22","slug":"broyeur-lumag-avec-moteur-essence-rambo-hc15h-neuf","status":"publish","type":"product","link":"https:\/\/sarlaujardin.com\/en\/product\/broyeur-lumag-avec-moteur-essence-rambo-hc15h-neuf\/","title":{"rendered":"Broyeur Lumag avec moteur essence RAMBO HC15H-Neuf"},"content":{"rendered":"<p>Le broyeur Lumag RAMBO HC15 H-Neuf se distingue par son moteur \u00e0 essence performant, qui le rend particuli\u00e8rement adapt\u00e9 aux travaux exigeants de broyage. Dot\u00e9 d&#039;un rouleau d&#039;alimentation hydraulique, il facilite le traitement des mat\u00e9riaux gr\u00e2ce \u00e0 un mouvement d&#039;avance et de retour, optimisant ainsi l&#039;efficacit\u00e9 du processus. Un ch\u00e2ssis robuste et un timon int\u00e9gr\u00e9 assurent une mobilit\u00e9 ais\u00e9e, permettant de repositionner l&#039;appareil sans effort.<br \/>\nL&#039;\u00e9quipement du RAMBO HC15 H comprend deux couteaux principaux et un contre-couteau, \u00e9l\u00e9ments essentiels pour la r\u00e9duction de branches et de petits arbres pouvant atteindre un diam\u00e8tre de 120 mm. Cette capacit\u00e9 \u00e0 traiter des mat\u00e9riaux robustes en fait un outil indispensable pour l&#039;entretien des espaces verts.<br \/>\nLe dispositif est \u00e9galement muni de 10 lames mobiles positionn\u00e9es sur la roue \u00e0 disques, qui permettent un broyage secondaire des mat\u00e9riaux d\u00e9j\u00e0 coup\u00e9s, garantissant ainsi une finesse de broyage exceptionnelle. La goulotte d&#039;\u00e9jection, orientable sur 360 degr\u00e9s et d&#039;une hauteur de 80 cm, offre une grande flexibilit\u00e9 dans le choix de la direction d&#039;\u00e9vacuation des copeaux, facilitant le travail quel que soit l&#039;environnement.<br \/>\nEn somme, le broyeur RAMBO HC15 H combine robustesse, efficacit\u00e9 et mobilit\u00e9, r\u00e9pondant ainsi aux exigences des utilisateurs professionnels cherchant un rendement optimal dans leurs t\u00e2ches de broyage.<\/p>","protected":false},"excerpt":{"rendered":"<p>Optez pour la puissance et l&#039;efficacit\u00e9 avec le broyeur Lumag RAMBO HC15 H. \u00c9quip\u00e9 d&#039;un moteur \u00e0 essence 4 temps de 12,2 ch, il offre une vitesse de rotation impressionnante de 3600 tr\/min, garantissant une coupe rapide et efficace. Son syst\u00e8me de d\u00e9marrage \u00e9lectrique et invers\u00e9 assure une mise en route sans effort. Capable de broyer des branches jusqu&#039;\u00e0 12 cm de diam\u00e8tre, ce broyeur est id\u00e9al pour les travaux de jardinage intensifs. Le r\u00e9servoir de 6,5 litres permet une utilisation prolong\u00e9e sans interruptions fr\u00e9quentes. Con\u00e7u pour les professionnels exigeants, il se distingue par sa robustesse et sa performance optimale.<\/p>","protected":false},"featured_media":29631,"comment_status":"open","ping_status":"closed","template":"","meta":[],"product_brand":[],"product_cat":[383],"product_tag":[],"class_list":{"0":"post-5298","1":"product","2":"type-product","3":"status-publish","4":"has-post-thumbnail","6":"product_cat-broyeur-de-jardin","8":"first","9":"instock","10":"shipping-taxable","11":"purchasable","12":"product-type-simple"},"_links":{"self":[{"href":"https:\/\/sarlaujardin.com\/en\/wp-json\/wp\/v2\/product\/5298","targetHints":{"allow":["GET"]}}],"collection":[{"href":"https:\/\/sarlaujardin.com\/en\/wp-json\/wp\/v2\/product"}],"about":[{"href":"https:\/\/sarlaujardin.com\/en\/wp-json\/wp\/v2\/types\/product"}],"replies":[{"embeddable":true,"href":"https:\/\/sarlaujardin.com\/en\/wp-json\/wp\/v2\/comments?post=5298"}],"version-history":[{"count":1,"href":"https:\/\/sarlaujardin.com\/en\/wp-json\/wp\/v2\/product\/5298\/revisions"}],"predecessor-version":[{"id":29637,"href":"https:\/\/sarlaujardin.com\/en\/wp-json\/wp\/v2\/product\/5298\/revisions\/29637"}],"wp:featuredmedia":[{"embeddable":true,"href":"https:\/\/sarlaujardin.com\/en\/wp-json\/wp\/v2\/media\/29631"}],"wp:attachment":[{"href":"https:\/\/sarlaujardin.com\/en\/wp-json\/wp\/v2\/media?parent=5298"}],"wp:term":[{"taxonomy":"product_brand","embeddable":true,"href":"https:\/\/sarlaujardin.com\/en\/wp-json\/wp\/v2\/product_brand?post=5298"},{"taxonomy":"product_cat","embeddable":true,"href":"https:\/\/sarlaujardin.com\/en\/wp-json\/wp\/v2\/product_cat?post=5298"},{"taxonomy":"product_tag","embeddable":true,"href":"https:\/\/sarlaujardin.com\/en\/wp-json\/wp\/v2\/product_tag?post=5298"}],"curies":[{"name":"wp","href":"https:\/\/api.w.org\/{rel}","templated":true}]}}