{"id":5315,"date":"2025-06-07T20:14:34","date_gmt":"2025-06-07T20:14:34","guid":{"rendered":"https:\/\/sarlaujardin.com\/?post_type=product&#038;p=5315"},"modified":"2025-06-07T20:14:38","modified_gmt":"2025-06-07T20:14:38","slug":"broyeur-thermique-stihl-gh-460-c-modele-2025-neuf","status":"publish","type":"product","link":"https:\/\/sarlaujardin.com\/en\/product\/broyeur-thermique-stihl-gh-460-c-modele-2025-neuf\/","title":{"rendered":"Broyeur thermique STIHL GH 460 C &#8211; mod\u00e8le 2025-Neuf"},"content":{"rendered":"<p>Con\u00e7u pour r\u00e9pondre aux exigences les plus strictes, le broyeur thermique STIHL GH 460 C &#8211; mod\u00e8le 2025-Neuf s&#039;adapte parfaitement aux d\u00e9fis pos\u00e9s par les branches robustes, les vastes espaces et les travaux prolong\u00e9s. \u00c9quip\u00e9 d&#039;un moteur exceptionnellement puissant, il offre des performances remarquables tout en assurant un fonctionnement fluide et efficace.<br \/>\nLe broyeur se distingue par son m\u00e9canisme de couteau \u00e0 sandwich, capable de transformer rapidement les branches allant jusqu&#039;\u00e0 75 mm d&#039;\u00e9paisseur en petits copeaux. Ce processus est optimis\u00e9 par un syst\u00e8me \u00e0 deux chambres, garantissant une qualit\u00e9 de coupe sup\u00e9rieure, une efficacit\u00e9 remarquable et une long\u00e9vit\u00e9 accrue des couteaux.<br \/>\nLa conception de l&#039;appareil permet une alimentation distincte des deux syst\u00e8mes de broyage int\u00e9gr\u00e9s. Que vous ayez des r\u00e9sidus de coupe durs ou des mati\u00e8res vertes et tendres, chaque type de mat\u00e9riau peut \u00eatre trait\u00e9 s\u00e9par\u00e9ment, optimisant ainsi le fonctionnement du broyeur.<br \/>\nPour des raisons de s\u00e9curit\u00e9, le broyeur \u00e0 essence peut \u00eatre arr\u00eat\u00e9 temporairement. Il suffit d&#039;activer la vis de verrouillage situ\u00e9e sur le bo\u00eetier pour que l&#039;interrupteur de s\u00e9curit\u00e9 \u00e0 un clic\/un tour interrompe l&#039;entra\u00eenement du m\u00e9canisme de lame.<br \/>\nEn termes de mobilit\u00e9, le STIHL GH 460 C se montre particuli\u00e8rement maniable. En l&#039;inclinant l\u00e9g\u00e8rement, il devient \u00e9tonnamment facile \u00e0 d\u00e9placer gr\u00e2ce \u00e0 ses pneumatiques, ses poign\u00e9es de transport ergonomiques et son ch\u00e2ssis large et stable. Cette conception facilite le transport vers votre prochain lieu de travail, faisant de lui un outil pratique pour toutes vos t\u00e2ches de broyage.<\/p>","protected":false},"excerpt":{"rendered":"<p>Le broyeur thermique STIHL GH 460 C &#8211; mod\u00e8le 2025 offre une puissance exceptionnelle pour un broyage efficace et rapide. Gr\u00e2ce \u00e0 son moteur robuste, il transforme facilement les branches et les d\u00e9chets de jardin en paillis utile. Con\u00e7u pour une utilisation intensive, il garantit long\u00e9vit\u00e9 et fiabilit\u00e9, assurant un jardin propre et bien entretenu. Sa manipulation intuitive et son design ergonomique facilitent son utilisation, m\u00eame sur de longues p\u00e9riodes. Id\u00e9al pour les professionnels et les amateurs exigeants, ce broyeur est l&#039;outil indispensable pour un entretien paysager sans effort.<\/p>","protected":false},"featured_media":29648,"comment_status":"open","ping_status":"closed","template":"","meta":[],"product_brand":[],"product_cat":[383],"product_tag":[],"class_list":{"0":"post-5315","1":"product","2":"type-product","3":"status-publish","4":"has-post-thumbnail","6":"product_cat-broyeur-de-jardin","8":"first","9":"instock","10":"shipping-taxable","11":"purchasable","12":"product-type-simple"},"_links":{"self":[{"href":"https:\/\/sarlaujardin.com\/en\/wp-json\/wp\/v2\/product\/5315","targetHints":{"allow":["GET"]}}],"collection":[{"href":"https:\/\/sarlaujardin.com\/en\/wp-json\/wp\/v2\/product"}],"about":[{"href":"https:\/\/sarlaujardin.com\/en\/wp-json\/wp\/v2\/types\/product"}],"replies":[{"embeddable":true,"href":"https:\/\/sarlaujardin.com\/en\/wp-json\/wp\/v2\/comments?post=5315"}],"version-history":[{"count":1,"href":"https:\/\/sarlaujardin.com\/en\/wp-json\/wp\/v2\/product\/5315\/revisions"}],"predecessor-version":[{"id":29651,"href":"https:\/\/sarlaujardin.com\/en\/wp-json\/wp\/v2\/product\/5315\/revisions\/29651"}],"wp:featuredmedia":[{"embeddable":true,"href":"https:\/\/sarlaujardin.com\/en\/wp-json\/wp\/v2\/media\/29648"}],"wp:attachment":[{"href":"https:\/\/sarlaujardin.com\/en\/wp-json\/wp\/v2\/media?parent=5315"}],"wp:term":[{"taxonomy":"product_brand","embeddable":true,"href":"https:\/\/sarlaujardin.com\/en\/wp-json\/wp\/v2\/product_brand?post=5315"},{"taxonomy":"product_cat","embeddable":true,"href":"https:\/\/sarlaujardin.com\/en\/wp-json\/wp\/v2\/product_cat?post=5315"},{"taxonomy":"product_tag","embeddable":true,"href":"https:\/\/sarlaujardin.com\/en\/wp-json\/wp\/v2\/product_tag?post=5315"}],"curies":[{"name":"wp","href":"https:\/\/api.w.org\/{rel}","templated":true}]}}