{"id":5327,"date":"2025-06-07T20:14:48","date_gmt":"2025-06-07T20:14:48","guid":{"rendered":"https:\/\/sarlaujardin.com\/?post_type=product&#038;p=5327"},"modified":"2025-06-07T20:14:50","modified_gmt":"2025-06-07T20:14:50","slug":"broyeur-electrique-erco-ghx-ch550e-modele-2025-neuf","status":"publish","type":"product","link":"https:\/\/sarlaujardin.com\/en\/product\/broyeur-electrique-erco-ghx-ch550e-modele-2025-neuf\/","title":{"rendered":"Broyeur \u00e9lectrique ERCO GHX-CH550E &#8211; mod\u00e8le 2025-Neuf"},"content":{"rendered":"<p>Le broyeur \u00e9lectrique ERCO GHX-CH550 E &#8211; mod\u00e8le 2025-Neuf est con\u00e7u pour r\u00e9pondre aux besoins des propri\u00e9taires de jardins qui cherchent \u00e0 optimiser le traitement des d\u00e9chets v\u00e9g\u00e9taux. Dot\u00e9 d\u2019une structure robuste, cet appareil est \u00e9quip\u00e9 d\u2019un moteur \u00e9lectrique performant, fonctionnant avec une alimentation standard de 230 volts. Sa conception est pens\u00e9e pour faciliter l\u2019\u00e9jection des mat\u00e9riaux broy\u00e9s, permettant ainsi de les diriger directement dans un conteneur pour une utilisation ou une \u00e9limination simplifi\u00e9e.<br \/>\nGr\u00e2ce \u00e0 son syst\u00e8me de broyage innovant, combinant un disque \u00e0 escalopes avec un fl\u00e9au marteau, cet appareil se distingue par sa polyvalence. Il est capable de broyer des branches jusqu\u2019\u00e0 un diam\u00e8tre de 45 mm, offrant ainsi des r\u00e9sultats de coupe remarquables. L&#039;\u00e9jection \u00e9lev\u00e9e de 50 cm contribue \u00e0 une gestion efficace des d\u00e9bris v\u00e9g\u00e9taux, rendant l\u2019entretien du jardin moins contraignant.<br \/>\nLe broyeur ERCO GHX-CH550 E se caract\u00e9rise \u00e9galement par sa mobilit\u00e9 ais\u00e9e, gr\u00e2ce \u00e0 un ch\u00e2ssis \u00e9quip\u00e9 de roues en caoutchouc plein. Ses dimensions de 120 x 61 x 103 cm (L x l x H) et son poids de 65 kg sont optimis\u00e9s pour offrir un bon \u00e9quilibre entre stabilit\u00e9 et maniabilit\u00e9.<br \/>\nEn termes de garantie, cet appareil est couvert pour une p\u00e9riode de 2 ans lorsqu\u2019il est utilis\u00e9 \u00e0 titre priv\u00e9, et de 1 an pour un usage commercial. Les utilisateurs appr\u00e9cieront la fiabilit\u00e9 et l\u2019efficacit\u00e9 de ce broyeur, qui se pr\u00e9sente comme un alli\u00e9 indispensable pour l\u2019entretien de leur espace vert.<\/p>","protected":false},"excerpt":{"rendered":"<p>Broyeur \u00e9lectrique ERCO GHX-CH550 E, mod\u00e8le 2025, con\u00e7u pour une efficacit\u00e9 exceptionnelle. Capable de traiter des branches jusqu&#039;\u00e0 4,5 cm d&#039;\u00e9paisseur, il garantit des performances optimales gr\u00e2ce \u00e0 sa puissance de 230 volts. Id\u00e9al pour un jardinage propre et rapide, il allie robustesse et facilit\u00e9 d&#039;utilisation. \u00c9quipez-vous pour un entretien de jardin sans effort avec une technologie de pointe.<\/p>","protected":false},"featured_media":29660,"comment_status":"open","ping_status":"closed","template":"","meta":[],"product_brand":[],"product_cat":[383],"product_tag":[],"class_list":{"0":"post-5327","1":"product","2":"type-product","3":"status-publish","4":"has-post-thumbnail","6":"product_cat-broyeur-de-jardin","8":"first","9":"instock","10":"shipping-taxable","11":"purchasable","12":"product-type-simple"},"_links":{"self":[{"href":"https:\/\/sarlaujardin.com\/en\/wp-json\/wp\/v2\/product\/5327","targetHints":{"allow":["GET"]}}],"collection":[{"href":"https:\/\/sarlaujardin.com\/en\/wp-json\/wp\/v2\/product"}],"about":[{"href":"https:\/\/sarlaujardin.com\/en\/wp-json\/wp\/v2\/types\/product"}],"replies":[{"embeddable":true,"href":"https:\/\/sarlaujardin.com\/en\/wp-json\/wp\/v2\/comments?post=5327"}],"version-history":[{"count":1,"href":"https:\/\/sarlaujardin.com\/en\/wp-json\/wp\/v2\/product\/5327\/revisions"}],"predecessor-version":[{"id":29661,"href":"https:\/\/sarlaujardin.com\/en\/wp-json\/wp\/v2\/product\/5327\/revisions\/29661"}],"wp:featuredmedia":[{"embeddable":true,"href":"https:\/\/sarlaujardin.com\/en\/wp-json\/wp\/v2\/media\/29660"}],"wp:attachment":[{"href":"https:\/\/sarlaujardin.com\/en\/wp-json\/wp\/v2\/media?parent=5327"}],"wp:term":[{"taxonomy":"product_brand","embeddable":true,"href":"https:\/\/sarlaujardin.com\/en\/wp-json\/wp\/v2\/product_brand?post=5327"},{"taxonomy":"product_cat","embeddable":true,"href":"https:\/\/sarlaujardin.com\/en\/wp-json\/wp\/v2\/product_cat?post=5327"},{"taxonomy":"product_tag","embeddable":true,"href":"https:\/\/sarlaujardin.com\/en\/wp-json\/wp\/v2\/product_tag?post=5327"}],"curies":[{"name":"wp","href":"https:\/\/api.w.org\/{rel}","templated":true}]}}