{"id":5329,"date":"2025-06-07T20:14:50","date_gmt":"2025-06-07T20:14:50","guid":{"rendered":"https:\/\/sarlaujardin.com\/?post_type=product&#038;p=5329"},"modified":"2025-06-07T20:14:52","modified_gmt":"2025-06-07T20:14:52","slug":"broyeur-universel-electrique-erco-ghx-180e-neuf","status":"publish","type":"product","link":"https:\/\/sarlaujardin.com\/en\/product\/broyeur-universel-electrique-erco-ghx-180e-neuf\/","title":{"rendered":"Broyeur universel \u00e9lectrique ERCO GHX-180E-Neuf"},"content":{"rendered":"<p>L&#039;ERCO GHX-180 E-Neuf est un broyeur universel \u00e9lectrique con\u00e7u pour r\u00e9pondre aux besoins exigeants des grands jardins, des espaces autour de la maison et des services de location. Dot\u00e9 d&#039;une alimentation en \u00e9nergie triphas\u00e9e, cet appareil se distingue par sa capacit\u00e9 \u00e0 offrir une haute performance tout en n\u00e9cessitant un temps d&#039;investissement minimal.<br \/>\nCe broyeur se caract\u00e9rise par sa facilit\u00e9 d&#039;utilisation, notamment gr\u00e2ce \u00e0 la possibilit\u00e9 d&#039;ouvrir et de fermer le tamis de broyage sans outils, ce qui s&#039;av\u00e8re particuli\u00e8rement utile lorsque le mat\u00e9riau \u00e0 traiter est boueux. Il est capable de d\u00e9chiqueter des branches d&#039;un diam\u00e8tre allant jusqu&#039;\u00e0 6,5 cm, ainsi que de hacher efficacement les broussailles ramifi\u00e9es, les haies et les r\u00e9sidus d&#039;arbres, les rendant ainsi pr\u00eats pour le compostage.<br \/>\nLe moteur \u00e9lectrique puissant de 2 900 watts, fonctionnant sous 400 volts, assure une performance optimale. Les lames de marteau, fabriqu\u00e9es en acier sp\u00e9cial extra r\u00e9sistant, garantissent non seulement un excellent travail de hachage mais aussi une durabilit\u00e9 exceptionnelle. Le changement de lieu est \u00e9galement un jeu d&#039;enfant gr\u00e2ce au ch\u00e2ssis \u00e9quip\u00e9 de roues en caoutchouc plein.<br \/>\nEn termes de dimensions, l&#039;appareil mesure 110 x 80 x 143 cm (L x l x H) et p\u00e8se 75 kg, ce qui le rend robuste tout en restant maniable. Quant \u00e0 la garantie, elle s&#039;\u00e9tend sur 2 ans pour un usage priv\u00e9 et 1 an pour un usage commercial, offrant ainsi une tranquillit\u00e9 d&#039;esprit suppl\u00e9mentaire \u00e0 ses utilisateurs.<\/p>","protected":false},"excerpt":{"rendered":"<p>Broyez facilement vos branches jusqu&#039;\u00e0 6,5 cm d&#039;\u00e9paisseur avec le broyeur universel \u00e9lectrique ERCO GHX-180 E-Neuf. Dot\u00e9 d&#039;une puissance impressionnante de 2900 watts et fonctionnant sur 400 volts, cet appareil garantit une performance optimale pour un entretien de jardin efficace. Sa conception robuste et sa marque renomm\u00e9e assurent fiabilit\u00e9 et durabilit\u00e9 pour vos travaux de jardinage. Transformez vos d\u00e9chets verts en mati\u00e8re r\u00e9utilisable en un clin d&#039;\u0153il.<\/p>","protected":false},"featured_media":29662,"comment_status":"open","ping_status":"closed","template":"","meta":[],"product_brand":[],"product_cat":[383],"product_tag":[],"class_list":{"0":"post-5329","1":"product","2":"type-product","3":"status-publish","4":"has-post-thumbnail","6":"product_cat-broyeur-de-jardin","8":"first","9":"instock","10":"shipping-taxable","11":"purchasable","12":"product-type-simple"},"_links":{"self":[{"href":"https:\/\/sarlaujardin.com\/en\/wp-json\/wp\/v2\/product\/5329","targetHints":{"allow":["GET"]}}],"collection":[{"href":"https:\/\/sarlaujardin.com\/en\/wp-json\/wp\/v2\/product"}],"about":[{"href":"https:\/\/sarlaujardin.com\/en\/wp-json\/wp\/v2\/types\/product"}],"replies":[{"embeddable":true,"href":"https:\/\/sarlaujardin.com\/en\/wp-json\/wp\/v2\/comments?post=5329"}],"version-history":[{"count":1,"href":"https:\/\/sarlaujardin.com\/en\/wp-json\/wp\/v2\/product\/5329\/revisions"}],"predecessor-version":[{"id":29663,"href":"https:\/\/sarlaujardin.com\/en\/wp-json\/wp\/v2\/product\/5329\/revisions\/29663"}],"wp:featuredmedia":[{"embeddable":true,"href":"https:\/\/sarlaujardin.com\/en\/wp-json\/wp\/v2\/media\/29662"}],"wp:attachment":[{"href":"https:\/\/sarlaujardin.com\/en\/wp-json\/wp\/v2\/media?parent=5329"}],"wp:term":[{"taxonomy":"product_brand","embeddable":true,"href":"https:\/\/sarlaujardin.com\/en\/wp-json\/wp\/v2\/product_brand?post=5329"},{"taxonomy":"product_cat","embeddable":true,"href":"https:\/\/sarlaujardin.com\/en\/wp-json\/wp\/v2\/product_cat?post=5329"},{"taxonomy":"product_tag","embeddable":true,"href":"https:\/\/sarlaujardin.com\/en\/wp-json\/wp\/v2\/product_tag?post=5329"}],"curies":[{"name":"wp","href":"https:\/\/api.w.org\/{rel}","templated":true}]}}