{"id":5360,"date":"2025-06-07T20:15:21","date_gmt":"2025-06-07T20:15:21","guid":{"rendered":"https:\/\/sarlaujardin.com\/?post_type=product&#038;p=5360"},"modified":"2025-06-07T20:15:23","modified_gmt":"2025-06-07T20:15:23","slug":"broyeur-de-jardin-remarc-compostmaster-3-5-modele-2025-neuf","status":"publish","type":"product","link":"https:\/\/sarlaujardin.com\/en\/product\/broyeur-de-jardin-remarc-compostmaster-3-5-modele-2025-neuf\/","title":{"rendered":"Broyeur de jardin Remarc Compostmaster 3.5 &#8211; mod\u00e8le 2025-Neuf"},"content":{"rendered":"<p>Le broyeur de jardin Remarc Compostmaster 3.5 &#8211; mod\u00e8le 2025-Neuf se distingue par sa capacit\u00e9 \u00e0 traiter efficacement une vari\u00e9t\u00e9 de mat\u00e9riaux de jardin. Propos\u00e9 en deux niveaux de performance, ce mod\u00e8le offre \u00e9galement une isolation phonique sp\u00e9ciale pour r\u00e9duire le bruit (voir option Silent). Gr\u00e2ce \u00e0 sa conception innovante, ce broyeur d\u00e9chiqu\u00e8te sans effort tout type de mat\u00e9riau, qu&#039;il s&#039;agisse de bois, de mati\u00e8res tendres, dures, humides ou s\u00e8ches.<br \/>\nAu c\u0153ur de son efficacit\u00e9 se trouve un processus de coupe \u00e0 deux chambres. La chambre de coupe sup\u00e9rieure, aliment\u00e9e par une grande tr\u00e9mie, est sp\u00e9cialement con\u00e7ue pour traiter tous les mat\u00e9riaux qui y sont introduits, y compris les restes de fleurs ou de l\u00e9gumes, m\u00eame avec des racines encore couvertes de terre. Cette \u00e9tape pr\u00e9pare id\u00e9alement les d\u00e9chets pour le processus de compostage.<br \/>\nLa chambre de coupe inf\u00e9rieure est quant \u00e0 elle \u00e9quip\u00e9e d&#039;une tr\u00e9mie s\u00e9par\u00e9e, permettant de broyer des branches jusqu&#039;\u00e0 4 cm d&#039;\u00e9paisseur. Ces branches sont d\u00e9coup\u00e9es en tranches fines d&#039;environ 3 mm dans le sens du grain et pli\u00e9es, cr\u00e9ant ainsi une surface \u00e0 pores grossiers qui facilite le compostage par les micro-organismes.<br \/>\nLes disques \u00e0 couteaux Remarc, fabriqu\u00e9s dans un alliage sp\u00e9cial, sont d&#039;une r\u00e9sistance exceptionnelle, capables de traiter les plantes en pot avec racines et terre, y compris les pierres. Cette robustesse garantit que le broyeur Remarc peut traiter rapidement et facilement tous les d\u00e9chets de jardin, qu&#039;ils soient secs ou humides.<br \/>\nAvec une capacit\u00e9 de broyage pouvant atteindre 350 ou 420 kilogrammes par heure, le Compostmaster 3.5 incarne l&#039;innovation et le leadership technique de Remarc, une entreprise qui a marqu\u00e9 son empreinte dans le domaine de l&#039;entretien de jardins et de paysages depuis les ann\u00e9es 70. Con\u00e7u \u00e0 l&#039;aide des syst\u00e8mes de CAO 3D les plus avanc\u00e9s, ce broyeur refl\u00e8te la qualit\u00e9 sup\u00e9rieure \u00ab made in Germany \u00bb pris\u00e9e par les d\u00e9taillants et les utilisateurs. Fabriqu\u00e9 \u00e0 Leer, il combine tradition et technologie de pointe pour r\u00e9pondre aux besoins des professionnels du jardinage.<\/p>","protected":false},"excerpt":{"rendered":"<p>Optez pour le Broyeur de jardin Remarc Compostmaster 3.5 &#8211; mod\u00e8le 2025 pour une gestion efficace des d\u00e9chets verts. \u00c9quip\u00e9 d&#039;un puissant moteur \u00e9lectrique Remarc de 3 500 watts, ce broyeur traite jusqu&#039;\u00e0 420 kg de mati\u00e8re par heure, transformant branches jusqu&#039;\u00e0 4 cm d&#039;\u00e9paisseur en compost pr\u00e9cieux. Sa conception robuste inclut un bo\u00eetier en t\u00f4lerie et des roues de transport pour une mobilit\u00e9 ais\u00e9e. Le syst\u00e8me \u00e0 6 hachoirs et 2 chambres \u00e0 coups garantit un broyage fin ou grossier, adaptable aux mat\u00e9riaux humides ou secs. Un entonnoir pliable et une poign\u00e9e de transport ajoutent praticit\u00e9 et confort d&#039;utilisation.<\/p>","protected":false},"featured_media":29693,"comment_status":"open","ping_status":"closed","template":"","meta":[],"product_brand":[],"product_cat":[383],"product_tag":[],"class_list":{"0":"post-5360","1":"product","2":"type-product","3":"status-publish","4":"has-post-thumbnail","6":"product_cat-broyeur-de-jardin","8":"first","9":"instock","10":"shipping-taxable","11":"purchasable","12":"product-type-simple"},"_links":{"self":[{"href":"https:\/\/sarlaujardin.com\/en\/wp-json\/wp\/v2\/product\/5360","targetHints":{"allow":["GET"]}}],"collection":[{"href":"https:\/\/sarlaujardin.com\/en\/wp-json\/wp\/v2\/product"}],"about":[{"href":"https:\/\/sarlaujardin.com\/en\/wp-json\/wp\/v2\/types\/product"}],"replies":[{"embeddable":true,"href":"https:\/\/sarlaujardin.com\/en\/wp-json\/wp\/v2\/comments?post=5360"}],"version-history":[{"count":1,"href":"https:\/\/sarlaujardin.com\/en\/wp-json\/wp\/v2\/product\/5360\/revisions"}],"predecessor-version":[{"id":29694,"href":"https:\/\/sarlaujardin.com\/en\/wp-json\/wp\/v2\/product\/5360\/revisions\/29694"}],"wp:featuredmedia":[{"embeddable":true,"href":"https:\/\/sarlaujardin.com\/en\/wp-json\/wp\/v2\/media\/29693"}],"wp:attachment":[{"href":"https:\/\/sarlaujardin.com\/en\/wp-json\/wp\/v2\/media?parent=5360"}],"wp:term":[{"taxonomy":"product_brand","embeddable":true,"href":"https:\/\/sarlaujardin.com\/en\/wp-json\/wp\/v2\/product_brand?post=5360"},{"taxonomy":"product_cat","embeddable":true,"href":"https:\/\/sarlaujardin.com\/en\/wp-json\/wp\/v2\/product_cat?post=5360"},{"taxonomy":"product_tag","embeddable":true,"href":"https:\/\/sarlaujardin.com\/en\/wp-json\/wp\/v2\/product_tag?post=5360"}],"curies":[{"name":"wp","href":"https:\/\/api.w.org\/{rel}","templated":true}]}}