{"id":5362,"date":"2025-06-07T20:15:23","date_gmt":"2025-06-07T20:15:23","guid":{"rendered":"https:\/\/sarlaujardin.com\/?post_type=product&#038;p=5362"},"modified":"2025-06-07T20:15:24","modified_gmt":"2025-06-07T20:15:24","slug":"broyeur-de-jardin-remarc-summertime-2-1-modele-2025-neuf","status":"publish","type":"product","link":"https:\/\/sarlaujardin.com\/en\/product\/broyeur-de-jardin-remarc-summertime-2-1-modele-2025-neuf\/","title":{"rendered":"Broyeur de jardin Remarc Summertime 2.1 &#8211; mod\u00e8le 2025-Neuf"},"content":{"rendered":"<p>Le Broyeur de jardin Remarc Summertime 2.1 &#8211; mod\u00e8le 2025-Neuf incarne l&#039;innovation et l&#039;expertise en mati\u00e8re de jardinage. Ce mod\u00e8le se distingue par un syst\u00e8me de coupe \u00e0 deux chambres, garantissant une efficacit\u00e9 optimale dans le traitement des d\u00e9chets de jardin. La chambre de coupe sup\u00e9rieure, dot\u00e9e d&#039;une grande tr\u00e9mie d&#039;alimentation, est con\u00e7ue pour broyer une vari\u00e9t\u00e9 de mat\u00e9riaux, qu&#039;ils soient ligneux, tendres, durs, humides ou secs. M\u00eame les restes de fleurs ou de l\u00e9gumes, racines encore en terre, ne posent aucun probl\u00e8me \u00e0 cet appareil, offrant ainsi une pr\u00e9paration id\u00e9ale pour le compostage.<br \/>\nEn parall\u00e8le, la chambre de coupe inf\u00e9rieure, accessible via une tr\u00e9mie d&#039;alimentation distincte, est d\u00e9di\u00e9e au broyage des branches jusqu&#039;\u00e0 4 cm d&#039;\u00e9paisseur. Les branches sont finement tranch\u00e9es, cr\u00e9ant des surfaces \u00e0 pores grossiers qui acc\u00e9l\u00e8rent le processus de compostage gr\u00e2ce \u00e0 une meilleure action des micro-organismes.<br \/>\nLe d\u00e9veloppement historique de Remarc t\u00e9moigne de son leadership technique et de sa qualit\u00e9 constante, depuis l&#039;essor du secteur dans les ann\u00e9es 70. Sp\u00e9cialis\u00e9e dans les outils de jardinage avanc\u00e9s, l&#039;entreprise propose \u00e9galement des scarificateurs, des aspirateurs universels, des balayeuses et des tracteurs de pelouse. Remarc s&#039;appuie sur une \u00e9quipe de d\u00e9veloppement innovante utilisant des syst\u00e8mes de CAO 3D de pointe, assurant ainsi une fabrication de haute qualit\u00e9 directement \u00e0 Leer, en Allemagne.<br \/>\nLe broyeur Summertime 2.1 &#8211; mod\u00e8le 2025-Neuf est le fruit de cette expertise, offrant une solution professionnelle et fiable pour l&#039;entretien des jardins et des paysages.<\/p>","protected":false},"excerpt":{"rendered":"<p>Broyeur de jardin Remarc Summertime 2.1, mod\u00e8le 2025-Neuf, un alli\u00e9 puissant pour l&#039;entretien de votre espace vert. Son moteur \u00e9lectrique de 2,3 kW offre une performance optimale pour broyer jusqu&#039;\u00e0 280 kg de v\u00e9g\u00e9taux par heure. La capacit\u00e9 de hachage double et les quatre lames assurent une efficacit\u00e9 redoutable sur des branches allant jusqu&#039;\u00e0 4 cm d&#039;\u00e9paisseur. Con\u00e7u pour la commodit\u00e9, il est \u00e9quip\u00e9 d&#039;un entonnoir amovible et pliable, ainsi que d&#039;une poign\u00e9e de transport pour un d\u00e9placement ais\u00e9. Sa construction robuste en bo\u00eetier de t\u00f4lerie promet durabilit\u00e9 et long\u00e9vit\u00e9, tandis que ses roues int\u00e9gr\u00e9es facilitent le transport. Optez pour un entretien de jardin sans effort avec ce broyeur performant et fiable.<\/p>","protected":false},"featured_media":29695,"comment_status":"open","ping_status":"closed","template":"","meta":[],"product_brand":[],"product_cat":[383],"product_tag":[],"class_list":{"0":"post-5362","1":"product","2":"type-product","3":"status-publish","4":"has-post-thumbnail","6":"product_cat-broyeur-de-jardin","8":"first","9":"instock","10":"shipping-taxable","11":"purchasable","12":"product-type-simple"},"_links":{"self":[{"href":"https:\/\/sarlaujardin.com\/en\/wp-json\/wp\/v2\/product\/5362","targetHints":{"allow":["GET"]}}],"collection":[{"href":"https:\/\/sarlaujardin.com\/en\/wp-json\/wp\/v2\/product"}],"about":[{"href":"https:\/\/sarlaujardin.com\/en\/wp-json\/wp\/v2\/types\/product"}],"replies":[{"embeddable":true,"href":"https:\/\/sarlaujardin.com\/en\/wp-json\/wp\/v2\/comments?post=5362"}],"version-history":[{"count":1,"href":"https:\/\/sarlaujardin.com\/en\/wp-json\/wp\/v2\/product\/5362\/revisions"}],"predecessor-version":[{"id":29696,"href":"https:\/\/sarlaujardin.com\/en\/wp-json\/wp\/v2\/product\/5362\/revisions\/29696"}],"wp:featuredmedia":[{"embeddable":true,"href":"https:\/\/sarlaujardin.com\/en\/wp-json\/wp\/v2\/media\/29695"}],"wp:attachment":[{"href":"https:\/\/sarlaujardin.com\/en\/wp-json\/wp\/v2\/media?parent=5362"}],"wp:term":[{"taxonomy":"product_brand","embeddable":true,"href":"https:\/\/sarlaujardin.com\/en\/wp-json\/wp\/v2\/product_brand?post=5362"},{"taxonomy":"product_cat","embeddable":true,"href":"https:\/\/sarlaujardin.com\/en\/wp-json\/wp\/v2\/product_cat?post=5362"},{"taxonomy":"product_tag","embeddable":true,"href":"https:\/\/sarlaujardin.com\/en\/wp-json\/wp\/v2\/product_tag?post=5362"}],"curies":[{"name":"wp","href":"https:\/\/api.w.org\/{rel}","templated":true}]}}