{"id":5364,"date":"2025-06-07T20:15:24","date_gmt":"2025-06-07T20:15:24","guid":{"rendered":"https:\/\/sarlaujardin.com\/?post_type=product&#038;p=5364"},"modified":"2025-06-07T20:15:26","modified_gmt":"2025-06-07T20:15:26","slug":"broyeur-de-jardin-remarc-summertime-2-3-modele-2025-neuf","status":"publish","type":"product","link":"https:\/\/sarlaujardin.com\/en\/product\/broyeur-de-jardin-remarc-summertime-2-3-modele-2025-neuf\/","title":{"rendered":"Broyeur de jardin Remarc Summertime 2.3 &#8211; mod\u00e8le 2025-Neuf"},"content":{"rendered":"<p>Le Broyeur de jardin Remarc Summertime 2.3 &#8211; mod\u00e8le 2025-Neuf est un outil de jardinage de haute performance con\u00e7u pour r\u00e9pondre aux besoins vari\u00e9s des amateurs de jardinage et des professionnels. Ce mod\u00e8le int\u00e8gre une technologie de pointe avec un syst\u00e8me de coupe \u00e0 deux chambres, optimisant ainsi le processus de broyage pour divers types de mat\u00e9riaux.<br \/>\nLa chambre de coupe sup\u00e9rieure, reli\u00e9e \u00e0 une grande tr\u00e9mie d&#039;alimentation, est con\u00e7ue pour g\u00e9rer une large gamme de mat\u00e9riaux de jardin. Qu&#039;il s&#039;agisse de mat\u00e9riaux ligneux, tendres, durs, humides ou secs, ce broyeur est capable de tout traiter. M\u00eame les restes de fleurs ou de l\u00e9gumes, avec leurs racines encore enrob\u00e9es de terre, sont efficacement broy\u00e9s, offrant une pr\u00e9paration id\u00e9ale pour le compostage.<br \/>\nQuant \u00e0 la chambre de coupe inf\u00e9rieure, elle est \u00e9quip\u00e9e d&#039;une tr\u00e9mie d&#039;alimentation distincte qui peut accueillir des branches jusqu&#039;\u00e0 4 cm de diam\u00e8tre. Ces branches sont d\u00e9coup\u00e9es en fines tranches d&#039;environ 3 mm dans le sens du grain, puis pli\u00e9es pour cr\u00e9er une surface \u00e0 pores grossiers. Cette m\u00e9thode facilite le d\u00e9marrage du compostage par les micro-organismes, acc\u00e9l\u00e9rant ainsi le processus de d\u00e9composition.<br \/>\nDepuis les ann\u00e9es 1970, Remarc s&#039;est impos\u00e9 comme un leader dans le d\u00e9veloppement de technologies de jardinage. Gr\u00e2ce \u00e0 une \u00e9quipe de d\u00e9veloppement innovante et l&#039;utilisation de syst\u00e8mes de CAO 3D avanc\u00e9s, la marque continue de produire des \u00e9quipements \u00ab made in Germany \u00bb de qualit\u00e9 sup\u00e9rieure, directement fabriqu\u00e9s \u00e0 Leer. Le Broyeur de jardin Remarc Summertime 2.3 &#8211; mod\u00e8le 2025-Neuf incarne cette tradition de leadership technique et d&#039;excellence en mati\u00e8re de jardinage.<\/p>","protected":false},"excerpt":{"rendered":"<p>Optimisez votre espace ext\u00e9rieur avec le Broyeur de jardin Remarc Summertime 2.3 &#8211; mod\u00e8le 2025. Propuls\u00e9 par un moteur \u00e9lectrique performant de 2,8 kW, ce broyeur g\u00e8re jusqu&#039;\u00e0 370 kg de d\u00e9chets par heure gr\u00e2ce \u00e0 son syst\u00e8me de hachage double et \u00e0 ses 6 hachoirs. Capable de traiter des branches jusqu&#039;\u00e0 4 cm d&#039;\u00e9paisseur, il garantit un entretien efficace de votre jardin. Sa conception ergonomique avec poign\u00e9es et roues de transport facilite son d\u00e9placement. Le bo\u00eetier robuste en t\u00f4lerie assure une durabilit\u00e9 accrue, tandis que l&#039;entonnoir pliable simplifie le rangement. Dimensions compactes et poids optimis\u00e9 \u00e0 50 kg pour une utilisation sans effort.<\/p>","protected":false},"featured_media":29697,"comment_status":"open","ping_status":"closed","template":"","meta":[],"product_brand":[],"product_cat":[383],"product_tag":[],"class_list":{"0":"post-5364","1":"product","2":"type-product","3":"status-publish","4":"has-post-thumbnail","6":"product_cat-broyeur-de-jardin","8":"first","9":"instock","10":"shipping-taxable","11":"purchasable","12":"product-type-simple"},"_links":{"self":[{"href":"https:\/\/sarlaujardin.com\/en\/wp-json\/wp\/v2\/product\/5364","targetHints":{"allow":["GET"]}}],"collection":[{"href":"https:\/\/sarlaujardin.com\/en\/wp-json\/wp\/v2\/product"}],"about":[{"href":"https:\/\/sarlaujardin.com\/en\/wp-json\/wp\/v2\/types\/product"}],"replies":[{"embeddable":true,"href":"https:\/\/sarlaujardin.com\/en\/wp-json\/wp\/v2\/comments?post=5364"}],"version-history":[{"count":1,"href":"https:\/\/sarlaujardin.com\/en\/wp-json\/wp\/v2\/product\/5364\/revisions"}],"predecessor-version":[{"id":29698,"href":"https:\/\/sarlaujardin.com\/en\/wp-json\/wp\/v2\/product\/5364\/revisions\/29698"}],"wp:featuredmedia":[{"embeddable":true,"href":"https:\/\/sarlaujardin.com\/en\/wp-json\/wp\/v2\/media\/29697"}],"wp:attachment":[{"href":"https:\/\/sarlaujardin.com\/en\/wp-json\/wp\/v2\/media?parent=5364"}],"wp:term":[{"taxonomy":"product_brand","embeddable":true,"href":"https:\/\/sarlaujardin.com\/en\/wp-json\/wp\/v2\/product_brand?post=5364"},{"taxonomy":"product_cat","embeddable":true,"href":"https:\/\/sarlaujardin.com\/en\/wp-json\/wp\/v2\/product_cat?post=5364"},{"taxonomy":"product_tag","embeddable":true,"href":"https:\/\/sarlaujardin.com\/en\/wp-json\/wp\/v2\/product_tag?post=5364"}],"curies":[{"name":"wp","href":"https:\/\/api.w.org\/{rel}","templated":true}]}}