{"id":5381,"date":"2025-06-07T20:15:45","date_gmt":"2025-06-07T20:15:45","guid":{"rendered":"https:\/\/sarlaujardin.com\/?post_type=product&#038;p=5381"},"modified":"2025-06-07T20:15:47","modified_gmt":"2025-06-07T20:15:47","slug":"hachoir-a-couteaux-scheppach-biostar-3000-de-3-000-watts-230-volts-modele-2025-neuf","status":"publish","type":"product","link":"https:\/\/sarlaujardin.com\/en\/product\/hachoir-a-couteaux-scheppach-biostar-3000-de-3-000-watts-230-volts-modele-2025-neuf\/","title":{"rendered":"Hachoir \u00e0 couteaux Scheppach Biostar 3000 de 3 000 watts \/ 230 volts &#8211; mod\u00e8le 2025-Neuf"},"content":{"rendered":"<p>Le hachoir \u00e0 couteaux Scheppach Biostar 3000, mod\u00e8le 2025, se distingue par sa puissance et son efficacit\u00e9, id\u00e9al pour les grands jardins. Dot\u00e9 d&#039;un moteur \u00e9lectrique robuste de 3 000 watts fonctionnant sur 230 volts, cet appareil est con\u00e7u pour traiter sans effort les branches et les boutures. La conception ing\u00e9nieuse de son syst\u00e8me de coupe en biseau avec vis d&#039;alimentation garantit une r\u00e9traction puissante, permettant un d\u00e9bit continu sans attente lors du remplissage.<br \/>\nEn mati\u00e8re de performance, le Biostar 3000 se place au sommet de sa cat\u00e9gorie gr\u00e2ce \u00e0 ses contre-lames qui optimisent la qualit\u00e9 de coupe. Les couteaux r\u00e9versibles en acier \u00e0 outils tremp\u00e9 assurent une durabilit\u00e9 et une efficacit\u00e9 de coupe exceptionnelles, capables de traiter des branches jusqu&#039;\u00e0 45 mm d&#039;\u00e9paisseur. Le dispositif comprend deux couteaux, ajoutant \u00e0 sa capacit\u00e9 de d\u00e9chiquetage.<br \/>\nLe design du hachoir int\u00e8gre un bo\u00eetier stable avec ch\u00e2ssis, s\u00e9curis\u00e9 par un verrouillage centralis\u00e9, offrant \u00e0 la fois robustesse et s\u00e9curit\u00e9 d&#039;utilisation. Les dimensions de l&#039;ouverture de remplissage (120 x 155 mm) et de l&#039;ouverture d&#039;\u00e9jection (385 x 60 mm) sont con\u00e7ues pour maximiser l&#039;efficacit\u00e9 de traitement des d\u00e9chets de jardin. La vis d&#039;alimentation de 80 mm de diam\u00e8tre facilite l&#039;introduction des mat\u00e9riaux \u00e0 broyer.<br \/>\nMesurant 600 mm de longueur, 410 mm de largeur et 1400 mm de hauteur, et pesant 52 kg, le Biostar 3000 est un \u00e9quipement imposant, mais parfaitement adapt\u00e9 aux besoins de ceux qui cherchent \u00e0 maintenir un jardin bien entretenu. Ce produit est couvert par une garantie de 2 ans, assurant ainsi une tranquillit\u00e9 d&#039;esprit \u00e0 ses utilisateurs.<\/p>","protected":false},"excerpt":{"rendered":"<p>Hachoir \u00e0 couteaux Scheppach Biostar 3000 offre une puissance impressionnante de 3000 watts, id\u00e9al pour broyer des branches jusqu&#039;\u00e0 45 cm d&#039;\u00e9paisseur. Con\u00e7u pour les t\u00e2ches exigeantes, ce mod\u00e8le 2025 allie efficacit\u00e9 et robustesse, garantissant une performance optimale pour l&#039;entretien de votre jardin. Sa conception durable et sa marque renomm\u00e9e assurent une utilisation fiable et durable.<\/p>","protected":false},"featured_media":29714,"comment_status":"open","ping_status":"closed","template":"","meta":[],"product_brand":[],"product_cat":[383],"product_tag":[],"class_list":{"0":"post-5381","1":"product","2":"type-product","3":"status-publish","4":"has-post-thumbnail","6":"product_cat-broyeur-de-jardin","8":"first","9":"instock","10":"shipping-taxable","11":"purchasable","12":"product-type-simple"},"_links":{"self":[{"href":"https:\/\/sarlaujardin.com\/en\/wp-json\/wp\/v2\/product\/5381","targetHints":{"allow":["GET"]}}],"collection":[{"href":"https:\/\/sarlaujardin.com\/en\/wp-json\/wp\/v2\/product"}],"about":[{"href":"https:\/\/sarlaujardin.com\/en\/wp-json\/wp\/v2\/types\/product"}],"replies":[{"embeddable":true,"href":"https:\/\/sarlaujardin.com\/en\/wp-json\/wp\/v2\/comments?post=5381"}],"version-history":[{"count":1,"href":"https:\/\/sarlaujardin.com\/en\/wp-json\/wp\/v2\/product\/5381\/revisions"}],"predecessor-version":[{"id":29716,"href":"https:\/\/sarlaujardin.com\/en\/wp-json\/wp\/v2\/product\/5381\/revisions\/29716"}],"wp:featuredmedia":[{"embeddable":true,"href":"https:\/\/sarlaujardin.com\/en\/wp-json\/wp\/v2\/media\/29714"}],"wp:attachment":[{"href":"https:\/\/sarlaujardin.com\/en\/wp-json\/wp\/v2\/media?parent=5381"}],"wp:term":[{"taxonomy":"product_brand","embeddable":true,"href":"https:\/\/sarlaujardin.com\/en\/wp-json\/wp\/v2\/product_brand?post=5381"},{"taxonomy":"product_cat","embeddable":true,"href":"https:\/\/sarlaujardin.com\/en\/wp-json\/wp\/v2\/product_cat?post=5381"},{"taxonomy":"product_tag","embeddable":true,"href":"https:\/\/sarlaujardin.com\/en\/wp-json\/wp\/v2\/product_tag?post=5381"}],"curies":[{"name":"wp","href":"https:\/\/api.w.org\/{rel}","templated":true}]}}