{"id":5395,"date":"2025-06-07T20:16:02","date_gmt":"2025-06-07T20:16:02","guid":{"rendered":"https:\/\/sarlaujardin.com\/?post_type=product&#038;p=5395"},"modified":"2025-06-07T20:16:04","modified_gmt":"2025-06-07T20:16:04","slug":"broyeur-electrique-stihl-ghe-105-modele-2025-neuf","status":"publish","type":"product","link":"https:\/\/sarlaujardin.com\/en\/product\/broyeur-electrique-stihl-ghe-105-modele-2025-neuf\/","title":{"rendered":"Broyeur \u00e9lectrique STIHL GHE 105 &#8211; mod\u00e8le 2025-Neuf"},"content":{"rendered":"<p>Le STIHL GHE 105, mod\u00e8le 2025-Neuf, est con\u00e7u pour r\u00e9pondre aux besoins de broyage de taille moyenne tout au long de l&#039;ann\u00e9e. Ce broyeur \u00e9lectrique se distingue par sa capacit\u00e9 \u00e0 traiter efficacement les d\u00e9chets v\u00e9g\u00e9taux, notamment les boutures d&#039;arbres ligneux et les haies \u00e0 forte teneur en bois. Les branches et brindilles, allant jusqu&#039;\u00e0 un diam\u00e8tre de 35 mm, sont broy\u00e9es avec pr\u00e9cision gr\u00e2ce \u00e0 une unit\u00e9 de coupe performante.<br \/>\nL&#039;appareil est dot\u00e9 d&#039;une ouverture en forme de tr\u00e8fle, facilitant l&#039;introduction des mat\u00e9riaux ligneux dans le broyeur. Pour les mati\u00e8res organiques plus souples, telles que les fleurs et les feuilles, le STIHL GHE 105 les transforme en un m\u00e9lange nutritif id\u00e9al pour le compostage. Une ouverture de remplissage distincte et allong\u00e9e permet d&#039;ajouter facilement ces mati\u00e8res m\u00e9lang\u00e9es.<br \/>\nFacile \u00e0 d\u00e9placer, ce broyeur est \u00e9quip\u00e9 de roues de transport et se distingue par son poids l\u00e9ger, ce qui simplifie son stockage apr\u00e8s utilisation. Ainsi, le STIHL GHE 105 allie efficacit\u00e9 et praticit\u00e9 pour un entretien optimal de votre jardin.<\/p>","protected":false},"excerpt":{"rendered":"<p>Broyeur \u00e9lectrique STIHL GHE 105, mod\u00e8le 2025, offre une puissance de 2200 W id\u00e9ale pour un jardinage efficace. Capable de traiter des branches jusqu&#039;\u00e0 3,5 cm d&#039;\u00e9paisseur, ce broyeur assure une r\u00e9duction rapide et pr\u00e9cise des d\u00e9chets verts. Fonctionne sur une alimentation standard de 230 V, garantissant une utilisation facile et accessible. Sa conception robuste et durable incarne la qualit\u00e9 STIHL, leader reconnu dans le domaine des outils de jardinage.<\/p>","protected":false},"featured_media":29728,"comment_status":"open","ping_status":"closed","template":"","meta":[],"product_brand":[],"product_cat":[383],"product_tag":[],"class_list":{"0":"post-5395","1":"product","2":"type-product","3":"status-publish","4":"has-post-thumbnail","6":"product_cat-broyeur-de-jardin","8":"first","9":"instock","10":"shipping-taxable","11":"purchasable","12":"product-type-simple"},"_links":{"self":[{"href":"https:\/\/sarlaujardin.com\/en\/wp-json\/wp\/v2\/product\/5395","targetHints":{"allow":["GET"]}}],"collection":[{"href":"https:\/\/sarlaujardin.com\/en\/wp-json\/wp\/v2\/product"}],"about":[{"href":"https:\/\/sarlaujardin.com\/en\/wp-json\/wp\/v2\/types\/product"}],"replies":[{"embeddable":true,"href":"https:\/\/sarlaujardin.com\/en\/wp-json\/wp\/v2\/comments?post=5395"}],"version-history":[{"count":1,"href":"https:\/\/sarlaujardin.com\/en\/wp-json\/wp\/v2\/product\/5395\/revisions"}],"predecessor-version":[{"id":29729,"href":"https:\/\/sarlaujardin.com\/en\/wp-json\/wp\/v2\/product\/5395\/revisions\/29729"}],"wp:featuredmedia":[{"embeddable":true,"href":"https:\/\/sarlaujardin.com\/en\/wp-json\/wp\/v2\/media\/29728"}],"wp:attachment":[{"href":"https:\/\/sarlaujardin.com\/en\/wp-json\/wp\/v2\/media?parent=5395"}],"wp:term":[{"taxonomy":"product_brand","embeddable":true,"href":"https:\/\/sarlaujardin.com\/en\/wp-json\/wp\/v2\/product_brand?post=5395"},{"taxonomy":"product_cat","embeddable":true,"href":"https:\/\/sarlaujardin.com\/en\/wp-json\/wp\/v2\/product_cat?post=5395"},{"taxonomy":"product_tag","embeddable":true,"href":"https:\/\/sarlaujardin.com\/en\/wp-json\/wp\/v2\/product_tag?post=5395"}],"curies":[{"name":"wp","href":"https:\/\/api.w.org\/{rel}","templated":true}]}}