{"id":5397,"date":"2025-06-07T20:16:06","date_gmt":"2025-06-07T20:16:06","guid":{"rendered":"https:\/\/sarlaujardin.com\/?post_type=product&#038;p=5397"},"modified":"2025-06-07T20:16:07","modified_gmt":"2025-06-07T20:16:07","slug":"broyeur-electrique-stihl-broyeur-ghe-150-modele-2025-neuf","status":"publish","type":"product","link":"https:\/\/sarlaujardin.com\/en\/product\/broyeur-electrique-stihl-broyeur-ghe-150-modele-2025-neuf\/","title":{"rendered":"Broyeur \u00e9lectrique STIHL Broyeur GHE 150 &#8211; mod\u00e8le 2025-Neuf"},"content":{"rendered":"<p>Le broyeur \u00e9lectrique STIHL GHE 150, mod\u00e8le 2025-Neuf, incarne un \u00e9quilibre parfait entre fonctionnalit\u00e9 et praticit\u00e9. Con\u00e7u pour d\u00e9chiqueter efficacement des branches coup\u00e9es de haies ou d&#039;arbres, cet appareil r\u00e9duit en petits morceaux les mat\u00e9riaux v\u00e9g\u00e9taux rapidement et avec pr\u00e9cision. Ce r\u00e9sultat est rendu possible gr\u00e2ce \u00e0 un m\u00e9canisme de couteau sandwich innovant, compl\u00e9t\u00e9 par des couteaux \u00e0 ailettes et des oreilles de d\u00e9chirement, permettant une utilisation avec de faibles vibrations, m\u00eame sur des branches atteignant un diam\u00e8tre de 35 mm.<br \/>\nCe broyeur dispose d&#039;un moteur robuste, garantissant une puissance constante pour des performances optimales. L&#039;entonnoir de remplissage, dot\u00e9 d&#039;une ouverture en forme de tr\u00e8fle, est sp\u00e9cialement con\u00e7u pour faciliter l&#039;insertion de branches aux ramifications larges ou de r\u00e9sidus de haies ligneuses. Avec le broyeur STIHL GHE 150, vous pouvez non seulement organiser votre jardin en un temps r\u00e9duit, mais aussi pr\u00e9parer un compost de qualit\u00e9 sup\u00e9rieure.<br \/>\nAfin de simplifier son rangement, le broyeur est \u00e9quip\u00e9 de roues de transport, permettant un d\u00e9placement ais\u00e9 vers un espace de stockage s\u00e9curis\u00e9 apr\u00e8s utilisation. Ce mod\u00e8le allie ainsi efficacit\u00e9, facilit\u00e9 d&#039;utilisation et mobilit\u00e9, faisant de lui un outil indispensable pour l&#039;entretien de votre espace vert.<\/p>","protected":false},"excerpt":{"rendered":"<p>Le broyeur \u00e9lectrique STIHL GHE 150, mod\u00e8le 2025, offre une puissance de 2500 W pour un broyage efficace de branches jusqu&#039;\u00e0 3,5 cm d&#039;\u00e9paisseur. Fonctionnant sous une tension de 230 V, il garantit performance et durabilit\u00e9. Con\u00e7u pour les jardins exigeants, ce broyeur transforme les d\u00e9chets verts en ressources pr\u00e9cieuses pour le compost. Sa conception robuste et sa simplicit\u00e9 d&#039;utilisation en font un choix id\u00e9al pour entretenir votre espace ext\u00e9rieur avec efficacit\u00e9 et facilit\u00e9.<\/p>","protected":false},"featured_media":29730,"comment_status":"open","ping_status":"closed","template":"","meta":[],"product_brand":[],"product_cat":[383],"product_tag":[],"class_list":{"0":"post-5397","1":"product","2":"type-product","3":"status-publish","4":"has-post-thumbnail","6":"product_cat-broyeur-de-jardin","8":"first","9":"instock","10":"shipping-taxable","11":"purchasable","12":"product-type-simple"},"_links":{"self":[{"href":"https:\/\/sarlaujardin.com\/en\/wp-json\/wp\/v2\/product\/5397","targetHints":{"allow":["GET"]}}],"collection":[{"href":"https:\/\/sarlaujardin.com\/en\/wp-json\/wp\/v2\/product"}],"about":[{"href":"https:\/\/sarlaujardin.com\/en\/wp-json\/wp\/v2\/types\/product"}],"replies":[{"embeddable":true,"href":"https:\/\/sarlaujardin.com\/en\/wp-json\/wp\/v2\/comments?post=5397"}],"version-history":[{"count":1,"href":"https:\/\/sarlaujardin.com\/en\/wp-json\/wp\/v2\/product\/5397\/revisions"}],"predecessor-version":[{"id":29731,"href":"https:\/\/sarlaujardin.com\/en\/wp-json\/wp\/v2\/product\/5397\/revisions\/29731"}],"wp:featuredmedia":[{"embeddable":true,"href":"https:\/\/sarlaujardin.com\/en\/wp-json\/wp\/v2\/media\/29730"}],"wp:attachment":[{"href":"https:\/\/sarlaujardin.com\/en\/wp-json\/wp\/v2\/media?parent=5397"}],"wp:term":[{"taxonomy":"product_brand","embeddable":true,"href":"https:\/\/sarlaujardin.com\/en\/wp-json\/wp\/v2\/product_brand?post=5397"},{"taxonomy":"product_cat","embeddable":true,"href":"https:\/\/sarlaujardin.com\/en\/wp-json\/wp\/v2\/product_cat?post=5397"},{"taxonomy":"product_tag","embeddable":true,"href":"https:\/\/sarlaujardin.com\/en\/wp-json\/wp\/v2\/product_tag?post=5397"}],"curies":[{"name":"wp","href":"https:\/\/api.w.org\/{rel}","templated":true}]}}