{"id":5399,"date":"2025-06-07T20:16:07","date_gmt":"2025-06-07T20:16:07","guid":{"rendered":"https:\/\/sarlaujardin.com\/?post_type=product&#038;p=5399"},"modified":"2025-06-07T20:16:10","modified_gmt":"2025-06-07T20:16:10","slug":"broyeur-electrique-stihl-ghe-250-modele-2025-neuf","status":"publish","type":"product","link":"https:\/\/sarlaujardin.com\/en\/product\/broyeur-electrique-stihl-ghe-250-modele-2025-neuf\/","title":{"rendered":"Broyeur \u00e9lectrique STIHL GHE 250 &#8211; mod\u00e8le 2025-Neuf"},"content":{"rendered":"<p>Le broyeur \u00e9lectrique STIHL GHE 250, mod\u00e8le 2025-Neuf, est con\u00e7u pour maintenir l&#039;ordre dans diff\u00e9rentes zones de votre jardin. Que vous ayez \u00e0 traiter des d\u00e9chets v\u00e9g\u00e9taux durs ou tendres, longs ou larges, cet appareil se distingue par sa capacit\u00e9 \u00e0 broyer efficacement et rapidement divers types de mat\u00e9riaux, y compris les r\u00e9sidus ligneux. Le syst\u00e8me de couteaux en sandwich, compl\u00e9t\u00e9 par un disque de coupe multicoupe, permet de d\u00e9couper sans effort des branches d&#039;une \u00e9paisseur allant jusqu&#039;\u00e0 30 mm.<br \/>\nDot\u00e9 d&#039;un moteur \u00e9lectrique puissant, le STIHL GHE 250 garantit une performance stable et fluide. Son bo\u00eetier, associ\u00e9 \u00e0 un entonnoir de remplissage, offre un maniement ais\u00e9 tout en assurant une s\u00e9curit\u00e9 optimale lors de son utilisation. Le grand entonnoir inclin\u00e9 simplifie le processus de remplissage, facilitant l&#039;introduction de feuilles, de brindilles et autres r\u00e9sidus v\u00e9g\u00e9taux.<br \/>\nLa mobilit\u00e9 du broyeur est \u00e9galement un atout majeur. Gr\u00e2ce \u00e0 ses roues, le STIHL GHE 250 peut \u00eatre inclin\u00e9 et d\u00e9plac\u00e9 ais\u00e9ment entre son lieu d&#039;utilisation et l&#039;espace de stockage. Cette caract\u00e9ristique pratique vous permet de transporter le broyeur sans effort, optimisant ainsi votre temps et votre \u00e9nergie lors des travaux de jardinage.<\/p>","protected":false},"excerpt":{"rendered":"<p>D\u00e9couvrez le broyeur \u00e9lectrique STIHL GHE 250, mod\u00e8le 2025, con\u00e7u pour simplifier l&#039;entretien de votre jardin. Capable de traiter des branches jusqu&#039;\u00e0 3,0 cm d&#039;\u00e9paisseur, il allie puissance et efficacit\u00e9 gr\u00e2ce \u00e0 son moteur robuste de 2500 W fonctionnant sur une tension de 230 V. Profitez d&#039;une performance optimale avec cet outil de qualit\u00e9 sup\u00e9rieure de la marque reconnue STIHL, id\u00e9al pour transformer vos d\u00e9chets verts en compost ou paillis.<\/p>","protected":false},"featured_media":29732,"comment_status":"open","ping_status":"closed","template":"","meta":[],"product_brand":[],"product_cat":[383],"product_tag":[],"class_list":{"0":"post-5399","1":"product","2":"type-product","3":"status-publish","4":"has-post-thumbnail","6":"product_cat-broyeur-de-jardin","8":"first","9":"instock","10":"shipping-taxable","11":"purchasable","12":"product-type-simple"},"_links":{"self":[{"href":"https:\/\/sarlaujardin.com\/en\/wp-json\/wp\/v2\/product\/5399","targetHints":{"allow":["GET"]}}],"collection":[{"href":"https:\/\/sarlaujardin.com\/en\/wp-json\/wp\/v2\/product"}],"about":[{"href":"https:\/\/sarlaujardin.com\/en\/wp-json\/wp\/v2\/types\/product"}],"replies":[{"embeddable":true,"href":"https:\/\/sarlaujardin.com\/en\/wp-json\/wp\/v2\/comments?post=5399"}],"version-history":[{"count":1,"href":"https:\/\/sarlaujardin.com\/en\/wp-json\/wp\/v2\/product\/5399\/revisions"}],"predecessor-version":[{"id":29734,"href":"https:\/\/sarlaujardin.com\/en\/wp-json\/wp\/v2\/product\/5399\/revisions\/29734"}],"wp:featuredmedia":[{"embeddable":true,"href":"https:\/\/sarlaujardin.com\/en\/wp-json\/wp\/v2\/media\/29732"}],"wp:attachment":[{"href":"https:\/\/sarlaujardin.com\/en\/wp-json\/wp\/v2\/media?parent=5399"}],"wp:term":[{"taxonomy":"product_brand","embeddable":true,"href":"https:\/\/sarlaujardin.com\/en\/wp-json\/wp\/v2\/product_brand?post=5399"},{"taxonomy":"product_cat","embeddable":true,"href":"https:\/\/sarlaujardin.com\/en\/wp-json\/wp\/v2\/product_cat?post=5399"},{"taxonomy":"product_tag","embeddable":true,"href":"https:\/\/sarlaujardin.com\/en\/wp-json\/wp\/v2\/product_tag?post=5399"}],"curies":[{"name":"wp","href":"https:\/\/api.w.org\/{rel}","templated":true}]}}