{"id":5402,"date":"2025-06-07T20:16:10","date_gmt":"2025-06-07T20:16:10","guid":{"rendered":"https:\/\/sarlaujardin.com\/?post_type=product&#038;p=5402"},"modified":"2025-06-07T20:16:14","modified_gmt":"2025-06-07T20:16:14","slug":"broyeur-electrique-stihl-ghe-250-s-modele-2025-neuf","status":"publish","type":"product","link":"https:\/\/sarlaujardin.com\/en\/product\/broyeur-electrique-stihl-ghe-250-s-modele-2025-neuf\/","title":{"rendered":"Broyeur \u00e9lectrique STIHL GHE 250 S &#8211; mod\u00e8le 2025-Neuf"},"content":{"rendered":"<p>Le mod\u00e8le 2025 du broyeur \u00e9lectrique STIHL GHE 250 S se distingue par sa capacit\u00e9 \u00e0 traiter efficacement aussi bien les branches volumineuses que celles d&#039;\u00e9paisseur moyenne, ainsi que les d\u00e9bris de haies durs. Con\u00e7u pour ceux qui requi\u00e8rent une solution fiable et r\u00e9guli\u00e8re, cet appareil assure une combinaison optimale entre puissance de d\u00e9bit et mobilit\u00e9.<br \/>\nLe syst\u00e8me de couteaux sandwich, int\u00e9grant des pr\u00e9-broyeurs, des couteaux \u00e0 refendre et des couteaux de coupe r\u00e9versibles, permet de traiter des branches l\u00e9g\u00e8rement plus \u00e9paisses jusqu&#039;\u00e0 un diam\u00e8tre de 35 mm, les transformant en mat\u00e9riaux finement hach\u00e9s. Ce m\u00e9canisme avanc\u00e9 est soutenu par un moteur \u00e9lectrique performant, garantissant un fonctionnement silencieux et sans rebond, gr\u00e2ce \u00e0 une tr\u00e9mie d&#039;alimentation insonoris\u00e9e.<br \/>\nEn outre, le STIHL GHE 250 S n&#039;est pas limit\u00e9 aux branches; il est \u00e9galement capable de broyer les d\u00e9chets verts mous et les feuilles, produisant ainsi un m\u00e9lange riche en nutriments, id\u00e9al pour le compostage. L&#039;appareil est con\u00e7u pour \u00eatre inclin\u00e9 facilement, facilitant son d\u00e9placement gr\u00e2ce \u00e0 ses roues de transport robustes, permettant ainsi une mobilit\u00e9 sans effort vers le prochain emplacement souhait\u00e9.<\/p>","protected":false},"excerpt":{"rendered":"<p>D\u00e9couvrez la puissance du Broyeur \u00e9lectrique STIHL GHE 250 S &#8211; mod\u00e8le 2025-Neuf. Con\u00e7u pour une efficacit\u00e9 optimale, ce broyeur traite facilement des branches jusqu&#039;\u00e0 3,5 cm d&#039;\u00e9paisseur gr\u00e2ce \u00e0 son moteur robuste de 2500 W. Alimentez-le simplement en 230 V pour un broyage rapide et sans effort. Profitez de la qualit\u00e9 exceptionnelle de la marque STIHL pour entretenir votre jardin avec pr\u00e9cision et facilit\u00e9.<\/p>","protected":false},"featured_media":29735,"comment_status":"open","ping_status":"closed","template":"","meta":[],"product_brand":[],"product_cat":[383],"product_tag":[],"class_list":{"0":"post-5402","1":"product","2":"type-product","3":"status-publish","4":"has-post-thumbnail","6":"product_cat-broyeur-de-jardin","8":"first","9":"instock","10":"shipping-taxable","11":"purchasable","12":"product-type-simple"},"_links":{"self":[{"href":"https:\/\/sarlaujardin.com\/en\/wp-json\/wp\/v2\/product\/5402","targetHints":{"allow":["GET"]}}],"collection":[{"href":"https:\/\/sarlaujardin.com\/en\/wp-json\/wp\/v2\/product"}],"about":[{"href":"https:\/\/sarlaujardin.com\/en\/wp-json\/wp\/v2\/types\/product"}],"replies":[{"embeddable":true,"href":"https:\/\/sarlaujardin.com\/en\/wp-json\/wp\/v2\/comments?post=5402"}],"version-history":[{"count":1,"href":"https:\/\/sarlaujardin.com\/en\/wp-json\/wp\/v2\/product\/5402\/revisions"}],"predecessor-version":[{"id":29737,"href":"https:\/\/sarlaujardin.com\/en\/wp-json\/wp\/v2\/product\/5402\/revisions\/29737"}],"wp:featuredmedia":[{"embeddable":true,"href":"https:\/\/sarlaujardin.com\/en\/wp-json\/wp\/v2\/media\/29735"}],"wp:attachment":[{"href":"https:\/\/sarlaujardin.com\/en\/wp-json\/wp\/v2\/media?parent=5402"}],"wp:term":[{"taxonomy":"product_brand","embeddable":true,"href":"https:\/\/sarlaujardin.com\/en\/wp-json\/wp\/v2\/product_brand?post=5402"},{"taxonomy":"product_cat","embeddable":true,"href":"https:\/\/sarlaujardin.com\/en\/wp-json\/wp\/v2\/product_cat?post=5402"},{"taxonomy":"product_tag","embeddable":true,"href":"https:\/\/sarlaujardin.com\/en\/wp-json\/wp\/v2\/product_tag?post=5402"}],"curies":[{"name":"wp","href":"https:\/\/api.w.org\/{rel}","templated":true}]}}