{"id":5405,"date":"2025-06-07T20:16:14","date_gmt":"2025-06-07T20:16:14","guid":{"rendered":"https:\/\/sarlaujardin.com\/?post_type=product&#038;p=5405"},"modified":"2025-06-07T20:16:17","modified_gmt":"2025-06-07T20:16:17","slug":"broyeur-electrique-stihl-ghe-260-modele-2025-neuf","status":"publish","type":"product","link":"https:\/\/sarlaujardin.com\/en\/product\/broyeur-electrique-stihl-ghe-260-modele-2025-neuf\/","title":{"rendered":"Broyeur \u00e9lectrique STIHL GHE 260 &#8211; mod\u00e8le 2025-Neuf"},"content":{"rendered":"<p>Con\u00e7u pour le jardinage exigeant et l&#039;am\u00e9nagement paysager, le broyeur \u00e9lectrique STIHL GHE 260 &#8211; mod\u00e8le 2025-Neuf se distingue par son efficacit\u00e9 et sa robustesse. Adapt\u00e9 aussi bien aux projets professionnels qu&#039;aux travaux priv\u00e9s intensifs, cet appareil permet de g\u00e9rer des volumes importants de mat\u00e9riaux \u00e0 broyer. Lors de l&#039;entretien de haies, d&#039;arbres ou de plantes vivaces, ce broyeur devient un alli\u00e9 indispensable pour organiser rapidement les espaces.<br \/>\nLe broyeur de jardin STIHL GHE 260 est \u00e9quip\u00e9 d&#039;un syst\u00e8me de couteaux au design sandwich, optimis\u00e9 pour traiter des r\u00e9sidus vari\u00e9s, qu&#039;il s&#039;agisse de composants ligneux ou de mati\u00e8re v\u00e9g\u00e9tale compostable. Cette technologie permet d&#039;obtenir un engrais organique de qualit\u00e9, pr\u00eat \u00e0 enrichir votre compost ou votre composteur rapide. Avec sa tr\u00e9mie inclin\u00e9e et insonoris\u00e9e, le broyeur accueille sans difficult\u00e9 les branches largement ramifi\u00e9es, garantissant un traitement rapide et s\u00e9curis\u00e9.<br \/>\nLa disposition ing\u00e9nieuse des \u00e9l\u00e9ments de coupe, comprenant pr\u00e9-broyeurs, couteaux \u00e0 refendre et couteaux de coupe r\u00e9versibles, optimise l&#039;efficacit\u00e9 de l&#039;outil de coupe Multi-Cut 250. Il est capable de traiter divers types de mat\u00e9riaux, y compris des branches d&#039;un diam\u00e8tre allant jusqu&#039;\u00e0 35 mm. Pour la s\u00e9curit\u00e9 de l&#039;utilisateur, une protection anti-\u00e9claboussures est int\u00e9gr\u00e9e, pr\u00e9venant les projections durant le fonctionnement.<br \/>\nSon ch\u00e2ssis large assure une stabilit\u00e9 renforc\u00e9e, tout en facilitant le transport de l&#039;appareil. Pour collecter directement les mat\u00e9riaux broy\u00e9s, un bac de broyage robuste de 50 litres, le STIHL AHB 050, est disponible en option. De plus, un verrouillage de s\u00e9curit\u00e9 \u00e9lectromagn\u00e9tique \u00e9vite tout d\u00e9marrage intempestif lors des op\u00e9rations de maintenance ou lors du changement de lames, garantissant ainsi une manipulation en toute s\u00e9curit\u00e9.<\/p>","protected":false},"excerpt":{"rendered":"<p>Broyeur \u00e9lectrique STIHL GHE 260, mod\u00e8le 2025, offre une puissance impressionnante de 2900 W sous 400 V, id\u00e9al pour r\u00e9duire efficacement les branches jusqu&#039;\u00e0 3,5 cm d&#039;\u00e9paisseur. Con\u00e7u pour une performance optimale, ce broyeur assure un entretien de jardin simplifi\u00e9 et rapide. Sa robustesse et sa fiabilit\u00e9, sign\u00e9es STIHL, garantissent une utilisation prolong\u00e9e et sans souci pour tous vos travaux de jardinage.<\/p>","protected":false},"featured_media":29738,"comment_status":"open","ping_status":"closed","template":"","meta":[],"product_brand":[],"product_cat":[383],"product_tag":[],"class_list":{"0":"post-5405","1":"product","2":"type-product","3":"status-publish","4":"has-post-thumbnail","6":"product_cat-broyeur-de-jardin","8":"first","9":"instock","10":"shipping-taxable","11":"purchasable","12":"product-type-simple"},"_links":{"self":[{"href":"https:\/\/sarlaujardin.com\/en\/wp-json\/wp\/v2\/product\/5405","targetHints":{"allow":["GET"]}}],"collection":[{"href":"https:\/\/sarlaujardin.com\/en\/wp-json\/wp\/v2\/product"}],"about":[{"href":"https:\/\/sarlaujardin.com\/en\/wp-json\/wp\/v2\/types\/product"}],"replies":[{"embeddable":true,"href":"https:\/\/sarlaujardin.com\/en\/wp-json\/wp\/v2\/comments?post=5405"}],"version-history":[{"count":1,"href":"https:\/\/sarlaujardin.com\/en\/wp-json\/wp\/v2\/product\/5405\/revisions"}],"predecessor-version":[{"id":29740,"href":"https:\/\/sarlaujardin.com\/en\/wp-json\/wp\/v2\/product\/5405\/revisions\/29740"}],"wp:featuredmedia":[{"embeddable":true,"href":"https:\/\/sarlaujardin.com\/en\/wp-json\/wp\/v2\/media\/29738"}],"wp:attachment":[{"href":"https:\/\/sarlaujardin.com\/en\/wp-json\/wp\/v2\/media?parent=5405"}],"wp:term":[{"taxonomy":"product_brand","embeddable":true,"href":"https:\/\/sarlaujardin.com\/en\/wp-json\/wp\/v2\/product_brand?post=5405"},{"taxonomy":"product_cat","embeddable":true,"href":"https:\/\/sarlaujardin.com\/en\/wp-json\/wp\/v2\/product_cat?post=5405"},{"taxonomy":"product_tag","embeddable":true,"href":"https:\/\/sarlaujardin.com\/en\/wp-json\/wp\/v2\/product_tag?post=5405"}],"curies":[{"name":"wp","href":"https:\/\/api.w.org\/{rel}","templated":true}]}}