{"id":5418,"date":"2025-06-07T20:16:28","date_gmt":"2025-06-07T20:16:28","guid":{"rendered":"https:\/\/sarlaujardin.com\/?post_type=product&#038;p=5418"},"modified":"2025-06-07T20:16:29","modified_gmt":"2025-06-07T20:16:29","slug":"broyeur-de-buissons-professionnel-erco-ghx-ch2500-entrainement-par-prise-de-force-cat-1-et-2-neuf","status":"publish","type":"product","link":"https:\/\/sarlaujardin.com\/en\/product\/broyeur-de-buissons-professionnel-erco-ghx-ch2500-entrainement-par-prise-de-force-cat-1-et-2-neuf\/","title":{"rendered":"Broyeur de buissons professionnel ERCO GHX-CH2500 Entra\u00eenement par prise de force (Cat. 1 et 2)-Neuf"},"content":{"rendered":"<p>Le broyeur de buissons professionnel ERCO GHX-CH2500, con\u00e7u pour un entra\u00eenement par prise de force (Cat. 1 et 2), se distingue par ses performances robustes et sa polyvalence. Avec ses deux rouleaux d&#039;alimentation, il garantit un acheminement s\u00e9curis\u00e9 et pr\u00e9cis des mat\u00e9riaux, m\u00eame lorsqu&#039;ils sont grossi\u00e8rement hach\u00e9s, vers le disque de broyage. Capable de traiter sans effort des troncs d&#039;arbres jusqu&#039;\u00e0 15 cm de diam\u00e8tre, cet appareil est id\u00e9al pour les travaux les plus exigeants.<br \/>\nFonctionnant gr\u00e2ce \u00e0 un entra\u00eenement par prise de force, ce broyeur est compatible avec les tracteurs municipaux et agricoles, offrant ainsi une grande flexibilit\u00e9 d&#039;utilisation. Sa conception avec attelage \u00e0 trois points facilite son int\u00e9gration au tracteur, rendant les changements de lieu ais\u00e9s et rapides. De plus, gr\u00e2ce \u00e0 son d\u00e9versement \u00e9lev\u00e9 orientable \u00e0 270\u00b0, le mat\u00e9riau broy\u00e9 peut \u00eatre dispers\u00e9 directement dans les buissons comme paillis ou charg\u00e9 dans une remorque pour un transport simplifi\u00e9.<br \/>\nSur le plan technique, le broyeur ERCO GHX-CH2500 n\u00e9cessite une puissance d&#039;au moins 17 kW pour fonctionner efficacement. Il est \u00e9quip\u00e9 de deux couteaux tremp\u00e9s, assurant une longue dur\u00e9e de vie et une efficacit\u00e9 de coupe optimale. Le ch\u00e2ssis robuste est dot\u00e9 d&#039;une suspension \u00e0 trois points de s\u00e9rie, garantissant stabilit\u00e9 et s\u00e9curit\u00e9 lors de l&#039;utilisation. Ses dimensions de 270 x 116 x 225 cm (L x l x H) et son poids de 340 kg en font un outil puissant et stable.<br \/>\nEnfin, ce broyeur est assorti d&#039;une garantie de 2 ans pour un usage priv\u00e9 et d&#039;un an pour un usage commercial, assurant ainsi une tranquillit\u00e9 d&#039;esprit \u00e0 ses utilisateurs.<\/p>","protected":false},"excerpt":{"rendered":"<p>Broyeur de buissons ERCO GHX-CH2500, id\u00e9al pour un broyage efficace de branches jusqu&#039;\u00e0 15 cm d&#039;\u00e9paisseur. Entra\u00eenement par prise de force compatible Cat. 1 et 2, il n\u00e9cessite une consommation \u00e9lectrique minimale de 17 kW pour une performance optimale. Con\u00e7u pour r\u00e9pondre aux exigences professionnelles, ce broyeur offre robustesse et fiabilit\u00e9 pour vos travaux intensifs.<\/p>","protected":false},"featured_media":29751,"comment_status":"open","ping_status":"closed","template":"","meta":[],"product_brand":[],"product_cat":[383],"product_tag":[],"class_list":{"0":"post-5418","1":"product","2":"type-product","3":"status-publish","4":"has-post-thumbnail","6":"product_cat-broyeur-de-jardin","8":"first","9":"instock","10":"shipping-taxable","11":"purchasable","12":"product-type-simple"},"_links":{"self":[{"href":"https:\/\/sarlaujardin.com\/en\/wp-json\/wp\/v2\/product\/5418","targetHints":{"allow":["GET"]}}],"collection":[{"href":"https:\/\/sarlaujardin.com\/en\/wp-json\/wp\/v2\/product"}],"about":[{"href":"https:\/\/sarlaujardin.com\/en\/wp-json\/wp\/v2\/types\/product"}],"replies":[{"embeddable":true,"href":"https:\/\/sarlaujardin.com\/en\/wp-json\/wp\/v2\/comments?post=5418"}],"version-history":[{"count":1,"href":"https:\/\/sarlaujardin.com\/en\/wp-json\/wp\/v2\/product\/5418\/revisions"}],"predecessor-version":[{"id":29752,"href":"https:\/\/sarlaujardin.com\/en\/wp-json\/wp\/v2\/product\/5418\/revisions\/29752"}],"wp:featuredmedia":[{"embeddable":true,"href":"https:\/\/sarlaujardin.com\/en\/wp-json\/wp\/v2\/media\/29751"}],"wp:attachment":[{"href":"https:\/\/sarlaujardin.com\/en\/wp-json\/wp\/v2\/media?parent=5418"}],"wp:term":[{"taxonomy":"product_brand","embeddable":true,"href":"https:\/\/sarlaujardin.com\/en\/wp-json\/wp\/v2\/product_brand?post=5418"},{"taxonomy":"product_cat","embeddable":true,"href":"https:\/\/sarlaujardin.com\/en\/wp-json\/wp\/v2\/product_cat?post=5418"},{"taxonomy":"product_tag","embeddable":true,"href":"https:\/\/sarlaujardin.com\/en\/wp-json\/wp\/v2\/product_tag?post=5418"}],"curies":[{"name":"wp","href":"https:\/\/api.w.org\/{rel}","templated":true}]}}