{"id":5422,"date":"2025-06-07T20:16:33","date_gmt":"2025-06-07T20:16:33","guid":{"rendered":"https:\/\/sarlaujardin.com\/?post_type=product&#038;p=5422"},"modified":"2025-06-07T20:16:35","modified_gmt":"2025-06-07T20:16:35","slug":"broyeur-de-branches-professionnel-erco-ghx-ch2300-entrainement-par-prise-de-force-cat-1-neuf","status":"publish","type":"product","link":"https:\/\/sarlaujardin.com\/en\/product\/broyeur-de-branches-professionnel-erco-ghx-ch2300-entrainement-par-prise-de-force-cat-1-neuf\/","title":{"rendered":"Broyeur de branches professionnel ERCO GHX-CH2300 Entra\u00eenement par prise de force (Cat. 1)-Neuf"},"content":{"rendered":"<p>Le broyeur de branches professionnel ERCO GHX-CH2300 est un outil de choix pour les t\u00e2ches exigeantes de broyage. Son design ing\u00e9nieux permet une alimentation ais\u00e9e gr\u00e2ce \u00e0 une grande tr\u00e9mie et un syst\u00e8me d&#039;alimentation hydraulique, facilitant le traitement des troncs d&#039;arbres jusqu&#039;\u00e0 un diam\u00e8tre de 11 cm.<br \/>\nCe mod\u00e8le est aliment\u00e9 par prise de force (Cat\u00e9gorie 1), ce qui le rend compatible avec des tracteurs disposant d&#039;une puissance minimale de 17 kW. Il est con\u00e7u pour offrir une efficacit\u00e9 maximale gr\u00e2ce \u00e0 son attelage trois points, permettant un fonctionnement optimal avec le tracteur.<br \/>\nL&#039;un des atouts majeurs de cet appareil est sa capacit\u00e9 \u00e0 changer facilement de lieu, rendant son utilisation particuli\u00e8rement flexible. De plus, le broyeur est dot\u00e9 d&#039;un d\u00e9versement \u00e9lev\u00e9 orientable \u00e0 270\u00b0, permettant de diriger le mat\u00e9riau hach\u00e9 vers les buissons pour un paillage efficace ou directement sur la zone de chargement d&#039;une remorque, simplifiant ainsi le transport.<br \/>\nConcernant ses sp\u00e9cifications techniques, le GHX-CH2300 est \u00e9quip\u00e9 d&#039;une machine \u00e0 copeaux dot\u00e9e de deux couteaux tremp\u00e9s, garantissant une long\u00e9vit\u00e9 remarquable. Sa structure repose sur un ch\u00e2ssis et une suspension trois points de s\u00e9rie, offrant robustesse et stabilit\u00e9. Ses dimensions sont de 270 x 120 x 225 cm (LxlxH) pour un poids de 380 kg.<br \/>\nEnfin, le broyeur est vendu avec une garantie de deux ans pour un usage priv\u00e9 et d&#039;un an pour un usage commercial, assurant ainsi une tranquillit\u00e9 d&#039;esprit \u00e0 ses utilisateurs.<\/p>","protected":false},"excerpt":{"rendered":"<p>Broyeur de branches professionnel ERCO GHX-CH2300, con\u00e7u pour une efficacit\u00e9 optimale avec un entra\u00eenement par prise de force (Cat. 1). Capable de traiter des branches jusqu&#039;\u00e0 11,0 cm d&#039;\u00e9paisseur, il garantit une puissance robuste avec une consommation \u00e9lectrique minimale de 17 kW. Fiabilit\u00e9 et performance pour les t\u00e2ches exigeantes.<\/p>","protected":false},"featured_media":29755,"comment_status":"open","ping_status":"closed","template":"","meta":[],"product_brand":[],"product_cat":[383],"product_tag":[],"class_list":{"0":"post-5422","1":"product","2":"type-product","3":"status-publish","4":"has-post-thumbnail","6":"product_cat-broyeur-de-jardin","8":"first","9":"instock","10":"shipping-taxable","11":"purchasable","12":"product-type-simple"},"_links":{"self":[{"href":"https:\/\/sarlaujardin.com\/en\/wp-json\/wp\/v2\/product\/5422","targetHints":{"allow":["GET"]}}],"collection":[{"href":"https:\/\/sarlaujardin.com\/en\/wp-json\/wp\/v2\/product"}],"about":[{"href":"https:\/\/sarlaujardin.com\/en\/wp-json\/wp\/v2\/types\/product"}],"replies":[{"embeddable":true,"href":"https:\/\/sarlaujardin.com\/en\/wp-json\/wp\/v2\/comments?post=5422"}],"version-history":[{"count":1,"href":"https:\/\/sarlaujardin.com\/en\/wp-json\/wp\/v2\/product\/5422\/revisions"}],"predecessor-version":[{"id":29756,"href":"https:\/\/sarlaujardin.com\/en\/wp-json\/wp\/v2\/product\/5422\/revisions\/29756"}],"wp:featuredmedia":[{"embeddable":true,"href":"https:\/\/sarlaujardin.com\/en\/wp-json\/wp\/v2\/media\/29755"}],"wp:attachment":[{"href":"https:\/\/sarlaujardin.com\/en\/wp-json\/wp\/v2\/media?parent=5422"}],"wp:term":[{"taxonomy":"product_brand","embeddable":true,"href":"https:\/\/sarlaujardin.com\/en\/wp-json\/wp\/v2\/product_brand?post=5422"},{"taxonomy":"product_cat","embeddable":true,"href":"https:\/\/sarlaujardin.com\/en\/wp-json\/wp\/v2\/product_cat?post=5422"},{"taxonomy":"product_tag","embeddable":true,"href":"https:\/\/sarlaujardin.com\/en\/wp-json\/wp\/v2\/product_tag?post=5422"}],"curies":[{"name":"wp","href":"https:\/\/api.w.org\/{rel}","templated":true}]}}