{"id":5497,"date":"2025-06-07T20:18:06","date_gmt":"2025-06-07T20:18:06","guid":{"rendered":"https:\/\/sarlaujardin.com\/?post_type=product&#038;p=5497"},"modified":"2025-06-07T20:18:08","modified_gmt":"2025-06-07T20:18:08","slug":"broyeur-electrique-stihl-ghe-135-l-modele-2025-neuf","status":"publish","type":"product","link":"https:\/\/sarlaujardin.com\/en\/product\/broyeur-electrique-stihl-ghe-135-l-modele-2025-neuf\/","title":{"rendered":"Broyeur \u00e9lectrique STIHL GHE 135 L &#8211; mod\u00e8le 2025-Neuf"},"content":{"rendered":"<p>Le broyeur \u00e9lectrique STIHL GHE 135 L, mod\u00e8le 2025-neuf, est con\u00e7u pour r\u00e9pondre aux besoins des environnements sensibles au bruit tout en offrant une puissance suffisante pour traiter des quantit\u00e9s moyennes de d\u00e9chets v\u00e9g\u00e9taux durs. Dot\u00e9 d&#039;une ouverture en forme de tr\u00e8fle, ce broyeur \u00e0 rouleaux permet le remplissage ais\u00e9 avec des boutures de haies ligneuses, des brindilles et des branches pouvant atteindre 35 mm de diam\u00e8tre.<br \/>\nLe m\u00e9canisme de coupe par rouleau, \u00e0 la fois efficace et silencieux, transforme rapidement ces mat\u00e9riaux en une masse de compost pr\u00e9cieuse. Le fonctionnement du dispositif se caract\u00e9rise par une faible \u00e9mission de vibrations, garantissant une utilisation confortable. Les mati\u00e8res broy\u00e9es sont collect\u00e9es directement dans un bac int\u00e9gr\u00e9, ce qui facilite leur transport et leur vidage.<br \/>\nCe mod\u00e8le de broyeur est particuli\u00e8rement utile pour r\u00e9duire jusqu&#039;\u00e0 75 % le volume des d\u00e9chets issus de la taille des arbres et des haies. En associant ces d\u00e9bris broy\u00e9s \u00e0 d&#039;autres r\u00e9sidus v\u00e9g\u00e9taux et feuilles, il est possible de produire un compost de haute qualit\u00e9. Le STIHL GHE 135 L contribue ainsi \u00e0 lib\u00e9rer de l&#039;espace dans le jardin tout en favorisant un cycle de recyclage naturel.<\/p>","protected":false},"excerpt":{"rendered":"<p>Broyeur \u00e9lectrique STIHL GHE 135 L, con\u00e7u pour une performance optimale avec une puissance de 2300 W. Capable de traiter des branches jusqu&#039;\u00e0 3,5 cm d&#039;\u00e9paisseur, ce mod\u00e8le 2025 offre une solution efficace pour l&#039;entretien de votre jardin. Sa conception robuste et sa fiabilit\u00e9 sign\u00e9e STIHL garantissent un broyage rapide et sans effort.<\/p>","protected":false},"featured_media":29830,"comment_status":"open","ping_status":"closed","template":"","meta":[],"product_brand":[],"product_cat":[383],"product_tag":[],"class_list":{"0":"post-5497","1":"product","2":"type-product","3":"status-publish","4":"has-post-thumbnail","6":"product_cat-broyeur-de-jardin","8":"first","9":"instock","10":"shipping-taxable","11":"purchasable","12":"product-type-simple"},"_links":{"self":[{"href":"https:\/\/sarlaujardin.com\/en\/wp-json\/wp\/v2\/product\/5497","targetHints":{"allow":["GET"]}}],"collection":[{"href":"https:\/\/sarlaujardin.com\/en\/wp-json\/wp\/v2\/product"}],"about":[{"href":"https:\/\/sarlaujardin.com\/en\/wp-json\/wp\/v2\/types\/product"}],"replies":[{"embeddable":true,"href":"https:\/\/sarlaujardin.com\/en\/wp-json\/wp\/v2\/comments?post=5497"}],"version-history":[{"count":1,"href":"https:\/\/sarlaujardin.com\/en\/wp-json\/wp\/v2\/product\/5497\/revisions"}],"predecessor-version":[{"id":29831,"href":"https:\/\/sarlaujardin.com\/en\/wp-json\/wp\/v2\/product\/5497\/revisions\/29831"}],"wp:featuredmedia":[{"embeddable":true,"href":"https:\/\/sarlaujardin.com\/en\/wp-json\/wp\/v2\/media\/29830"}],"wp:attachment":[{"href":"https:\/\/sarlaujardin.com\/en\/wp-json\/wp\/v2\/media?parent=5497"}],"wp:term":[{"taxonomy":"product_brand","embeddable":true,"href":"https:\/\/sarlaujardin.com\/en\/wp-json\/wp\/v2\/product_brand?post=5497"},{"taxonomy":"product_cat","embeddable":true,"href":"https:\/\/sarlaujardin.com\/en\/wp-json\/wp\/v2\/product_cat?post=5497"},{"taxonomy":"product_tag","embeddable":true,"href":"https:\/\/sarlaujardin.com\/en\/wp-json\/wp\/v2\/product_tag?post=5497"}],"curies":[{"name":"wp","href":"https:\/\/api.w.org\/{rel}","templated":true}]}}