{"id":5953,"date":"2025-06-07T20:44:23","date_gmt":"2025-06-07T20:44:23","guid":{"rendered":"https:\/\/sarlaujardin.com\/?post_type=product&#038;p=5953"},"modified":"2025-06-07T20:44:25","modified_gmt":"2025-06-07T20:44:25","slug":"robot-tondeuse-honda-miimo-hrm-40-avec-125-cables-et-180-crochets-neuf","status":"publish","type":"product","link":"https:\/\/sarlaujardin.com\/en\/product\/robot-tondeuse-honda-miimo-hrm-40-avec-125-cables-et-180-crochets-neuf\/","title":{"rendered":"Robot tondeuse Honda Miimo HRM 40 avec 125 c\u00e2bles et 180 crochets-Neuf"},"content":{"rendered":"<p>Le robot tondeuse Honda Miimo HRM 40 est con\u00e7u pour offrir une solution de tonte efficace et s\u00e9curis\u00e9e pour votre jardin. \u00c0 l&#039;aide de la commande d&#039;affichage, vous avez la possibilit\u00e9 de personnaliser ses r\u00e9glages afin de l&#039;adapter pr\u00e9cis\u00e9ment aux besoins sp\u00e9cifiques de votre espace vert. Dot\u00e9 de capteurs ultrasoniques, cet appareil est capable de d\u00e9tecter les obstacles sur son parcours et r\u00e9duit sa vitesse pour \u00e9viter tout choc violent.<br \/>\nEn outre, le Miimo HRM 40 dispose d&#039;un mode sp\u00e9cial pour tondre les zones o\u00f9 l&#039;herbe est plus longue, par exemple l\u00e0 o\u00f9 des meubles de jardin \u00e9taient install\u00e9s. Une fois cette t\u00e2che accomplie, le robot reprend automatiquement son fonctionnement normal. La s\u00e9curit\u00e9 est \u00e9galement au c\u0153ur de sa conception : un code PIN individuel prot\u00e8ge l&#039;appareil contre le vol.<br \/>\nAvec des outils de jardinage aliment\u00e9s par batterie, l&#039;entretien n\u00e9cessaire est consid\u00e9rablement r\u00e9duit, ce qui se traduit par une diminution des co\u00fbts de maintenance et des temps d&#039;arr\u00eat. La s\u00e9curit\u00e9 est renforc\u00e9e par un capteur de levage qui arr\u00eate la lame d\u00e8s que le robot est soulev\u00e9, et un capteur d&#039;inclinaison ajuste le sens de d\u00e9placement si une pente trop raide est d\u00e9tect\u00e9e. En cas de retournement, les moteurs s&#039;arr\u00eatent imm\u00e9diatement pour pr\u00e9venir tout dommage.<br \/>\nLes lames oscillantes du Miimo HRM 40 sont con\u00e7ues pour \u00e9viter tout contact avec des corps \u00e9trangers, prolongeant ainsi leur dur\u00e9e de vie et prot\u00e9geant l&#039;appareil des dommages. Polyvalent, ce mod\u00e8le peut \u00eatre utilis\u00e9 dans trois jardins distincts gr\u00e2ce \u00e0 des bornes de recharge s\u00e9par\u00e9es, ou sur des pelouses connect\u00e9es sans station de recharge, o\u00f9 il continue de fonctionner jusqu&#039;\u00e0 \u00e9puisement de la batterie.<br \/>\nLivr\u00e9 avec 125 c\u00e2bles et 180 crochets, le robot tondeuse Honda Miimo HRM 40 est un choix judicieux pour ceux qui recherchent une solution autonome et fiable pour l&#039;entretien de leur pelouse.<\/p>","protected":false},"excerpt":{"rendered":"<p>D\u00e9couvrez l&#039;efficacit\u00e9 sans effort avec le robot tondeuse Honda Miimo HRM 40. Con\u00e7u pour des pelouses allant jusqu&#039;\u00e0 400 m\u00b2, ce mod\u00e8le utilise une batterie lithium-ion 18 V pour des performances optimales. Son syst\u00e8me de coupe \u00e0 3 lames assure une tonte pr\u00e9cise de 19 cm de largeur avec une hauteur ajustable entre 30 et 50 mm. Gr\u00e2ce \u00e0 ses capteurs avanc\u00e9s, il navigue avec aisance m\u00eame sur des terrains inclin\u00e9s. Profitez d&#039;une technologie intelligente avec la fonction Honda Map &amp; Mow, vous permettant de m\u00e9moriser jusqu&#039;\u00e0 trois zones de jardin distinctes. S\u00e9curis\u00e9 par un verrouillage par code PIN, c&#039;est le choix id\u00e9al pour une pelouse impeccable.<\/p>","protected":false},"featured_media":30283,"comment_status":"open","ping_status":"closed","template":"","meta":[],"product_brand":[],"product_cat":[385],"product_tag":[],"class_list":{"0":"post-5953","1":"product","2":"type-product","3":"status-publish","4":"has-post-thumbnail","6":"product_cat-robots-tondeuses","8":"first","9":"instock","10":"shipping-taxable","11":"purchasable","12":"product-type-simple"},"_links":{"self":[{"href":"https:\/\/sarlaujardin.com\/en\/wp-json\/wp\/v2\/product\/5953","targetHints":{"allow":["GET"]}}],"collection":[{"href":"https:\/\/sarlaujardin.com\/en\/wp-json\/wp\/v2\/product"}],"about":[{"href":"https:\/\/sarlaujardin.com\/en\/wp-json\/wp\/v2\/types\/product"}],"replies":[{"embeddable":true,"href":"https:\/\/sarlaujardin.com\/en\/wp-json\/wp\/v2\/comments?post=5953"}],"version-history":[{"count":1,"href":"https:\/\/sarlaujardin.com\/en\/wp-json\/wp\/v2\/product\/5953\/revisions"}],"predecessor-version":[{"id":30284,"href":"https:\/\/sarlaujardin.com\/en\/wp-json\/wp\/v2\/product\/5953\/revisions\/30284"}],"wp:featuredmedia":[{"embeddable":true,"href":"https:\/\/sarlaujardin.com\/en\/wp-json\/wp\/v2\/media\/30283"}],"wp:attachment":[{"href":"https:\/\/sarlaujardin.com\/en\/wp-json\/wp\/v2\/media?parent=5953"}],"wp:term":[{"taxonomy":"product_brand","embeddable":true,"href":"https:\/\/sarlaujardin.com\/en\/wp-json\/wp\/v2\/product_brand?post=5953"},{"taxonomy":"product_cat","embeddable":true,"href":"https:\/\/sarlaujardin.com\/en\/wp-json\/wp\/v2\/product_cat?post=5953"},{"taxonomy":"product_tag","embeddable":true,"href":"https:\/\/sarlaujardin.com\/en\/wp-json\/wp\/v2\/product_tag?post=5953"}],"curies":[{"name":"wp","href":"https:\/\/api.w.org\/{rel}","templated":true}]}}