{"id":5996,"date":"2025-06-07T20:45:33","date_gmt":"2025-06-07T20:45:33","guid":{"rendered":"https:\/\/sarlaujardin.com\/?post_type=product&#038;p=5996"},"modified":"2025-06-07T20:45:56","modified_gmt":"2025-06-07T20:45:56","slug":"robot-tondeuse-stiga-g-600-modele-2025-neuf","status":"publish","type":"product","link":"https:\/\/sarlaujardin.com\/en\/product\/robot-tondeuse-stiga-g-600-modele-2025-neuf\/","title":{"rendered":"Robot tondeuse Stiga G 600 &#8211; mod\u00e8le 2025-Neuf"},"content":{"rendered":"<p>Le Robot Tondeuse Stiga G 600 &#8211; Mod\u00e8le 2025 est con\u00e7u pour transformer l&#039;entretien des pelouses en une t\u00e2che sans effort, vous permettant de vous consacrer \u00e0 d&#039;autres activit\u00e9s pendant qu&#039;il travaille de fa\u00e7on autonome. Adapt\u00e9 \u00e0 une vari\u00e9t\u00e9 de configurations de jardin, ce robot est \u00e0 la fois compact et l\u00e9ger, ce qui lui permet de naviguer ais\u00e9ment autour d&#039;obstacles tels que les arbres et les buissons, m\u00eame dans les espaces restreints.<br \/>\n\u00c9quip\u00e9 d&#039;une batterie de 2,5 Ah, le Stiga G 600 est id\u00e9al pour les pelouses jusqu&#039;\u00e0 600 m\u00b2. Son utilisation simplifi\u00e9e est renforc\u00e9e par un clavier intuitif et une connexion Bluetooth, permettant un contr\u00f4le pratique via votre smartphone gr\u00e2ce \u00e0 l&#039;application STIGA.GO. Cet outil intelligent offre une personnalisation avanc\u00e9e de ses fonctions, garantissant une tonte parfaitement adapt\u00e9e \u00e0 vos besoins.<br \/>\nLes quatre lames pivotantes, tournant \u00e0 une vitesse impressionnante de 2850 tr\/min, assurent une coupe nette et efficace. Le robot maintient une performance optimale m\u00eame sur des pentes allant jusqu&#039;\u00e0 45% (24\u00ba), tout en minimisant le bruit gr\u00e2ce \u00e0 une excellente isolation phonique.<br \/>\nLe Stiga G 600 est \u00e9galement con\u00e7u pour la s\u00e9curit\u00e9 et la durabilit\u00e9. Il est dot\u00e9 d&#039;un capteur de gel qui pr\u00e9vient les dommages sur une pelouse gel\u00e9e en arr\u00eatant le robot, ainsi que d&#039;un capteur de levage qui stoppe imm\u00e9diatement la lame en cas de soul\u00e8vement. La s\u00e9curit\u00e9 est encore renforc\u00e9e par son retour automatique \u00e0 la station de charge lorsque la batterie est faible ou en cas de pluie, reprenant son travail une fois les conditions id\u00e9ales r\u00e9tablies.<br \/>\nL&#039;entretien du robot est facilit\u00e9 par une coque amovible, rendant le nettoyage rapide et sans effort. Le mode Eco int\u00e9gr\u00e9 r\u00e9duit la consommation d&#039;\u00e9nergie en ajustant l&#039;alimentation du c\u00e2ble p\u00e9riph\u00e9rique pendant la charge, offrant ainsi une solution respectueuse de l&#039;environnement. Les deux roues motrices et les deux roues de guidage garantissent une traction fiable tout en pr\u00e9servant l&#039;int\u00e9grit\u00e9 de la pelouse.<br \/>\nAvec le Robot Tondeuse Stiga G 600, vous b\u00e9n\u00e9ficiez d&#039;une technologie avanc\u00e9e qui assure une pelouse impeccable et bien entretenue, tout en vous offrant libert\u00e9 et tranquillit\u00e9 d&#039;esprit.<\/p>","protected":false},"excerpt":{"rendered":"<p>Con\u00e7u pour les jardins de taille moyenne, le robot tondeuse Stiga G 600 offre une tonte pr\u00e9cise et efficace gr\u00e2ce \u00e0 ses 4 couteaux rotatifs et une largeur de coupe de 18 cm. Sa batterie ion lithium de 25,2 V assure une autonomie optimale, tandis que son moteur sans balais garantit une performance silencieuse et durable. Le syst\u00e8me de charge automatique facilite l&#039;entretien, et ses capteurs intelligents (pluie, obstacles, lev\u00e9e) adaptent la tonte aux conditions ext\u00e9rieures. Avec un r\u00e9glage manuel de la hauteur de coupe entre 20 et 60 mm, il s&#039;ajuste \u00e0 vos pr\u00e9f\u00e9rences. Compact et l\u00e9ger, ce mod\u00e8le robuste est une solution fiable pour un entretien impeccable de votre pelouse.<\/p>","protected":false},"featured_media":30326,"comment_status":"open","ping_status":"closed","template":"","meta":[],"product_brand":[],"product_cat":[385],"product_tag":[],"class_list":{"0":"post-5996","1":"product","2":"type-product","3":"status-publish","4":"has-post-thumbnail","6":"product_cat-robots-tondeuses","8":"first","9":"instock","10":"shipping-taxable","11":"purchasable","12":"product-type-simple"},"_links":{"self":[{"href":"https:\/\/sarlaujardin.com\/en\/wp-json\/wp\/v2\/product\/5996","targetHints":{"allow":["GET"]}}],"collection":[{"href":"https:\/\/sarlaujardin.com\/en\/wp-json\/wp\/v2\/product"}],"about":[{"href":"https:\/\/sarlaujardin.com\/en\/wp-json\/wp\/v2\/types\/product"}],"replies":[{"embeddable":true,"href":"https:\/\/sarlaujardin.com\/en\/wp-json\/wp\/v2\/comments?post=5996"}],"version-history":[{"count":1,"href":"https:\/\/sarlaujardin.com\/en\/wp-json\/wp\/v2\/product\/5996\/revisions"}],"predecessor-version":[{"id":30339,"href":"https:\/\/sarlaujardin.com\/en\/wp-json\/wp\/v2\/product\/5996\/revisions\/30339"}],"wp:featuredmedia":[{"embeddable":true,"href":"https:\/\/sarlaujardin.com\/en\/wp-json\/wp\/v2\/media\/30326"}],"wp:attachment":[{"href":"https:\/\/sarlaujardin.com\/en\/wp-json\/wp\/v2\/media?parent=5996"}],"wp:term":[{"taxonomy":"product_brand","embeddable":true,"href":"https:\/\/sarlaujardin.com\/en\/wp-json\/wp\/v2\/product_brand?post=5996"},{"taxonomy":"product_cat","embeddable":true,"href":"https:\/\/sarlaujardin.com\/en\/wp-json\/wp\/v2\/product_cat?post=5996"},{"taxonomy":"product_tag","embeddable":true,"href":"https:\/\/sarlaujardin.com\/en\/wp-json\/wp\/v2\/product_tag?post=5996"}],"curies":[{"name":"wp","href":"https:\/\/api.w.org\/{rel}","templated":true}]}}