{"id":6163,"date":"2025-06-07T21:11:02","date_gmt":"2025-06-07T21:11:02","guid":{"rendered":"https:\/\/sarlaujardin.com\/?post_type=product&#038;p=6163"},"modified":"2025-06-07T21:11:07","modified_gmt":"2025-06-07T21:11:07","slug":"robot-tondeuse-stihl-imow-5-evo-modele-2025-neuf","status":"publish","type":"product","link":"https:\/\/sarlaujardin.com\/en\/product\/robot-tondeuse-stihl-imow-5-evo-modele-2025-neuf\/","title":{"rendered":"Robot tondeuse STIHL iMOW 5 EVO &#8211; mod\u00e8le 2025-Neuf"},"content":{"rendered":"<p>Con\u00e7u pour l&#039;entretien automatique des pelouses de taille moyenne, le robot tondeuse STIHL i MOW 5 EVO &#8211; mod\u00e8le 2025-Neuf est un outil innovant et performant. Dot\u00e9 d&#039;une batterie lithium-ion puissante, ce mod\u00e8le utilise un syst\u00e8me Disc-Cut compos\u00e9 de trois lames oscillantes \u00e0 grande vitesse, garantissant une coupe pr\u00e9cise et efficace, m\u00eame sur des p\u00e9riodes d&#039;activit\u00e9 r\u00e9duites compar\u00e9 \u00e0 son pr\u00e9d\u00e9cesseur, le STIHL i MOW 5.<br \/>\nCapable de g\u00e9rer des surfaces allant jusqu&#039;\u00e0 1 500 m\u00b2, ce robot tondeuse est id\u00e9al pour les terrains avec des pentes pouvant atteindre 45 %, et jusqu&#039;\u00e0 55 % avec le kit de mise \u00e0 niveau optionnel. Son comportement de conduite fiable, associ\u00e9 \u00e0 des capteurs \u00e0 ultrasons, permet de contourner les obstacles en douceur et de tondre au plus pr\u00e8s des objets. Les man\u0153uvres de virage intelligentes facilitent le travail dans des espaces restreints, tandis que la vitesse s&#039;adapte automatiquement sur un terrain accident\u00e9 gr\u00e2ce aux capteurs d&#039;inclinaison.<br \/>\nLe panneau de commande du i MOW 5 EVO simplifie son utilisation gr\u00e2ce \u00e0 quelques boutons-poussoirs et une sortie vocale intuitive. Les informations sur l&#039;\u00e9tat actuel de l&#039;appareil sont affich\u00e9es via une bande arri\u00e8re LED et un motif lumineux sur la matrice LED. La bande avant LED propose, quant \u00e0 elle, des feux de jour r\u00e9glables en trois modes.<br \/>\nConnectivit\u00e9 et contr\u00f4le \u00e0 distance sont au rendez-vous avec la possibilit\u00e9 de g\u00e9rer le robot via Bluetooth\u00ae, Wi-Fi, ou directement depuis votre smartphone gr\u00e2ce \u00e0 l&#039;application MY i MOW\u00ae. Cette application permet \u00e9galement de personnaliser la hauteur de coupe et de planifier les sessions de tonte hebdomadaires. En cas de besoin, le d\u00e9marrage manuel reste une option.<br \/>\nLa s\u00e9curit\u00e9 est une priorit\u00e9 avec un signal d&#039;alarme sonore activ\u00e9 lors du transport non autoris\u00e9, et le verrouillage automatique des fonctions de contr\u00f4le lorsque l&#039;appareil est retir\u00e9 de sa zone d&#039;accueil pr\u00e9d\u00e9finie. Un capteur de pluie int\u00e9gr\u00e9 offre la possibilit\u00e9 de param\u00e9trer une pause ou de continuer \u00e0 tondre en cas de pluie.<br \/>\nEnfin, la station d&#039;accueil assure \u00e0 la fois le chargement et le rangement du robot tondeuse. Pour l&#039;installation, un kit adapt\u00e9 \u00e0 la taille de votre jardin est n\u00e9cessaire. Bien que conforme aux normes de s\u00e9curit\u00e9, l&#039;i MOW 5 EVO n&#039;est pas un jouet. Il est recommand\u00e9 de garder enfants, spectateurs et animaux \u00e0 l&#039;\u00e9cart lors de son fonctionnement. Pour plus d&#039;informations, veuillez consulter la notice d&#039;utilisation.<\/p>","protected":false},"excerpt":{"rendered":"<p>Robot tondeuse STIHL i MOW 5 EVO, mod\u00e8le 2025-Neuf, con\u00e7u pour des pelouses jusqu&#039;\u00e0 1500 m\u00b2. G\u00e8re des pentes allant jusqu&#039;\u00e0 45 %, assurant une tonte efficace sur terrain accident\u00e9. \u00c9quip\u00e9 d&#039;une matrice LED, il offre une interface intuitive. Profitez de la communication mobile avanc\u00e9e gr\u00e2ce au WLAN et Bluetooth pour un contr\u00f4le simplifi\u00e9.<\/p>","protected":false},"featured_media":30493,"comment_status":"open","ping_status":"closed","template":"","meta":[],"product_brand":[],"product_cat":[385],"product_tag":[],"class_list":{"0":"post-6163","1":"product","2":"type-product","3":"status-publish","4":"has-post-thumbnail","6":"product_cat-robots-tondeuses","8":"first","9":"instock","10":"shipping-taxable","11":"purchasable","12":"product-type-simple"},"_links":{"self":[{"href":"https:\/\/sarlaujardin.com\/en\/wp-json\/wp\/v2\/product\/6163","targetHints":{"allow":["GET"]}}],"collection":[{"href":"https:\/\/sarlaujardin.com\/en\/wp-json\/wp\/v2\/product"}],"about":[{"href":"https:\/\/sarlaujardin.com\/en\/wp-json\/wp\/v2\/types\/product"}],"replies":[{"embeddable":true,"href":"https:\/\/sarlaujardin.com\/en\/wp-json\/wp\/v2\/comments?post=6163"}],"version-history":[{"count":1,"href":"https:\/\/sarlaujardin.com\/en\/wp-json\/wp\/v2\/product\/6163\/revisions"}],"predecessor-version":[{"id":30496,"href":"https:\/\/sarlaujardin.com\/en\/wp-json\/wp\/v2\/product\/6163\/revisions\/30496"}],"wp:featuredmedia":[{"embeddable":true,"href":"https:\/\/sarlaujardin.com\/en\/wp-json\/wp\/v2\/media\/30493"}],"wp:attachment":[{"href":"https:\/\/sarlaujardin.com\/en\/wp-json\/wp\/v2\/media?parent=6163"}],"wp:term":[{"taxonomy":"product_brand","embeddable":true,"href":"https:\/\/sarlaujardin.com\/en\/wp-json\/wp\/v2\/product_brand?post=6163"},{"taxonomy":"product_cat","embeddable":true,"href":"https:\/\/sarlaujardin.com\/en\/wp-json\/wp\/v2\/product_cat?post=6163"},{"taxonomy":"product_tag","embeddable":true,"href":"https:\/\/sarlaujardin.com\/en\/wp-json\/wp\/v2\/product_tag?post=6163"}],"curies":[{"name":"wp","href":"https:\/\/api.w.org\/{rel}","templated":true}]}}