{"id":6171,"date":"2025-06-07T21:11:13","date_gmt":"2025-06-07T21:11:13","guid":{"rendered":"https:\/\/sarlaujardin.com\/?post_type=product&#038;p=6171"},"modified":"2025-06-07T21:11:18","modified_gmt":"2025-06-07T21:11:18","slug":"robot-tondeuse-stihl-imow-6-evo-modele-2025-neuf","status":"publish","type":"product","link":"https:\/\/sarlaujardin.com\/en\/product\/robot-tondeuse-stihl-imow-6-evo-modele-2025-neuf\/","title":{"rendered":"Robot tondeuse STIHL iMOW 6 EVO &#8211; mod\u00e8le 2025-Neuf"},"content":{"rendered":"<p>Le robot tondeuse STIHL i MOW 6 EVO &#8211; mod\u00e8le 2025, \u00e9quip\u00e9 d&#039;une batterie lithium-ion performante, simplifie l&#039;entretien des grands espaces verts de mani\u00e8re enti\u00e8rement autonome. Con\u00e7u pour g\u00e9rer des pelouses atteignant une superficie de 3 000 m\u00b2, ce mod\u00e8le est capable de proc\u00e9der \u00e0 un mulching efficace, transformant l&#039;herbe coup\u00e9e en engrais naturel pour le gazon. Le syst\u00e8me Disc-Cut, avec ses trois lames \u00e0 rotation libre, garantit une coupe pr\u00e9cise gr\u00e2ce \u00e0 une vitesse de lame \u00e9lev\u00e9e.<br \/>\nCapable de surmonter des pentes allant jusqu&#039;\u00e0 45 %, le robot montre sa pleine efficacit\u00e9 sur des terrains inclin\u00e9s. Avec un kit de mise \u00e0 niveau, il peut m\u00eame s&#039;attaquer \u00e0 des pentes de 55 %. Les capteurs intelligents int\u00e9gr\u00e9s lui permettent de contourner les obstacles en ajustant sa direction et sa vitesse, ce qui assure une tonte pr\u00e9cise m\u00eame autour d&#039;objets et dans les espaces restreints.<br \/>\nL&#039;interface utilisateur, \u00e0 la fois simple et intuitive, est accessible via un panneau de commande avec quelques boutons-poussoirs et est compl\u00e9t\u00e9e par une sortie vocale. L&#039;\u00e9tat du robot est clairement indiqu\u00e9 par une bande LED arri\u00e8re et un affichage lumineux \u00e0 matrice LED sur le dessus du bo\u00eetier. En fonction des besoins, les feux de jour peuvent \u00eatre modifi\u00e9s gr\u00e2ce \u00e0 trois modes diff\u00e9rents sur la bande LED avant.<br \/>\nLa gestion du robot est facilit\u00e9e par l&#039;application MY i MOW\u00ae, qui permet un contr\u00f4le \u00e0 distance via les communications mobiles, Bluetooth\u00ae ou Wi-Fi, m\u00eame en dehors de votre domicile. La hauteur de coupe est ajustable selon plusieurs niveaux, et des fen\u00eatres horaires peuvent \u00eatre d\u00e9finies pour programmer les p\u00e9riodes d&#039;activit\u00e9 hebdomadaires. En cas de besoin, le d\u00e9marrage manuel est possible.<br \/>\nPour garantir la s\u00e9curit\u00e9, un signal d&#039;alarme sonore est d\u00e9clench\u00e9 si le robot est transport\u00e9 de mani\u00e8re non autoris\u00e9e, se d\u00e9sactivant automatiquement lorsqu&#039;il est replac\u00e9 ou apr\u00e8s un certain temps. L&#039;i MOW\u00ae verrouille ses fonctions de contr\u00f4le lorsqu&#039;il est retir\u00e9 de sa zone d&#039;accueil pr\u00e9d\u00e9finie. De plus, un capteur de pluie r\u00e9glable permet de d\u00e9cider si la tonte doit se poursuivre par temps humide ou si une pause est n\u00e9cessaire.<br \/>\nLa station d&#039;accueil sert de point de recharge et de base op\u00e9rationnelle pour le robot tondeuse. Il est important de disposer du kit d&#039;installation ad\u00e9quat en fonction de la taille de votre jardin. Tout en respectant les normes de s\u00e9curit\u00e9 en vigueur, il est essentiel de garder les enfants, les animaux et les spectateurs \u00e0 l&#039;\u00e9cart pendant les p\u00e9riodes d&#039;activit\u00e9 du robot. Pour des informations d\u00e9taill\u00e9es, veuillez consulter la notice d\u2019utilisation.<\/p>","protected":false},"excerpt":{"rendered":"<p>Le robot tondeuse STIHL i MOW 6 EVO, mod\u00e8le 2025, garantit une pelouse impeccablement entretenue sur une superficie allant jusqu&#039;\u00e0 3 000 m\u00b2. Avec une autonomie impressionnante de 150 minutes par charge, il assure un entretien r\u00e9gulier et sans effort de votre jardin. \u00c9quip\u00e9 d&#039;une matrice LED et de la connectivit\u00e9 mobile, WLAN et Bluetooth, il offre une gestion intuitive et flexible depuis votre smartphone, assurant ainsi une tonte pr\u00e9cise et personnalis\u00e9e.<\/p>","protected":false},"featured_media":30501,"comment_status":"open","ping_status":"closed","template":"","meta":[],"product_brand":[],"product_cat":[385],"product_tag":[],"class_list":{"0":"post-6171","1":"product","2":"type-product","3":"status-publish","4":"has-post-thumbnail","6":"product_cat-robots-tondeuses","8":"first","9":"instock","10":"shipping-taxable","11":"purchasable","12":"product-type-simple"},"_links":{"self":[{"href":"https:\/\/sarlaujardin.com\/en\/wp-json\/wp\/v2\/product\/6171","targetHints":{"allow":["GET"]}}],"collection":[{"href":"https:\/\/sarlaujardin.com\/en\/wp-json\/wp\/v2\/product"}],"about":[{"href":"https:\/\/sarlaujardin.com\/en\/wp-json\/wp\/v2\/types\/product"}],"replies":[{"embeddable":true,"href":"https:\/\/sarlaujardin.com\/en\/wp-json\/wp\/v2\/comments?post=6171"}],"version-history":[{"count":1,"href":"https:\/\/sarlaujardin.com\/en\/wp-json\/wp\/v2\/product\/6171\/revisions"}],"predecessor-version":[{"id":30504,"href":"https:\/\/sarlaujardin.com\/en\/wp-json\/wp\/v2\/product\/6171\/revisions\/30504"}],"wp:featuredmedia":[{"embeddable":true,"href":"https:\/\/sarlaujardin.com\/en\/wp-json\/wp\/v2\/media\/30501"}],"wp:attachment":[{"href":"https:\/\/sarlaujardin.com\/en\/wp-json\/wp\/v2\/media?parent=6171"}],"wp:term":[{"taxonomy":"product_brand","embeddable":true,"href":"https:\/\/sarlaujardin.com\/en\/wp-json\/wp\/v2\/product_brand?post=6171"},{"taxonomy":"product_cat","embeddable":true,"href":"https:\/\/sarlaujardin.com\/en\/wp-json\/wp\/v2\/product_cat?post=6171"},{"taxonomy":"product_tag","embeddable":true,"href":"https:\/\/sarlaujardin.com\/en\/wp-json\/wp\/v2\/product_tag?post=6171"}],"curies":[{"name":"wp","href":"https:\/\/api.w.org\/{rel}","templated":true}]}}