{"id":6175,"date":"2025-06-07T21:11:18","date_gmt":"2025-06-07T21:11:18","guid":{"rendered":"https:\/\/sarlaujardin.com\/?post_type=product&#038;p=6175"},"modified":"2025-06-07T21:11:23","modified_gmt":"2025-06-07T21:11:23","slug":"robot-tondeuse-stihl-imow-6-evo-appareil-de-demonstration-neuf","status":"publish","type":"product","link":"https:\/\/sarlaujardin.com\/en\/product\/robot-tondeuse-stihl-imow-6-evo-appareil-de-demonstration-neuf\/","title":{"rendered":"Robot tondeuse STIHL iMOW 6 EVO &#8211; appareil de d\u00e9monstration-Neuf"},"content":{"rendered":"<p>D\u00e9couvrez le robot tondeuse STIHL i MOW 6 EVO, un appareil de d\u00e9monstration en \u00e9tat neuf, parfait pour l&#039;entretien automatis\u00e9 des grandes pelouses. Cet appareil, muni d&#039;une batterie lithium-ion robuste, assure une tonte autonome et efficace des surfaces allant jusqu&#039;\u00e0 3 000 m\u00b2. Gr\u00e2ce \u00e0 son syst\u00e8me Disc-Cut, \u00e9quip\u00e9 de trois lames \u00e0 rotation libre, il garantit une coupe pr\u00e9cise et nette de l&#039;herbe, tout en facilitant le mulching, une technique qui permet d&#039;utiliser l&#039;herbe coup\u00e9e comme engrais naturel.<br \/>\nM\u00eame sur des terrains avec une inclinaison allant jusqu&#039;\u00e0 45 %, le STIHL i MOW 6 EVO maintient une excellente performance. Avec un kit de mise \u00e0 niveau, il peut m\u00eame g\u00e9rer des pentes jusqu&#039;\u00e0 55 %. Les capteurs int\u00e9gr\u00e9s d\u00e9tectent les obstacles, permettant au robot de changer de direction de mani\u00e8re fluide et d&#039;ajuster sa vitesse pour une coupe pr\u00e9cise autour des objets.<br \/>\nLa simplicit\u00e9 d&#039;utilisation de ce robot est renforc\u00e9e par un panneau de commande intuitif, compl\u00e9t\u00e9 par une sortie vocale. Les utilisateurs peuvent surveiller l&#039;\u00e9tat de l&#039;appareil gr\u00e2ce \u00e0 une bande arri\u00e8re LED et des motifs lumineux sur le dessus du bo\u00eetier. La bande avant LED offre trois modes de feux de jour pour plus de personnalisation.<br \/>\nEn utilisant l&#039;application MY i MOW, vous pouvez g\u00e9rer votre robot tondeuse \u00e0 distance via des communications mobiles, Bluetooth\u00ae ou Wi-Fi. La hauteur de coupe peut \u00eatre ajust\u00e9e selon vos pr\u00e9f\u00e9rences, et des horaires de tonte peuvent \u00eatre programm\u00e9s dans un plan hebdomadaire. Un d\u00e9marrage manuel est \u00e9galement possible si n\u00e9cessaire.<br \/>\nEn mati\u00e8re de s\u00e9curit\u00e9, le STIHL i MOW 6 EVO est con\u00e7u pour d\u00e9clencher un signal d&#039;alarme sonore s&#039;il est d\u00e9plac\u00e9 hors de sa zone d\u00e9finie. Il verrouille ses fonctions de contr\u00f4le lorsqu&#039;il est hors de sa zone d&#039;accueil. Un capteur de pluie r\u00e9glable permet de d\u00e9cider si la tonte doit continuer en cas de pluie, ou si le robot doit s&#039;interrompre.<br \/>\nLa station d&#039;accueil sert \u00e0 la fois de base et de chargeur pour le robot. Pour l&#039;installation, un kit adapt\u00e9 \u00e0 la taille de votre jardin est n\u00e9cessaire. Le STIHL i MOW 6 EVO respecte toutes les normes de s\u00e9curit\u00e9 en vigueur, mais il est essentiel de tenir les enfants et les animaux \u00e0 l&#039;\u00e9cart lors de son fonctionnement. Pour des d\u00e9tails suppl\u00e9mentaires, veuillez consulter la notice d\u2019utilisation.<\/p>","protected":false},"excerpt":{"rendered":"<p>D\u00e9couvrez le robot tondeuse STIHL i MOW 6 EVO, une solution innovante pour un entretien de pelouse sans effort. Con\u00e7u pour couvrir jusqu&#039;\u00e0 3 000 m\u00b2, il offre une autonomie impressionnante de 150 minutes par charge. Dot\u00e9 d&#039;une matrice LED et de capacit\u00e9s de communication avanc\u00e9es via mobile, WLAN et Bluetooth, il assure une connectivit\u00e9 optimale. Profitez d&#039;une pelouse toujours impeccable gr\u00e2ce \u00e0 cet appareil de d\u00e9monstration neuf, alliant performance et technologie de pointe.<\/p>","protected":false},"featured_media":30505,"comment_status":"open","ping_status":"closed","template":"","meta":[],"product_brand":[],"product_cat":[385],"product_tag":[],"class_list":{"0":"post-6175","1":"product","2":"type-product","3":"status-publish","4":"has-post-thumbnail","6":"product_cat-robots-tondeuses","8":"first","9":"instock","10":"shipping-taxable","11":"purchasable","12":"product-type-simple"},"_links":{"self":[{"href":"https:\/\/sarlaujardin.com\/en\/wp-json\/wp\/v2\/product\/6175","targetHints":{"allow":["GET"]}}],"collection":[{"href":"https:\/\/sarlaujardin.com\/en\/wp-json\/wp\/v2\/product"}],"about":[{"href":"https:\/\/sarlaujardin.com\/en\/wp-json\/wp\/v2\/types\/product"}],"replies":[{"embeddable":true,"href":"https:\/\/sarlaujardin.com\/en\/wp-json\/wp\/v2\/comments?post=6175"}],"version-history":[{"count":1,"href":"https:\/\/sarlaujardin.com\/en\/wp-json\/wp\/v2\/product\/6175\/revisions"}],"predecessor-version":[{"id":30508,"href":"https:\/\/sarlaujardin.com\/en\/wp-json\/wp\/v2\/product\/6175\/revisions\/30508"}],"wp:featuredmedia":[{"embeddable":true,"href":"https:\/\/sarlaujardin.com\/en\/wp-json\/wp\/v2\/media\/30505"}],"wp:attachment":[{"href":"https:\/\/sarlaujardin.com\/en\/wp-json\/wp\/v2\/media?parent=6175"}],"wp:term":[{"taxonomy":"product_brand","embeddable":true,"href":"https:\/\/sarlaujardin.com\/en\/wp-json\/wp\/v2\/product_brand?post=6175"},{"taxonomy":"product_cat","embeddable":true,"href":"https:\/\/sarlaujardin.com\/en\/wp-json\/wp\/v2\/product_cat?post=6175"},{"taxonomy":"product_tag","embeddable":true,"href":"https:\/\/sarlaujardin.com\/en\/wp-json\/wp\/v2\/product_tag?post=6175"}],"curies":[{"name":"wp","href":"https:\/\/api.w.org\/{rel}","templated":true}]}}