{"id":6179,"date":"2025-06-07T21:11:23","date_gmt":"2025-06-07T21:11:23","guid":{"rendered":"https:\/\/sarlaujardin.com\/?post_type=product&#038;p=6179"},"modified":"2025-06-07T21:11:28","modified_gmt":"2025-06-07T21:11:28","slug":"robot-tondeuse-stihl-imow-6-appareil-de-demonstration-peu-utilise-neuf","status":"publish","type":"product","link":"https:\/\/sarlaujardin.com\/en\/product\/robot-tondeuse-stihl-imow-6-appareil-de-demonstration-peu-utilise-neuf\/","title":{"rendered":"Robot tondeuse STIHL iMOW 6 &#8211; appareil de d\u00e9monstration, peu utilis\u00e9-Neuf"},"content":{"rendered":"<p>Le robot tondeuse STIHL i MOW\u00ae 6 est un appareil de d\u00e9monstration qui a \u00e9t\u00e9 peu utilis\u00e9, offrant ainsi l&#039;apparence et la performance d&#039;un produit neuf. Bien que l&#039;emballage puisse pr\u00e9senter des signes de stockage ou ne pas \u00eatre d&#039;origine, l&#039;\u00e9tat technique de l&#039;appareil est irr\u00e9prochable. Il b\u00e9n\u00e9ficie de toutes les garanties habituelles, y compris le droit de r\u00e9tractation, et est disponible jusqu&#039;\u00e0 \u00e9puisement du stock.<br \/>\nCon\u00e7u pour entretenir les pelouses de mani\u00e8re autonome, ce robot est \u00e9quip\u00e9 d&#039;une batterie lithium-ion puissante qui lui permet de fonctionner sans interruption sur des surfaces allant jusqu&#039;\u00e0 3 000 m\u00b2. Le syst\u00e8me Disc-Cut avec ses trois lames \u00e0 rotation libre assure une coupe pr\u00e9cise gr\u00e2ce \u00e0 une vitesse de lame \u00e9lev\u00e9e. En mode mulching, l&#039;herbe est finement broy\u00e9e pour servir d&#039;engrais naturel \u00e0 votre pelouse.<br \/>\nLe STIHL i MOW\u00ae 6 est \u00e9galement performant sur les terrains en pente, supportant des inclinaisons jusqu&#039;\u00e0 40 %. Ses capteurs int\u00e9gr\u00e9s lui permettent de changer de direction en douceur lorsqu&#039;il rencontre un obstacle, garantissant une tonte respectueuse des objets environnants. Les capteurs \u00e0 ultrasons et l&#039;ajustement automatique de la vitesse permettent une approche pr\u00e9cise des obstacles et une tonte efficace m\u00eame dans les zones \u00e9troites.<br \/>\nPour une utilisation simplifi\u00e9e, le robot se contr\u00f4le ais\u00e9ment via un panneau commande intuitif comportant quelques boutons et une sortie vocale. L&#039;\u00e9tat de fonctionnement est indiqu\u00e9 par une bande LED arri\u00e8re, tandis que l&#039;\u00e9clairage LED avant propose trois modes diff\u00e9rents pour les feux de jour. L&#039;application MY i MOW\u00ae offre la possibilit\u00e9 de piloter \u00e0 distance le robot via Bluetooth\u00ae ou WLAN, permettant un ajustement personnalis\u00e9 de la hauteur de coupe et la planification d&#039;horaires hebdomadaires d&#039;activit\u00e9.<br \/>\nEn cas de pluie, le capteur int\u00e9gr\u00e9, r\u00e9glable individuellement, vous permet de choisir si le robot doit continuer \u00e0 tondre ou faire une pause. La station d&#039;accueil, qui sert \u00e9galement de base de chargement, est essentielle pour l&#039;installation et n\u00e9cessite un kit adapt\u00e9 \u00e0 la taille de votre jardin.<br \/>\nCe mod\u00e8le respecte toutes les normes de s\u00e9curit\u00e9 en vigueur. Cependant, il est important de maintenir \u00e0 distance les enfants, les animaux et les spectateurs lors des p\u00e9riodes d&#039;activit\u00e9 du robot. Pour une utilisation optimale, il est conseill\u00e9 de consulter la notice fournie.<\/p>","protected":false},"excerpt":{"rendered":"<p>Le robot tondeuse STIHL i MOW 6 assure une tonte parfaite jusqu&#039;\u00e0 3000 m\u00b2, m\u00eame sur des pentes allant jusqu&#039;\u00e0 40 %. Son r\u00e9glage \u00e9lectrique de la hauteur de coupe garantit une pelouse impeccable \u00e0 chaque utilisation. Contr\u00f4lez-le facilement gr\u00e2ce \u00e0 son application intuitive et sa compatibilit\u00e9 avec les syst\u00e8mes Smart Home. Ce mod\u00e8le de d\u00e9monstration, peu utilis\u00e9 et en \u00e9tat neuf, offre performance et technologie de pointe pour un jardin sans effort.<\/p>","protected":false},"featured_media":30509,"comment_status":"open","ping_status":"closed","template":"","meta":[],"product_brand":[],"product_cat":[385],"product_tag":[],"class_list":{"0":"post-6179","1":"product","2":"type-product","3":"status-publish","4":"has-post-thumbnail","6":"product_cat-robots-tondeuses","8":"first","9":"instock","10":"shipping-taxable","11":"purchasable","12":"product-type-simple"},"_links":{"self":[{"href":"https:\/\/sarlaujardin.com\/en\/wp-json\/wp\/v2\/product\/6179","targetHints":{"allow":["GET"]}}],"collection":[{"href":"https:\/\/sarlaujardin.com\/en\/wp-json\/wp\/v2\/product"}],"about":[{"href":"https:\/\/sarlaujardin.com\/en\/wp-json\/wp\/v2\/types\/product"}],"replies":[{"embeddable":true,"href":"https:\/\/sarlaujardin.com\/en\/wp-json\/wp\/v2\/comments?post=6179"}],"version-history":[{"count":1,"href":"https:\/\/sarlaujardin.com\/en\/wp-json\/wp\/v2\/product\/6179\/revisions"}],"predecessor-version":[{"id":30512,"href":"https:\/\/sarlaujardin.com\/en\/wp-json\/wp\/v2\/product\/6179\/revisions\/30512"}],"wp:featuredmedia":[{"embeddable":true,"href":"https:\/\/sarlaujardin.com\/en\/wp-json\/wp\/v2\/media\/30509"}],"wp:attachment":[{"href":"https:\/\/sarlaujardin.com\/en\/wp-json\/wp\/v2\/media?parent=6179"}],"wp:term":[{"taxonomy":"product_brand","embeddable":true,"href":"https:\/\/sarlaujardin.com\/en\/wp-json\/wp\/v2\/product_brand?post=6179"},{"taxonomy":"product_cat","embeddable":true,"href":"https:\/\/sarlaujardin.com\/en\/wp-json\/wp\/v2\/product_cat?post=6179"},{"taxonomy":"product_tag","embeddable":true,"href":"https:\/\/sarlaujardin.com\/en\/wp-json\/wp\/v2\/product_tag?post=6179"}],"curies":[{"name":"wp","href":"https:\/\/api.w.org\/{rel}","templated":true}]}}