{"id":6187,"date":"2025-06-07T21:11:33","date_gmt":"2025-06-07T21:11:33","guid":{"rendered":"https:\/\/sarlaujardin.com\/?post_type=product&#038;p=6187"},"modified":"2025-06-07T21:11:38","modified_gmt":"2025-06-07T21:11:38","slug":"robot-tondeuse-stihl-imow-7-evo-modele-2025-neuf","status":"publish","type":"product","link":"https:\/\/sarlaujardin.com\/en\/product\/robot-tondeuse-stihl-imow-7-evo-modele-2025-neuf\/","title":{"rendered":"Robot tondeuse STIHL iMOW 7 EVO &#8211; mod\u00e8le 2025-Neuf"},"content":{"rendered":"<p>Le Robot tondeuse STIHL i MOW 7 EVO &#8211; mod\u00e8le 2025-Neuf est con\u00e7u pour ceux qui recherchent une solution enti\u00e8rement automatis\u00e9e pour l&#039;entretien de grandes pelouses priv\u00e9es. \u00c9quip\u00e9 d&#039;une batterie lithium-ion puissante, ce mod\u00e8le utilise un syst\u00e8me Disc-Cut dot\u00e9 de trois lames oscillantes pour une coupe pr\u00e9cise \u00e0 grande vitesse.<br \/>\nAdapt\u00e9 aux terrains pentus, le i MOW 7 EVO est capable de g\u00e9rer des surfaces allant jusqu&#039;\u00e0 5 000 m\u00b2 avec une efficacit\u00e9 de 45 %, y compris sur des pentes. Un kit de mise \u00e0 niveau est disponible pour affronter des pentes jusqu\u2019\u00e0 55 %. Le robot paille l&#039;herbe coup\u00e9e, r\u00e9utilisant ainsi les r\u00e9sidus comme engrais naturel.<br \/>\nGr\u00e2ce \u00e0 une vari\u00e9t\u00e9 de capteurs, le robot i MOW 7 EVO contourne les obstacles en douceur et ajuste sa vitesse en fonction des conditions. Sa capacit\u00e9 \u00e0 tourner intelligemment lui permet de travailler efficacement m\u00eame dans les zones restreintes. Il adapte la vitesse de coupe sur terrains accident\u00e9s via des capteurs d&#039;inclinaison pour un r\u00e9sultat homog\u00e8ne.<br \/>\nLe panneau de commande simple, avec quelques boutons, facilite son utilisation, tandis que la sortie vocale assure un contr\u00f4le intuitif. L&#039;\u00e9tat du robot est facilement lisible gr\u00e2ce \u00e0 une bande LED arri\u00e8re et des motifs lumineux sur le bo\u00eetier. Trois modes d&#039;\u00e9clairage diurne sont disponibles via la bande LED avant.<br \/>\nLe STIHL i MOW 7 EVO peut \u00eatre contr\u00f4l\u00e9 \u00e0 distance gr\u00e2ce \u00e0 l&#039;application MY i MOW, accessible via Bluetooth, WLAN ou communication mobile. Cette application permet \u00e9galement de r\u00e9gler la hauteur de coupe selon plusieurs niveaux et de planifier des fen\u00eatres de tonte hebdomadaires. En cas de besoin, un d\u00e9marrage manuel est possible.<br \/>\nPour plus de s\u00e9curit\u00e9, un signal d&#039;alarme sonore se d\u00e9clenche si le robot est transport\u00e9 et s\u2019\u00e9teint automatiquement une fois repos\u00e9. Il verrouille ses fonctions lorsqu&#039;il est retir\u00e9 de sa zone d&#039;accueil. Un capteur de pluie ajustable permet de d\u00e9cider si la tonte doit \u00eatre interrompue par mauvais temps.<br \/>\nLa station d&#039;accueil sert \u00e0 la fois de base et de point de recharge. L&#039;installation n\u00e9cessite un kit adapt\u00e9 \u00e0 la taille du jardin. Conform\u00e9ment aux normes de s\u00e9curit\u00e9 en vigueur, il est important de maintenir enfants, spectateurs et animaux \u00e9loign\u00e9s lors de son fonctionnement. Pour des instructions d\u00e9taill\u00e9es, veuillez consulter le manuel d&#039;utilisation.<\/p>","protected":false},"excerpt":{"rendered":"<p>Le robot tondeuse STIHL i MOW 7 EVO &#8211; mod\u00e8le 2025 offre une tonte impeccable pour des surfaces allant jusqu&#039;\u00e0 5 000 m\u00b2. Capable de g\u00e9rer des pentes jusqu&#039;\u00e0 45 %, il assure une performance optimale m\u00eame sur les terrains les plus exigeants. \u00c9quip\u00e9 d&#039;une matrice LED et de technologies de communication avanc\u00e9es telles que le mobile, le WLAN et le Bluetooth, il permet une gestion \u00e0 distance et une flexibilit\u00e9 in\u00e9gal\u00e9e. Son design innovant et ses fonctionnalit\u00e9s intelligentes garantissent une pelouse parfaitement entretenue sans effort.<\/p>","protected":false},"featured_media":30517,"comment_status":"open","ping_status":"closed","template":"","meta":[],"product_brand":[],"product_cat":[385],"product_tag":[],"class_list":{"0":"post-6187","1":"product","2":"type-product","3":"status-publish","4":"has-post-thumbnail","6":"product_cat-robots-tondeuses","8":"first","9":"instock","10":"shipping-taxable","11":"purchasable","12":"product-type-simple"},"_links":{"self":[{"href":"https:\/\/sarlaujardin.com\/en\/wp-json\/wp\/v2\/product\/6187","targetHints":{"allow":["GET"]}}],"collection":[{"href":"https:\/\/sarlaujardin.com\/en\/wp-json\/wp\/v2\/product"}],"about":[{"href":"https:\/\/sarlaujardin.com\/en\/wp-json\/wp\/v2\/types\/product"}],"replies":[{"embeddable":true,"href":"https:\/\/sarlaujardin.com\/en\/wp-json\/wp\/v2\/comments?post=6187"}],"version-history":[{"count":1,"href":"https:\/\/sarlaujardin.com\/en\/wp-json\/wp\/v2\/product\/6187\/revisions"}],"predecessor-version":[{"id":30520,"href":"https:\/\/sarlaujardin.com\/en\/wp-json\/wp\/v2\/product\/6187\/revisions\/30520"}],"wp:featuredmedia":[{"embeddable":true,"href":"https:\/\/sarlaujardin.com\/en\/wp-json\/wp\/v2\/media\/30517"}],"wp:attachment":[{"href":"https:\/\/sarlaujardin.com\/en\/wp-json\/wp\/v2\/media?parent=6187"}],"wp:term":[{"taxonomy":"product_brand","embeddable":true,"href":"https:\/\/sarlaujardin.com\/en\/wp-json\/wp\/v2\/product_brand?post=6187"},{"taxonomy":"product_cat","embeddable":true,"href":"https:\/\/sarlaujardin.com\/en\/wp-json\/wp\/v2\/product_cat?post=6187"},{"taxonomy":"product_tag","embeddable":true,"href":"https:\/\/sarlaujardin.com\/en\/wp-json\/wp\/v2\/product_tag?post=6187"}],"curies":[{"name":"wp","href":"https:\/\/api.w.org\/{rel}","templated":true}]}}