{"id":6239,"date":"2025-06-07T21:13:01","date_gmt":"2025-06-07T21:13:01","guid":{"rendered":"https:\/\/sarlaujardin.com\/?post_type=product&#038;p=6239"},"modified":"2025-06-07T21:13:03","modified_gmt":"2025-06-07T21:13:03","slug":"husqvarna-automower-410xe-nera-avec-epos-rs1-et-epos-plug-in-modele-2025-neuf","status":"publish","type":"product","link":"https:\/\/sarlaujardin.com\/en\/product\/husqvarna-automower-410xe-nera-avec-epos-rs1-et-epos-plug-in-modele-2025-neuf\/","title":{"rendered":"Husqvarna Automower 410XE NERA avec EPOS RS1 et EPOS Plug-In &#8211; mod\u00e8le 2025-Neuf"},"content":{"rendered":"<p>Le Husqvarna Automower 410 XE NERA avec EPOS RS1 et EPOS Plug-In &#8211; mod\u00e8le 2025 est un robot tondeuse de pointe, con\u00e7u pour offrir une exp\u00e9rience de tonte optimale et sans effort. Avant sa livraison, ce produit b\u00e9n\u00e9ficie d&#039;une inspection de remise gratuite, conform\u00e9ment aux directives d&#039;Husqvarna, garantissant ainsi que le produit arrive chez vous assembl\u00e9 et pr\u00eat \u00e0 l&#039;emploi.<br \/>\nGr\u00e2ce \u00e0 sa libert\u00e9 de mouvement, cet Automower assure une tonte uniforme, donnant \u00e0 votre pelouse une apparence soign\u00e9e et homog\u00e8ne, semblable \u00e0 celle d&#039;un tapis. L&#039;utilisateur a la possibilit\u00e9 de personnaliser les r\u00e9glages via la commande d&#039;affichage pour adapter le fonctionnement de la tondeuse aux sp\u00e9cificit\u00e9s de chaque jardin.<br \/>\nL&#039;Automower 410 XE NERA est \u00e9quip\u00e9 d&#039;un syst\u00e8me intelligent qui lui permet de retourner automatiquement \u00e0 sa station de charge lorsque sa batterie est faible. Ce mod\u00e8le offre \u00e9galement la possibilit\u00e9 de poser jusqu&#039;\u00e0 deux c\u00e2bles de recherche, ce qui optimise les temps de recherche de la borne de recharge, particuli\u00e8rement utile dans les jardins de configuration complexe.<br \/>\nLa connectivit\u00e9 Bluetooth vous permet de contr\u00f4ler enti\u00e8rement votre robot tondeuse directement depuis votre smartphone. Cela facilite l&#039;ajustement de nombreux param\u00e8tres \u00e0 distance, sans effort. En outre, les passages \u00e9troits sont d\u00e9tect\u00e9s automatiquement, et le robot modifie sa trajectoire pour \u00e9viter les traces ind\u00e9sirables sur votre pelouse.<br \/>\nEn mati\u00e8re de s\u00e9curit\u00e9, ce mod\u00e8le se distingue par sa protection par code PIN individuel, dissuadant les tentatives de vol. Les outils de jardinage fonctionnant sur batterie, comme cet Automower, n\u00e9cessitent moins d&#039;entretien, ce qui r\u00e9duit les co\u00fbts de maintenance et les temps d&#039;arr\u00eat. Le mode Eco, quant \u00e0 lui, ajuste l&#039;alimentation \u00e9lectrique du c\u00e2ble p\u00e9riph\u00e9rique, r\u00e9duisant ainsi la consommation d&#039;\u00e9nergie lors de la charge.<br \/>\nLa s\u00e9curit\u00e9 est renforc\u00e9e gr\u00e2ce \u00e0 un capteur de levage qui stoppe la lame de tonte d\u00e8s que le robot est soulev\u00e9, et un capteur d&#039;inclinaison qui modifie le sens de d\u00e9placement si la pente maximale est d\u00e9pass\u00e9e. En cas de retournement, les moteurs sont imm\u00e9diatement arr\u00eat\u00e9s, garantissant une s\u00e9curit\u00e9 maximale.<br \/>\nToujours \u00e0 jour, l&#039;Automower r\u00e9duit progressivement les brins d&#039;herbe, laissant de petits fragments qui fertilisent naturellement la pelouse. Il est dot\u00e9 d&#039;une interface utilisateur moderne et intuitive, comprenant un bouton rotatif et un \u00e9cran haute r\u00e9solution, et offre une option d&#039;installation sans fil. Enfin, cet appareil peut \u00eatre \u00e9quip\u00e9 d&#039;accessoires intelligents, augmentant encore sa polyvalence et son efficacit\u00e9.<\/p>","protected":false},"excerpt":{"rendered":"<p>Optimisez votre pelouse avec le Husqvarna Automower 410 XE NERA, \u00e9quip\u00e9 du syst\u00e8me EPOS RS1 et du module Plug-In. Ce robot tondeuse, con\u00e7u pour les surfaces allant jusqu&#039;\u00e0 1 000 m\u00b2, assure une tonte pr\u00e9cise gr\u00e2ce \u00e0 ses 3 lames rotatives et un r\u00e9glage de hauteur \u00e9lectrique (20-60 mm). Sa batterie Li-ion et son syst\u00e8me de charge automatique garantissent une autonomie fiable. Dot\u00e9 d&#039;un moteur DC silencieux, il navigue de mani\u00e8re al\u00e9atoire et couvre jusqu&#039;\u00e0 90 m\u00b2 par heure. Profitez d&#039;une installation sans fil jusqu&#039;\u00e0 100 m avec un contr\u00f4le d&#039;affichage intuitif. S\u00e9curis\u00e9 par un code PIN, il offre une exp\u00e9rience de jardinage sans souci.<\/p>","protected":false},"featured_media":30569,"comment_status":"open","ping_status":"closed","template":"","meta":[],"product_brand":[],"product_cat":[385],"product_tag":[],"class_list":{"0":"post-6239","1":"product","2":"type-product","3":"status-publish","4":"has-post-thumbnail","6":"product_cat-robots-tondeuses","8":"first","9":"instock","10":"shipping-taxable","11":"purchasable","12":"product-type-simple"},"_links":{"self":[{"href":"https:\/\/sarlaujardin.com\/en\/wp-json\/wp\/v2\/product\/6239","targetHints":{"allow":["GET"]}}],"collection":[{"href":"https:\/\/sarlaujardin.com\/en\/wp-json\/wp\/v2\/product"}],"about":[{"href":"https:\/\/sarlaujardin.com\/en\/wp-json\/wp\/v2\/types\/product"}],"replies":[{"embeddable":true,"href":"https:\/\/sarlaujardin.com\/en\/wp-json\/wp\/v2\/comments?post=6239"}],"version-history":[{"count":1,"href":"https:\/\/sarlaujardin.com\/en\/wp-json\/wp\/v2\/product\/6239\/revisions"}],"predecessor-version":[{"id":30570,"href":"https:\/\/sarlaujardin.com\/en\/wp-json\/wp\/v2\/product\/6239\/revisions\/30570"}],"wp:featuredmedia":[{"embeddable":true,"href":"https:\/\/sarlaujardin.com\/en\/wp-json\/wp\/v2\/media\/30569"}],"wp:attachment":[{"href":"https:\/\/sarlaujardin.com\/en\/wp-json\/wp\/v2\/media?parent=6239"}],"wp:term":[{"taxonomy":"product_brand","embeddable":true,"href":"https:\/\/sarlaujardin.com\/en\/wp-json\/wp\/v2\/product_brand?post=6239"},{"taxonomy":"product_cat","embeddable":true,"href":"https:\/\/sarlaujardin.com\/en\/wp-json\/wp\/v2\/product_cat?post=6239"},{"taxonomy":"product_tag","embeddable":true,"href":"https:\/\/sarlaujardin.com\/en\/wp-json\/wp\/v2\/product_tag?post=6239"}],"curies":[{"name":"wp","href":"https:\/\/api.w.org\/{rel}","templated":true}]}}