{"id":6719,"date":"2025-06-08T02:33:03","date_gmt":"2025-06-08T02:33:03","guid":{"rendered":"https:\/\/sarlaujardin.com\/?post_type=product&#038;p=6719"},"modified":"2025-06-08T02:33:08","modified_gmt":"2025-06-08T02:33:08","slug":"tracteur-tondeuse-castelgarden-xdc-140-modele-2025-neuf","status":"publish","type":"product","link":"https:\/\/sarlaujardin.com\/en\/product\/tracteur-tondeuse-castelgarden-xdc-140-modele-2025-neuf\/","title":{"rendered":"Tracteur tondeuse Castelgarden XDC 140 &#8211; mod\u00e8le 2025-Neuf"},"content":{"rendered":"<p>Le Castelgarden XDC 140 HD appartient \u00e0 la classe des tracteurs de pelouse compacts et confortables et est id\u00e9al pour les jardins de taille moyenne. Ce qui en fait l&rsquo;un des favoris des propri\u00e9taires de jardins est simple : il dispose d&rsquo;un carter de coupe mince avec une largeur de coupe de seulement 84 cm et de deux lames synchronis\u00e9es. Deux couteaux fonctionnent toujours plus proprement qu\u2019un seul couteau. Cela signifie des performances comparables \u00e0 celles des tr\u00e8s gros tracteurs de pelouse et des dimensions qui passent \u00e0 travers presque toutes les portes de jardin. De plus, le Un kit de mulching, un \u0153illet de remorquage et un chargeur de batterie peuvent \u00eatre achet\u00e9s comme accessoires en option.nnnnnAvantagesnD\u00e9marrage facile du moteur \u00e0 l&rsquo;aide de la cl\u00e9 de contactnnettoyage facile de la tondeuse gr\u00e2ce \u00e0 l&#8217;embout lave-tondeusenKit mulching disponible en option : les coupures sont coup\u00e9es si finement qu&rsquo;elles peuvent rester sur la surface tondue comme engrais naturel et biologique. Particuli\u00e8rement avantageux en p\u00e9riode de forte croissance, car il n&rsquo;est pas n\u00e9cessaire de jeter les coupures.nLes roues de guidage sur le plateau de coupe emp\u00eachent les lames de toucher les terrains irr\u00e9guliers.nLe phare LED vous permet de travailler au cr\u00e9puscule ou dans des conditions de mauvaise visibilit\u00e9.nLe pare-chocs robuste fourni de s\u00e9rie prot\u00e8ge de mani\u00e8re fiable le capot du tracteur de pelousenLa conception OHV du moteur offre plus de puissance par cm\u00b3 de cylindr\u00e9e et un moteur plus frais et plus propre pour une longue dur\u00e9e de vie avec une consommation inf\u00e9rieure en m\u00eame temps.nLes pneus avec bande de roulement pour gazon prot\u00e8gent la pelouse tout en offrant une bonne traction<\/p>","protected":false},"excerpt":{"rendered":"<p>Optimisez votre pelouse avec le tracteur tondeuse Castelgarden XDC 140, mod\u00e8le 2025. Dot\u00e9 d&#039;un puissant moteur Castelgarden St 350 de 11,5 ch, ce tracteur offre une performance exceptionnelle avec une largeur de coupe de 84 cm et une capacit\u00e9 de collecte de 240 litres. Sa transmission \u00e0 vitesse infiniment variable et son rayon de braquage de 180 cm assurent une maniabilit\u00e9 sans effort sur une surface maximale de 3700 m\u00b2. Les pneus robustes et le d\u00e9marrage \u00e9lectrique garantissent une utilisation efficace et confortable. Con\u00e7u pour fonctionner \u00e0 l&#039;essence, ce mod\u00e8le est \u00e9quip\u00e9 d&#039;une prise en marche arri\u00e8re et d&#039;un syst\u00e8me de refroidissement \u00e0 l&#039;air, offrant une exp\u00e9rience de tonte fluide et fiable.<\/p>","protected":false},"featured_media":31076,"comment_status":"open","ping_status":"closed","template":"","meta":[],"product_brand":[],"product_cat":[386],"product_tag":[],"class_list":{"0":"post-6719","1":"product","2":"type-product","3":"status-publish","4":"has-post-thumbnail","6":"product_cat-tracteurs-de-pelouse","8":"first","9":"instock","10":"shipping-taxable","11":"purchasable","12":"product-type-simple"},"_links":{"self":[{"href":"https:\/\/sarlaujardin.com\/en\/wp-json\/wp\/v2\/product\/6719","targetHints":{"allow":["GET"]}}],"collection":[{"href":"https:\/\/sarlaujardin.com\/en\/wp-json\/wp\/v2\/product"}],"about":[{"href":"https:\/\/sarlaujardin.com\/en\/wp-json\/wp\/v2\/types\/product"}],"replies":[{"embeddable":true,"href":"https:\/\/sarlaujardin.com\/en\/wp-json\/wp\/v2\/comments?post=6719"}],"version-history":[{"count":1,"href":"https:\/\/sarlaujardin.com\/en\/wp-json\/wp\/v2\/product\/6719\/revisions"}],"predecessor-version":[{"id":31079,"href":"https:\/\/sarlaujardin.com\/en\/wp-json\/wp\/v2\/product\/6719\/revisions\/31079"}],"wp:featuredmedia":[{"embeddable":true,"href":"https:\/\/sarlaujardin.com\/en\/wp-json\/wp\/v2\/media\/31076"}],"wp:attachment":[{"href":"https:\/\/sarlaujardin.com\/en\/wp-json\/wp\/v2\/media?parent=6719"}],"wp:term":[{"taxonomy":"product_brand","embeddable":true,"href":"https:\/\/sarlaujardin.com\/en\/wp-json\/wp\/v2\/product_brand?post=6719"},{"taxonomy":"product_cat","embeddable":true,"href":"https:\/\/sarlaujardin.com\/en\/wp-json\/wp\/v2\/product_cat?post=6719"},{"taxonomy":"product_tag","embeddable":true,"href":"https:\/\/sarlaujardin.com\/en\/wp-json\/wp\/v2\/product_tag?post=6719"}],"curies":[{"name":"wp","href":"https:\/\/api.w.org\/{rel}","templated":true}]}}